{"id":3419,"date":"2024-09-23T08:18:08","date_gmt":"2024-09-23T08:18:08","guid":{"rendered":"https:\/\/www.purepack.nl\/?post_type=product&#038;p=3419"},"modified":"2025-03-06T09:35:16","modified_gmt":"2025-03-06T09:35:16","slug":"new-generation-wit-305-10-x-405-cm-large-3","status":"publish","type":"product","link":"https:\/\/www.purepack.nl\/da\/product\/new-generation-wit-305-10-x-405-cm-large-3\/","title":{"rendered":"Ny generation brun"},"content":{"rendered":"<p>Produkt: B\u00e6retaske.<br \/>\nFarve: Brun.<br \/>\n<strong>F\u00e5s pr. 100 stk.<\/strong><\/p>","protected":false},"excerpt":{"rendered":"<p>Materiale: 100% Bomuldsaffald med gr\u00e6sfibre.<br \/>\nSpecifikationer: Jutesnor<br \/>\nMinimumsbestilling: En kasse.<br \/>\nDuurzaamheid: Boomvrij, gemaakt van afval en gras.<br \/>\nEigen ontwerp: vanaf 5.000 stuks.<\/p>\n<p>PurePack leverer b\u00e5de specialfremstillede og standardl\u00f8sninger. S\u00e5 hvis du ikke finder en passende l\u00f8sning i vores webshop, bedes du kontakte os for et skr\u00e6ddersyet tilbud via <a href=\"https:\/\/www.purepack.nl\/wp-admin\/edit-tags.php?taxonomy=product_cat&amp;post_type=product#link-popup\"> dette formular <\/a> eller send en e-mail til <a href=\"mailto:info@purepack.nl\"> info@purepack.nl <\/a> og vi vil sammen finde en passende l\u00f8sning.<\/p>","protected":false},"featured_media":3404,"comment_status":"open","ping_status":"closed","template":"","meta":{"_acf_changed":false},"product_brand":[],"product_cat":[125],"product_tag":[],"class_list":{"0":"post-3419","1":"product","2":"type-product","3":"status-publish","4":"has-post-thumbnail","6":"product_cat-papieren-tassen","7":"product_shipping_class-100pcs","9":"first","10":"instock","11":"taxable","12":"shipping-taxable","13":"purchasable","14":"product-type-variable"},"acf":[],"yoast_head":"<!-- This site is optimized with the Yoast SEO plugin v26.5 - https:\/\/yoast.com\/wordpress\/plugins\/seo\/ -->\n<title>New Generation Bruin - PurePack<\/title>\n<meta name=\"description\" content=\"De bruine draagtassen van de lijn ZEROTREE zijn circulaire producten. Ze zijn gemaakt van katoenafval uit de jeans industrie en van grasvezels.\" \/>\n<meta name=\"robots\" content=\"index, follow, max-snippet:-1, max-image-preview:large, max-video-preview:-1\" \/>\n<link rel=\"canonical\" href=\"https:\/\/www.purepack.nl\/da\/product\/new-generation-wit-305-10-x-405-cm-large-3\/\" \/>\n<meta property=\"og:locale\" content=\"da_DK\" \/>\n<meta property=\"og:type\" content=\"article\" \/>\n<meta property=\"og:title\" content=\"New Generation Bruin - PurePack\" \/>\n<meta property=\"og:description\" content=\"De bruine draagtassen van de lijn ZEROTREE zijn circulaire producten. Ze zijn gemaakt van katoenafval uit de jeans industrie en van grasvezels.\" \/>\n<meta property=\"og:url\" content=\"https:\/\/www.purepack.nl\/da\/product\/new-generation-wit-305-10-x-405-cm-large-3\/\" \/>\n<meta property=\"og:site_name\" content=\"PurePack\" \/>\n<meta property=\"article:publisher\" content=\"https:\/\/www.facebook.com\/p\/purepacknl-100054220551291\/?_rdr\" \/>\n<meta property=\"article:modified_time\" content=\"2025-03-06T09:35:16+00:00\" \/>\n<meta property=\"og:image\" content=\"https:\/\/www.purepack.nl\/wp-content\/uploads\/2024\/09\/ZGL004-5-6.webp\" \/>\n\t<meta property=\"og:image:width\" content=\"1920\" \/>\n\t<meta property=\"og:image:height\" content=\"1322\" \/>\n\t<meta property=\"og:image:type\" content=\"image\/webp\" \/>\n<meta name=\"twitter:card\" content=\"summary_large_image\" \/>\n<meta name=\"twitter:label1\" content=\"Estimeret l\u00e6setid\" \/>\n\t<meta name=\"twitter:data1\" content=\"1 minut\" \/>\n<script type=\"application\/ld+json\" class=\"yoast-schema-graph\">{\"@context\":\"https:\/\/schema.org\",\"@graph\":[{\"@type\":\"WebPage\",\"@id\":\"https:\/\/www.purepack.nl\/product\/new-generation-bruin\/\",\"url\":\"https:\/\/www.purepack.nl\/product\/new-generation-bruin\/\",\"name\":\"New Generation Bruin - PurePack\",\"isPartOf\":{\"@id\":\"https:\/\/www.purepack.nl\/nl_nl\/#website\"},\"primaryImageOfPage\":{\"@id\":\"https:\/\/www.purepack.nl\/product\/new-generation-bruin\/#primaryimage\"},\"image\":{\"@id\":\"https:\/\/www.purepack.nl\/product\/new-generation-bruin\/#primaryimage\"},\"thumbnailUrl\":\"https:\/\/www.purepack.nl\/wp-content\/uploads\/2024\/09\/ZGL004-5-6.webp\",\"datePublished\":\"2024-09-23T08:18:08+00:00\",\"dateModified\":\"2025-03-06T09:35:16+00:00\",\"description\":\"De bruine draagtassen van de lijn ZEROTREE zijn circulaire producten. Ze zijn gemaakt van katoenafval uit de jeans industrie en van grasvezels.\",\"breadcrumb\":{\"@id\":\"https:\/\/www.purepack.nl\/product\/new-generation-bruin\/#breadcrumb\"},\"inLanguage\":\"da-DK\",\"potentialAction\":[{\"@type\":\"ReadAction\",\"target\":[\"https:\/\/www.purepack.nl\/product\/new-generation-bruin\/\"]}]},{\"@type\":\"ImageObject\",\"inLanguage\":\"da-DK\",\"@id\":\"https:\/\/www.purepack.nl\/product\/new-generation-bruin\/#primaryimage\",\"url\":\"https:\/\/www.purepack.nl\/wp-content\/uploads\/2024\/09\/ZGL004-5-6.webp\",\"contentUrl\":\"https:\/\/www.purepack.nl\/wp-content\/uploads\/2024\/09\/ZGL004-5-6.webp\",\"width\":1920,\"height\":1322,\"caption\":\"Bruine duurzame tassen verschillende maten.\"},{\"@type\":\"BreadcrumbList\",\"@id\":\"https:\/\/www.purepack.nl\/product\/new-generation-bruin\/#breadcrumb\",\"itemListElement\":[{\"@type\":\"ListItem\",\"position\":1,\"name\":\"Home\",\"item\":\"https:\/\/www.purepack.nl\/\"},{\"@type\":\"ListItem\",\"position\":2,\"name\":\"Winkel\",\"item\":\"https:\/\/www.purepack.nl\/webshop\/\"},{\"@type\":\"ListItem\",\"position\":3,\"name\":\"New Generation Bruin\"}]},{\"@type\":\"WebSite\",\"@id\":\"https:\/\/www.purepack.nl\/nl_nl\/#website\",\"url\":\"https:\/\/www.purepack.nl\/nl_nl\/\",\"name\":\"PurePack\",\"description\":\"De toekomstbestendige samenwerkingspartner voor verpakkingen\",\"publisher\":{\"@id\":\"https:\/\/www.purepack.nl\/nl_nl\/#organization\"},\"potentialAction\":[{\"@type\":\"SearchAction\",\"target\":{\"@type\":\"EntryPoint\",\"urlTemplate\":\"https:\/\/www.purepack.nl\/nl_nl\/?s={search_term_string}\"},\"query-input\":{\"@type\":\"PropertyValueSpecification\",\"valueRequired\":true,\"valueName\":\"search_term_string\"}}],\"inLanguage\":\"da-DK\"},{\"@type\":\"Organization\",\"@id\":\"https:\/\/www.purepack.nl\/nl_nl\/#organization\",\"name\":\"PurePack\",\"url\":\"https:\/\/www.purepack.nl\/nl_nl\/\",\"logo\":{\"@type\":\"ImageObject\",\"inLanguage\":\"da-DK\",\"@id\":\"https:\/\/www.purepack.nl\/nl_nl\/#\/schema\/logo\/image\/\",\"url\":\"https:\/\/www.purepack.nl\/wp-content\/uploads\/2023\/12\/LOGO.webp\",\"contentUrl\":\"https:\/\/www.purepack.nl\/wp-content\/uploads\/2023\/12\/LOGO.webp\",\"width\":394,\"height\":96,\"caption\":\"PurePack\"},\"image\":{\"@id\":\"https:\/\/www.purepack.nl\/nl_nl\/#\/schema\/logo\/image\/\"},\"sameAs\":[\"https:\/\/www.facebook.com\/p\/purepacknl-100054220551291\/?_rdr\",\"https:\/\/nl.linkedin.com\/company\/purepack\",\"https:\/\/www.instagram.com\/purepack.nl\/\"]}]}<\/script>\n<!-- \/ Yoast SEO plugin. -->","yoast_head_json":{"title":"Ny generation brun - PurePack","description":"De brune b\u00e6reposer i ZEROTREE-serien er cirkul\u00e6re produkter. De er fremstillet af bomuldsaffald fra jeansindustrien og gr\u00e6sfibre.","robots":{"index":"index","follow":"follow","max-snippet":"max-snippet:-1","max-image-preview":"max-image-preview:large","max-video-preview":"max-video-preview:-1"},"canonical":"https:\/\/www.purepack.nl\/da\/product\/new-generation-wit-305-10-x-405-cm-large-3\/","og_locale":"da_DK","og_type":"article","og_title":"New Generation Bruin - PurePack","og_description":"De bruine draagtassen van de lijn ZEROTREE zijn circulaire producten. Ze zijn gemaakt van katoenafval uit de jeans industrie en van grasvezels.","og_url":"https:\/\/www.purepack.nl\/da\/product\/new-generation-wit-305-10-x-405-cm-large-3\/","og_site_name":"PurePack","article_publisher":"https:\/\/www.facebook.com\/p\/purepacknl-100054220551291\/?_rdr","article_modified_time":"2025-03-06T09:35:16+00:00","og_image":[{"width":1920,"height":1322,"url":"https:\/\/www.purepack.nl\/wp-content\/uploads\/2024\/09\/ZGL004-5-6.webp","type":"image\/webp"}],"twitter_card":"summary_large_image","twitter_misc":{"Estimeret l\u00e6setid":"1 minut"},"schema":{"@context":"https:\/\/schema.org","@graph":[{"@type":"WebPage","@id":"https:\/\/www.purepack.nl\/product\/new-generation-bruin\/","url":"https:\/\/www.purepack.nl\/product\/new-generation-bruin\/","name":"Ny generation brun - PurePack","isPartOf":{"@id":"https:\/\/www.purepack.nl\/nl_nl\/#website"},"primaryImageOfPage":{"@id":"https:\/\/www.purepack.nl\/product\/new-generation-bruin\/#primaryimage"},"image":{"@id":"https:\/\/www.purepack.nl\/product\/new-generation-bruin\/#primaryimage"},"thumbnailUrl":"https:\/\/www.purepack.nl\/wp-content\/uploads\/2024\/09\/ZGL004-5-6.webp","datePublished":"2024-09-23T08:18:08+00:00","dateModified":"2025-03-06T09:35:16+00:00","description":"De brune b\u00e6reposer i ZEROTREE-serien er cirkul\u00e6re produkter. De er fremstillet af bomuldsaffald fra jeansindustrien og gr\u00e6sfibre.","breadcrumb":{"@id":"https:\/\/www.purepack.nl\/product\/new-generation-bruin\/#breadcrumb"},"inLanguage":"da-DK","potentialAction":[{"@type":"ReadAction","target":["https:\/\/www.purepack.nl\/product\/new-generation-bruin\/"]}]},{"@type":"ImageObject","inLanguage":"da-DK","@id":"https:\/\/www.purepack.nl\/product\/new-generation-bruin\/#primaryimage","url":"https:\/\/www.purepack.nl\/wp-content\/uploads\/2024\/09\/ZGL004-5-6.webp","contentUrl":"https:\/\/www.purepack.nl\/wp-content\/uploads\/2024\/09\/ZGL004-5-6.webp","width":1920,"height":1322,"caption":"Bruine duurzame tassen verschillende maten."},{"@type":"BreadcrumbList","@id":"https:\/\/www.purepack.nl\/product\/new-generation-bruin\/#breadcrumb","itemListElement":[{"@type":"ListItem","position":1,"name":"Home","item":"https:\/\/www.purepack.nl\/"},{"@type":"ListItem","position":2,"name":"Winkel","item":"https:\/\/www.purepack.nl\/webshop\/"},{"@type":"ListItem","position":3,"name":"New Generation Bruin"}]},{"@type":"WebSite","@id":"https:\/\/www.purepack.nl\/nl_nl\/#website","url":"https:\/\/www.purepack.nl\/nl_nl\/","name":"PurePack,","description":"De toekomstbestendige samenwerkingspartner voor verpakkingen","publisher":{"@id":"https:\/\/www.purepack.nl\/nl_nl\/#organization"},"potentialAction":[{"@type":"SearchAction","target":{"@type":"EntryPoint","urlTemplate":"https:\/\/www.purepack.nl\/nl_nl\/?s={search_term_string}"},"query-input":{"@type":"PropertyValueSpecification","valueRequired":true,"valueName":"search_term_string"}}],"inLanguage":"da-DK"},{"@type":"Organization","@id":"https:\/\/www.purepack.nl\/nl_nl\/#organization","name":"PurePack,","url":"https:\/\/www.purepack.nl\/nl_nl\/","logo":{"@type":"ImageObject","inLanguage":"da-DK","@id":"https:\/\/www.purepack.nl\/nl_nl\/#\/schema\/logo\/image\/","url":"https:\/\/www.purepack.nl\/wp-content\/uploads\/2023\/12\/LOGO.webp","contentUrl":"https:\/\/www.purepack.nl\/wp-content\/uploads\/2023\/12\/LOGO.webp","width":394,"height":96,"caption":"PurePack"},"image":{"@id":"https:\/\/www.purepack.nl\/nl_nl\/#\/schema\/logo\/image\/"},"sameAs":["https:\/\/www.facebook.com\/p\/purepacknl-100054220551291\/?_rdr","https:\/\/nl.linkedin.com\/company\/purepack","https:\/\/www.instagram.com\/purepack.nl\/"]}]}},"_links":{"self":[{"href":"https:\/\/www.purepack.nl\/da\/wp-json\/wp\/v2\/product\/3419","targetHints":{"allow":["GET"]}}],"collection":[{"href":"https:\/\/www.purepack.nl\/da\/wp-json\/wp\/v2\/product"}],"about":[{"href":"https:\/\/www.purepack.nl\/da\/wp-json\/wp\/v2\/types\/product"}],"replies":[{"embeddable":true,"href":"https:\/\/www.purepack.nl\/da\/wp-json\/wp\/v2\/comments?post=3419"}],"wp:featuredmedia":[{"embeddable":true,"href":"https:\/\/www.purepack.nl\/da\/wp-json\/wp\/v2\/media\/3404"}],"wp:attachment":[{"href":"https:\/\/www.purepack.nl\/da\/wp-json\/wp\/v2\/media?parent=3419"}],"wp:term":[{"taxonomy":"product_brand","embeddable":true,"href":"https:\/\/www.purepack.nl\/da\/wp-json\/wp\/v2\/product_brand?post=3419"},{"taxonomy":"product_cat","embeddable":true,"href":"https:\/\/www.purepack.nl\/da\/wp-json\/wp\/v2\/product_cat?post=3419"},{"taxonomy":"product_tag","embeddable":true,"href":"https:\/\/www.purepack.nl\/da\/wp-json\/wp\/v2\/product_tag?post=3419"}],"curies":[{"name":"wp","href":"https:\/\/api.w.org\/{rel}","templated":true}]}}