{"id":2531,"date":"2024-07-08T09:14:26","date_gmt":"2024-07-08T09:14:26","guid":{"rendered":"https:\/\/www.purepack.nl\/product\/vlaggetjes-sustainable-development-goals-buiten\/"},"modified":"2025-03-06T09:34:47","modified_gmt":"2025-03-06T09:34:47","slug":"flags-mal-for-baeredygtig-udvikling-uden-for","status":"publish","type":"product","link":"https:\/\/www.purepack.nl\/da\/product\/flags-mal-for-baeredygtig-udvikling-uden-for\/","title":{"rendered":"Flag Verdensm\u00e5lene for b\u00e6redygtig udvikling - udend\u00f8rs"},"content":{"rendered":"<p>Produkt: Udend\u00f8rs flag.<br \/>\nSt\u00f8rrelse: 5 meter lang, hvert flag er i A5-st\u00f8rrelse.<\/p>\n<p>&nbsp;<\/p>","protected":false},"excerpt":{"rendered":"<p>Specifikationer: Trykt p\u00e5 1 side, 18 flag.<br \/>\nMateriale: Genbrugsplast.<br \/>\nLeveringstid: 2-3 uger i \u00f8jeblikket.<\/p>\n<h3 class=\"product-details-module__title ec-header-h6 details-product-price-wholesale__title\">K\u00f8b mere, spar mere<\/h3>\n<div class=\"product-details-module__content product-details-module__content--indented\">\n<div class=\"details-product-price-wholesale__container\">\n<table class=\"details-product-price-wholesale__table\">\n<thead>\n<tr class=\"details-product-wholesale__header\">\n<td class=\"details-product-wholesale__column details-product-wholesale__column--qty\">M\u00e6ngde<\/td>\n<td class=\"details-product-wholesale__column details-product-wholesale__column--price\">Pris pr. vare<\/td>\n<td class=\"details-product-wholesale__column details-product-wholesale__column--discount\">Rabat<\/td>\n<\/tr>\n<\/thead>\n<tbody>\n<tr class=\"details-product-wholesale__row\">\n<td class=\"details-product-wholesale__column details-product-wholesale__column--qty\">5 genstande<\/td>\n<td class=\"details-product-wholesale__column details-product-wholesale__column--price\"><span class=\"details-product__wholesale-price notranslate\">\u20ac19.60<\/span><\/td>\n<td class=\"details-product-wholesale__column details-product-wholesale__column--discount\"><span class=\"details-product__wholesale-off ec-text-muted\">13% rabat<\/span><\/td>\n<\/tr>\n<tr class=\"details-product-wholesale__row\">\n<td class=\"details-product-wholesale__column details-product-wholesale__column--qty\">10 genstande<\/td>\n<td class=\"details-product-wholesale__column details-product-wholesale__column--price\"><span class=\"details-product__wholesale-price notranslate\">\u20ac17<\/span><\/td>\n<td class=\"details-product-wholesale__column details-product-wholesale__column--discount\"><span class=\"details-product__wholesale-off ec-text-muted\">24% rabat<\/span><\/td>\n<\/tr>\n<\/tbody>\n<\/table>\n<\/div>\n<\/div>","protected":false},"featured_media":2606,"comment_status":"open","ping_status":"closed","template":"","meta":{"_acf_changed":false},"product_brand":[],"product_cat":[83],"product_tag":[],"class_list":{"0":"post-2531","1":"product","2":"type-product","3":"status-publish","4":"has-post-thumbnail","6":"product_cat-sustainable-development-goals-producten","7":"product_shipping_class-sdg","9":"first","10":"instock","11":"taxable","12":"shipping-taxable","13":"purchasable","14":"product-type-simple"},"acf":[],"yoast_head":"<!-- This site is optimized with the Yoast SEO plugin v26.5 - https:\/\/yoast.com\/wordpress\/plugins\/seo\/ -->\n<title>Vlaggetjes Sustainable Development Goals - Buiten - PurePack<\/title>\n<meta name=\"description\" content=\"Vlaggetjes voor buiten, 5 meter lang, elke vlag is A5 formaat, met Sustainable Development Goals print. Ter promotie van de duurzame mindset van uw bedrijf.\" \/>\n<meta name=\"robots\" content=\"index, follow, max-snippet:-1, max-image-preview:large, max-video-preview:-1\" \/>\n<link rel=\"canonical\" href=\"https:\/\/www.purepack.nl\/da\/product\/flags-mal-for-baeredygtig-udvikling-uden-for\/\" \/>\n<meta property=\"og:locale\" content=\"da_DK\" \/>\n<meta property=\"og:type\" content=\"article\" \/>\n<meta property=\"og:title\" content=\"Vlaggetjes Sustainable Development Goals - Buiten - PurePack\" \/>\n<meta property=\"og:description\" content=\"Vlaggetjes voor buiten, 5 meter lang, elke vlag is A5 formaat, met Sustainable Development Goals print. Ter promotie van de duurzame mindset van uw bedrijf.\" \/>\n<meta property=\"og:url\" content=\"https:\/\/www.purepack.nl\/da\/product\/flags-mal-for-baeredygtig-udvikling-uden-for\/\" \/>\n<meta property=\"og:site_name\" content=\"PurePack\" \/>\n<meta property=\"article:publisher\" content=\"https:\/\/www.facebook.com\/p\/purepacknl-100054220551291\/?_rdr\" \/>\n<meta property=\"article:modified_time\" content=\"2025-03-06T09:34:47+00:00\" \/>\n<meta property=\"og:image\" content=\"https:\/\/www.purepack.nl\/wp-content\/uploads\/2024\/07\/SDG-vlaggetjes-buiten.webp\" \/>\n\t<meta property=\"og:image:width\" content=\"400\" \/>\n\t<meta property=\"og:image:height\" content=\"400\" \/>\n\t<meta property=\"og:image:type\" content=\"image\/webp\" \/>\n<meta name=\"twitter:card\" content=\"summary_large_image\" \/>\n<meta name=\"twitter:label1\" content=\"Estimeret l\u00e6setid\" \/>\n\t<meta name=\"twitter:data1\" content=\"1 minut\" \/>\n<script type=\"application\/ld+json\" class=\"yoast-schema-graph\">{\"@context\":\"https:\/\/schema.org\",\"@graph\":[{\"@type\":\"WebPage\",\"@id\":\"https:\/\/www.purepack.nl\/product\/vlaggetjes-sustainable-development-goals-buiten\/\",\"url\":\"https:\/\/www.purepack.nl\/product\/vlaggetjes-sustainable-development-goals-buiten\/\",\"name\":\"Vlaggetjes Sustainable Development Goals - Buiten - PurePack\",\"isPartOf\":{\"@id\":\"https:\/\/www.purepack.nl\/nl_nl\/#website\"},\"primaryImageOfPage\":{\"@id\":\"https:\/\/www.purepack.nl\/product\/vlaggetjes-sustainable-development-goals-buiten\/#primaryimage\"},\"image\":{\"@id\":\"https:\/\/www.purepack.nl\/product\/vlaggetjes-sustainable-development-goals-buiten\/#primaryimage\"},\"thumbnailUrl\":\"https:\/\/www.purepack.nl\/wp-content\/uploads\/2024\/07\/SDG-vlaggetjes-buiten.webp\",\"datePublished\":\"2024-07-08T09:14:26+00:00\",\"dateModified\":\"2025-03-06T09:34:47+00:00\",\"description\":\"Vlaggetjes voor buiten, 5 meter lang, elke vlag is A5 formaat, met Sustainable Development Goals print. Ter promotie van de duurzame mindset van uw bedrijf.\",\"breadcrumb\":{\"@id\":\"https:\/\/www.purepack.nl\/product\/vlaggetjes-sustainable-development-goals-buiten\/#breadcrumb\"},\"inLanguage\":\"da-DK\",\"potentialAction\":[{\"@type\":\"ReadAction\",\"target\":[\"https:\/\/www.purepack.nl\/product\/vlaggetjes-sustainable-development-goals-buiten\/\"]}]},{\"@type\":\"ImageObject\",\"inLanguage\":\"da-DK\",\"@id\":\"https:\/\/www.purepack.nl\/product\/vlaggetjes-sustainable-development-goals-buiten\/#primaryimage\",\"url\":\"https:\/\/www.purepack.nl\/wp-content\/uploads\/2024\/07\/SDG-vlaggetjes-buiten.webp\",\"contentUrl\":\"https:\/\/www.purepack.nl\/wp-content\/uploads\/2024\/07\/SDG-vlaggetjes-buiten.webp\",\"width\":400,\"height\":400,\"caption\":\"vlaggetjes SDG\"},{\"@type\":\"BreadcrumbList\",\"@id\":\"https:\/\/www.purepack.nl\/product\/vlaggetjes-sustainable-development-goals-buiten\/#breadcrumb\",\"itemListElement\":[{\"@type\":\"ListItem\",\"position\":1,\"name\":\"Home\",\"item\":\"https:\/\/www.purepack.nl\/\"},{\"@type\":\"ListItem\",\"position\":2,\"name\":\"Winkel\",\"item\":\"https:\/\/www.purepack.nl\/webshop\/\"},{\"@type\":\"ListItem\",\"position\":3,\"name\":\"Vlaggetjes Sustainable Development Goals &#8211; Buiten\"}]},{\"@type\":\"WebSite\",\"@id\":\"https:\/\/www.purepack.nl\/nl_nl\/#website\",\"url\":\"https:\/\/www.purepack.nl\/nl_nl\/\",\"name\":\"PurePack\",\"description\":\"De toekomstbestendige samenwerkingspartner voor verpakkingen\",\"publisher\":{\"@id\":\"https:\/\/www.purepack.nl\/nl_nl\/#organization\"},\"potentialAction\":[{\"@type\":\"SearchAction\",\"target\":{\"@type\":\"EntryPoint\",\"urlTemplate\":\"https:\/\/www.purepack.nl\/nl_nl\/?s={search_term_string}\"},\"query-input\":{\"@type\":\"PropertyValueSpecification\",\"valueRequired\":true,\"valueName\":\"search_term_string\"}}],\"inLanguage\":\"da-DK\"},{\"@type\":\"Organization\",\"@id\":\"https:\/\/www.purepack.nl\/nl_nl\/#organization\",\"name\":\"PurePack\",\"url\":\"https:\/\/www.purepack.nl\/nl_nl\/\",\"logo\":{\"@type\":\"ImageObject\",\"inLanguage\":\"da-DK\",\"@id\":\"https:\/\/www.purepack.nl\/nl_nl\/#\/schema\/logo\/image\/\",\"url\":\"https:\/\/www.purepack.nl\/wp-content\/uploads\/2023\/12\/LOGO.webp\",\"contentUrl\":\"https:\/\/www.purepack.nl\/wp-content\/uploads\/2023\/12\/LOGO.webp\",\"width\":394,\"height\":96,\"caption\":\"PurePack\"},\"image\":{\"@id\":\"https:\/\/www.purepack.nl\/nl_nl\/#\/schema\/logo\/image\/\"},\"sameAs\":[\"https:\/\/www.facebook.com\/p\/purepacknl-100054220551291\/?_rdr\",\"https:\/\/nl.linkedin.com\/company\/purepack\",\"https:\/\/www.instagram.com\/purepack.nl\/\"]}]}<\/script>\n<!-- \/ Yoast SEO plugin. -->","yoast_head_json":{"title":"Flag for verdensm\u00e5lene for b\u00e6redygtig udvikling - Udend\u00f8rs - PurePack","description":"Udend\u00f8rsflag, 5 meter lange, hvert flag er i A5-st\u00f8rrelse, med print af Sustainable Development Goals. For at fremme din virksomheds b\u00e6redygtige tankegang.","robots":{"index":"index","follow":"follow","max-snippet":"max-snippet:-1","max-image-preview":"max-image-preview:large","max-video-preview":"max-video-preview:-1"},"canonical":"https:\/\/www.purepack.nl\/da\/product\/flags-mal-for-baeredygtig-udvikling-uden-for\/","og_locale":"da_DK","og_type":"article","og_title":"Vlaggetjes Sustainable Development Goals - Buiten - PurePack","og_description":"Vlaggetjes voor buiten, 5 meter lang, elke vlag is A5 formaat, met Sustainable Development Goals print. Ter promotie van de duurzame mindset van uw bedrijf.","og_url":"https:\/\/www.purepack.nl\/da\/product\/flags-mal-for-baeredygtig-udvikling-uden-for\/","og_site_name":"PurePack","article_publisher":"https:\/\/www.facebook.com\/p\/purepacknl-100054220551291\/?_rdr","article_modified_time":"2025-03-06T09:34:47+00:00","og_image":[{"width":400,"height":400,"url":"https:\/\/www.purepack.nl\/wp-content\/uploads\/2024\/07\/SDG-vlaggetjes-buiten.webp","type":"image\/webp"}],"twitter_card":"summary_large_image","twitter_misc":{"Estimeret l\u00e6setid":"1 minut"},"schema":{"@context":"https:\/\/schema.org","@graph":[{"@type":"WebPage","@id":"https:\/\/www.purepack.nl\/product\/vlaggetjes-sustainable-development-goals-buiten\/","url":"https:\/\/www.purepack.nl\/product\/vlaggetjes-sustainable-development-goals-buiten\/","name":"Flag for verdensm\u00e5lene for b\u00e6redygtig udvikling - Udend\u00f8rs - PurePack","isPartOf":{"@id":"https:\/\/www.purepack.nl\/nl_nl\/#website"},"primaryImageOfPage":{"@id":"https:\/\/www.purepack.nl\/product\/vlaggetjes-sustainable-development-goals-buiten\/#primaryimage"},"image":{"@id":"https:\/\/www.purepack.nl\/product\/vlaggetjes-sustainable-development-goals-buiten\/#primaryimage"},"thumbnailUrl":"https:\/\/www.purepack.nl\/wp-content\/uploads\/2024\/07\/SDG-vlaggetjes-buiten.webp","datePublished":"2024-07-08T09:14:26+00:00","dateModified":"2025-03-06T09:34:47+00:00","description":"Udend\u00f8rsflag, 5 meter lange, hvert flag er i A5-st\u00f8rrelse, med print af Sustainable Development Goals. For at fremme din virksomheds b\u00e6redygtige tankegang.","breadcrumb":{"@id":"https:\/\/www.purepack.nl\/product\/vlaggetjes-sustainable-development-goals-buiten\/#breadcrumb"},"inLanguage":"da-DK","potentialAction":[{"@type":"ReadAction","target":["https:\/\/www.purepack.nl\/product\/vlaggetjes-sustainable-development-goals-buiten\/"]}]},{"@type":"ImageObject","inLanguage":"da-DK","@id":"https:\/\/www.purepack.nl\/product\/vlaggetjes-sustainable-development-goals-buiten\/#primaryimage","url":"https:\/\/www.purepack.nl\/wp-content\/uploads\/2024\/07\/SDG-vlaggetjes-buiten.webp","contentUrl":"https:\/\/www.purepack.nl\/wp-content\/uploads\/2024\/07\/SDG-vlaggetjes-buiten.webp","width":400,"height":400,"caption":"vlaggetjes SDG"},{"@type":"BreadcrumbList","@id":"https:\/\/www.purepack.nl\/product\/vlaggetjes-sustainable-development-goals-buiten\/#breadcrumb","itemListElement":[{"@type":"ListItem","position":1,"name":"Home","item":"https:\/\/www.purepack.nl\/"},{"@type":"ListItem","position":2,"name":"Winkel","item":"https:\/\/www.purepack.nl\/webshop\/"},{"@type":"ListItem","position":3,"name":"Vlaggetjes Sustainable Development Goals &#8211; Buiten"}]},{"@type":"WebSite","@id":"https:\/\/www.purepack.nl\/nl_nl\/#website","url":"https:\/\/www.purepack.nl\/nl_nl\/","name":"PurePack,","description":"De toekomstbestendige samenwerkingspartner voor verpakkingen","publisher":{"@id":"https:\/\/www.purepack.nl\/nl_nl\/#organization"},"potentialAction":[{"@type":"SearchAction","target":{"@type":"EntryPoint","urlTemplate":"https:\/\/www.purepack.nl\/nl_nl\/?s={search_term_string}"},"query-input":{"@type":"PropertyValueSpecification","valueRequired":true,"valueName":"search_term_string"}}],"inLanguage":"da-DK"},{"@type":"Organization","@id":"https:\/\/www.purepack.nl\/nl_nl\/#organization","name":"PurePack,","url":"https:\/\/www.purepack.nl\/nl_nl\/","logo":{"@type":"ImageObject","inLanguage":"da-DK","@id":"https:\/\/www.purepack.nl\/nl_nl\/#\/schema\/logo\/image\/","url":"https:\/\/www.purepack.nl\/wp-content\/uploads\/2023\/12\/LOGO.webp","contentUrl":"https:\/\/www.purepack.nl\/wp-content\/uploads\/2023\/12\/LOGO.webp","width":394,"height":96,"caption":"PurePack"},"image":{"@id":"https:\/\/www.purepack.nl\/nl_nl\/#\/schema\/logo\/image\/"},"sameAs":["https:\/\/www.facebook.com\/p\/purepacknl-100054220551291\/?_rdr","https:\/\/nl.linkedin.com\/company\/purepack","https:\/\/www.instagram.com\/purepack.nl\/"]}]}},"_links":{"self":[{"href":"https:\/\/www.purepack.nl\/da\/wp-json\/wp\/v2\/product\/2531","targetHints":{"allow":["GET"]}}],"collection":[{"href":"https:\/\/www.purepack.nl\/da\/wp-json\/wp\/v2\/product"}],"about":[{"href":"https:\/\/www.purepack.nl\/da\/wp-json\/wp\/v2\/types\/product"}],"replies":[{"embeddable":true,"href":"https:\/\/www.purepack.nl\/da\/wp-json\/wp\/v2\/comments?post=2531"}],"wp:featuredmedia":[{"embeddable":true,"href":"https:\/\/www.purepack.nl\/da\/wp-json\/wp\/v2\/media\/2606"}],"wp:attachment":[{"href":"https:\/\/www.purepack.nl\/da\/wp-json\/wp\/v2\/media?parent=2531"}],"wp:term":[{"taxonomy":"product_brand","embeddable":true,"href":"https:\/\/www.purepack.nl\/da\/wp-json\/wp\/v2\/product_brand?post=2531"},{"taxonomy":"product_cat","embeddable":true,"href":"https:\/\/www.purepack.nl\/da\/wp-json\/wp\/v2\/product_cat?post=2531"},{"taxonomy":"product_tag","embeddable":true,"href":"https:\/\/www.purepack.nl\/da\/wp-json\/wp\/v2\/product_tag?post=2531"}],"curies":[{"name":"wp","href":"https:\/\/api.w.org\/{rel}","templated":true}]}}