{"id":2523,"date":"2024-07-08T09:14:24","date_gmt":"2024-07-08T09:14:24","guid":{"rendered":"https:\/\/www.purepack.nl\/product\/verzendenvelop-kraftpapier-wit-48-12-x-37-cm\/"},"modified":"2025-03-06T09:35:34","modified_gmt":"2025-03-06T09:35:34","slug":"postkuvert-kraftpapir-hvid-48-12-x-37-cm","status":"publish","type":"product","link":"https:\/\/www.purepack.nl\/da\/product\/postkuvert-kraftpapir-hvid-48-12-x-37-cm\/","title":{"rendered":"Kuverter til forsendelse"},"content":{"rendered":"<p>Produkt: Forsendelseskuvert.<br \/>\nF\u00e5s pr. 250 stk.<\/p>","protected":false},"excerpt":{"rendered":"<p>B\u00e6redygtighed: Vores konvolutter af papir kan genbruges og for\u00e5rsager intet affald.<br \/>\nMinimumsordre: 250 stk.<\/p>\n<p>Eget design: 5.000 enheder.<\/p>\n<p>PurePack leverer b\u00e5de specialfremstillede og standardl\u00f8sninger. S\u00e5 hvis du ikke finder en passende l\u00f8sning i vores webshop, bedes du kontakte os for et skr\u00e6ddersyet tilbud via\u00a0<a href=\"https:\/\/www.purepack.nl\/wp-admin\/edit-tags.php?taxonomy=product_cat&amp;post_type=product\">dette formular<\/a>\u00a0eller send en e-mail til\u00a0<a href=\"mailto:info@purepack.nl\">info@purepack.nl<\/a>\u00a0og vi vil sammen finde en passende l\u00f8sning.<\/p>\n<p>&nbsp;<\/p>","protected":false},"featured_media":2668,"comment_status":"open","ping_status":"closed","template":"","meta":{"_acf_changed":false},"product_brand":[],"product_cat":[105],"product_tag":[],"class_list":{"0":"post-2523","1":"product","2":"type-product","3":"status-publish","4":"has-post-thumbnail","6":"product_cat-verzendzakken","7":"product_shipping_class-250pcs","9":"first","10":"instock","11":"taxable","12":"shipping-taxable","13":"purchasable","14":"product-type-variable"},"acf":[],"yoast_head":"<!-- This site is optimized with the Yoast SEO plugin v26.5 - https:\/\/yoast.com\/wordpress\/plugins\/seo\/ -->\n<title>Verzendenveloppen - PurePack<\/title>\n<meta name=\"robots\" content=\"index, follow, max-snippet:-1, max-image-preview:large, max-video-preview:-1\" \/>\n<link rel=\"canonical\" href=\"https:\/\/www.purepack.nl\/da\/product\/postkuvert-kraftpapir-hvid-48-12-x-37-cm\/\" \/>\n<meta property=\"og:locale\" content=\"da_DK\" \/>\n<meta property=\"og:type\" content=\"article\" \/>\n<meta property=\"og:title\" content=\"Verzendenveloppen - PurePack\" \/>\n<meta property=\"og:description\" content=\"Duurzaamheid: Onze papieren verzendenveloppen, zijn recyclebaar en veroorzaken zero waste. Minimale afname: 250 stuks.  Eigen ontwerp: 5.000 stuks.  PurePack levert zowel op maat gemaakt als standaard oplossingen. Wanneer u dus geen geschikte oplossing vindt in onze webshop, kunt u contact opnemen voor een offerte op maat via\u00a0dit formulier\u00a0of stuur een mail naar\u00a0info@purepack.nl\u00a0en we zullen samen naar een gepaste oplossing zoeken.  &nbsp;\" \/>\n<meta property=\"og:url\" content=\"https:\/\/www.purepack.nl\/da\/product\/postkuvert-kraftpapir-hvid-48-12-x-37-cm\/\" \/>\n<meta property=\"og:site_name\" content=\"PurePack\" \/>\n<meta property=\"article:publisher\" content=\"https:\/\/www.facebook.com\/p\/purepacknl-100054220551291\/?_rdr\" \/>\n<meta property=\"article:modified_time\" content=\"2025-03-06T09:35:34+00:00\" \/>\n<meta property=\"og:image\" content=\"https:\/\/www.purepack.nl\/wp-content\/uploads\/2024\/08\/verzendzak-bruin-1.webp\" \/>\n\t<meta property=\"og:image:width\" content=\"1920\" \/>\n\t<meta property=\"og:image:height\" content=\"1920\" \/>\n\t<meta property=\"og:image:type\" content=\"image\/webp\" \/>\n<meta name=\"twitter:card\" content=\"summary_large_image\" \/>\n<meta name=\"twitter:label1\" content=\"Estimeret l\u00e6setid\" \/>\n\t<meta name=\"twitter:data1\" content=\"1 minut\" \/>\n<script type=\"application\/ld+json\" class=\"yoast-schema-graph\">{\"@context\":\"https:\/\/schema.org\",\"@graph\":[{\"@type\":\"WebPage\",\"@id\":\"https:\/\/www.purepack.nl\/product\/verzendenvelop-kraftpapier-wit-48-12-x-37-cm\/\",\"url\":\"https:\/\/www.purepack.nl\/product\/verzendenvelop-kraftpapier-wit-48-12-x-37-cm\/\",\"name\":\"Verzendenveloppen - PurePack\",\"isPartOf\":{\"@id\":\"https:\/\/www.purepack.nl\/nl_nl\/#website\"},\"primaryImageOfPage\":{\"@id\":\"https:\/\/www.purepack.nl\/product\/verzendenvelop-kraftpapier-wit-48-12-x-37-cm\/#primaryimage\"},\"image\":{\"@id\":\"https:\/\/www.purepack.nl\/product\/verzendenvelop-kraftpapier-wit-48-12-x-37-cm\/#primaryimage\"},\"thumbnailUrl\":\"https:\/\/www.purepack.nl\/wp-content\/uploads\/2024\/08\/verzendzak-bruin-1.webp\",\"datePublished\":\"2024-07-08T09:14:24+00:00\",\"dateModified\":\"2025-03-06T09:35:34+00:00\",\"breadcrumb\":{\"@id\":\"https:\/\/www.purepack.nl\/product\/verzendenvelop-kraftpapier-wit-48-12-x-37-cm\/#breadcrumb\"},\"inLanguage\":\"da-DK\",\"potentialAction\":[{\"@type\":\"ReadAction\",\"target\":[\"https:\/\/www.purepack.nl\/product\/verzendenvelop-kraftpapier-wit-48-12-x-37-cm\/\"]}]},{\"@type\":\"ImageObject\",\"inLanguage\":\"da-DK\",\"@id\":\"https:\/\/www.purepack.nl\/product\/verzendenvelop-kraftpapier-wit-48-12-x-37-cm\/#primaryimage\",\"url\":\"https:\/\/www.purepack.nl\/wp-content\/uploads\/2024\/08\/verzendzak-bruin-1.webp\",\"contentUrl\":\"https:\/\/www.purepack.nl\/wp-content\/uploads\/2024\/08\/verzendzak-bruin-1.webp\",\"width\":1920,\"height\":1920,\"caption\":\"verzendenveloppen met plakstrip.\"},{\"@type\":\"BreadcrumbList\",\"@id\":\"https:\/\/www.purepack.nl\/product\/verzendenvelop-kraftpapier-wit-48-12-x-37-cm\/#breadcrumb\",\"itemListElement\":[{\"@type\":\"ListItem\",\"position\":1,\"name\":\"Home\",\"item\":\"https:\/\/www.purepack.nl\/\"},{\"@type\":\"ListItem\",\"position\":2,\"name\":\"Winkel\",\"item\":\"https:\/\/www.purepack.nl\/webshop\/\"},{\"@type\":\"ListItem\",\"position\":3,\"name\":\"Verzendenveloppen\"}]},{\"@type\":\"WebSite\",\"@id\":\"https:\/\/www.purepack.nl\/nl_nl\/#website\",\"url\":\"https:\/\/www.purepack.nl\/nl_nl\/\",\"name\":\"PurePack\",\"description\":\"De toekomstbestendige samenwerkingspartner voor verpakkingen\",\"publisher\":{\"@id\":\"https:\/\/www.purepack.nl\/nl_nl\/#organization\"},\"potentialAction\":[{\"@type\":\"SearchAction\",\"target\":{\"@type\":\"EntryPoint\",\"urlTemplate\":\"https:\/\/www.purepack.nl\/nl_nl\/?s={search_term_string}\"},\"query-input\":{\"@type\":\"PropertyValueSpecification\",\"valueRequired\":true,\"valueName\":\"search_term_string\"}}],\"inLanguage\":\"da-DK\"},{\"@type\":\"Organization\",\"@id\":\"https:\/\/www.purepack.nl\/nl_nl\/#organization\",\"name\":\"PurePack\",\"url\":\"https:\/\/www.purepack.nl\/nl_nl\/\",\"logo\":{\"@type\":\"ImageObject\",\"inLanguage\":\"da-DK\",\"@id\":\"https:\/\/www.purepack.nl\/nl_nl\/#\/schema\/logo\/image\/\",\"url\":\"https:\/\/www.purepack.nl\/wp-content\/uploads\/2023\/12\/LOGO.webp\",\"contentUrl\":\"https:\/\/www.purepack.nl\/wp-content\/uploads\/2023\/12\/LOGO.webp\",\"width\":394,\"height\":96,\"caption\":\"PurePack\"},\"image\":{\"@id\":\"https:\/\/www.purepack.nl\/nl_nl\/#\/schema\/logo\/image\/\"},\"sameAs\":[\"https:\/\/www.facebook.com\/p\/purepacknl-100054220551291\/?_rdr\",\"https:\/\/nl.linkedin.com\/company\/purepack\",\"https:\/\/www.instagram.com\/purepack.nl\/\"]}]}<\/script>\n<!-- \/ Yoast SEO plugin. -->","yoast_head_json":{"title":"Konvolutter til forsendelse - PurePack","robots":{"index":"index","follow":"follow","max-snippet":"max-snippet:-1","max-image-preview":"max-image-preview:large","max-video-preview":"max-video-preview:-1"},"canonical":"https:\/\/www.purepack.nl\/da\/product\/postkuvert-kraftpapir-hvid-48-12-x-37-cm\/","og_locale":"da_DK","og_type":"article","og_title":"Verzendenveloppen - PurePack","og_description":"Duurzaamheid: Onze papieren verzendenveloppen, zijn recyclebaar en veroorzaken zero waste. Minimale afname: 250 stuks.  Eigen ontwerp: 5.000 stuks.  PurePack levert zowel op maat gemaakt als standaard oplossingen. Wanneer u dus geen geschikte oplossing vindt in onze webshop, kunt u contact opnemen voor een offerte op maat via\u00a0dit formulier\u00a0of stuur een mail naar\u00a0info@purepack.nl\u00a0en we zullen samen naar een gepaste oplossing zoeken.  &nbsp;","og_url":"https:\/\/www.purepack.nl\/da\/product\/postkuvert-kraftpapir-hvid-48-12-x-37-cm\/","og_site_name":"PurePack","article_publisher":"https:\/\/www.facebook.com\/p\/purepacknl-100054220551291\/?_rdr","article_modified_time":"2025-03-06T09:35:34+00:00","og_image":[{"width":1920,"height":1920,"url":"https:\/\/www.purepack.nl\/wp-content\/uploads\/2024\/08\/verzendzak-bruin-1.webp","type":"image\/webp"}],"twitter_card":"summary_large_image","twitter_misc":{"Estimeret l\u00e6setid":"1 minut"},"schema":{"@context":"https:\/\/schema.org","@graph":[{"@type":"WebPage","@id":"https:\/\/www.purepack.nl\/product\/verzendenvelop-kraftpapier-wit-48-12-x-37-cm\/","url":"https:\/\/www.purepack.nl\/product\/verzendenvelop-kraftpapier-wit-48-12-x-37-cm\/","name":"Konvolutter til forsendelse - PurePack","isPartOf":{"@id":"https:\/\/www.purepack.nl\/nl_nl\/#website"},"primaryImageOfPage":{"@id":"https:\/\/www.purepack.nl\/product\/verzendenvelop-kraftpapier-wit-48-12-x-37-cm\/#primaryimage"},"image":{"@id":"https:\/\/www.purepack.nl\/product\/verzendenvelop-kraftpapier-wit-48-12-x-37-cm\/#primaryimage"},"thumbnailUrl":"https:\/\/www.purepack.nl\/wp-content\/uploads\/2024\/08\/verzendzak-bruin-1.webp","datePublished":"2024-07-08T09:14:24+00:00","dateModified":"2025-03-06T09:35:34+00:00","breadcrumb":{"@id":"https:\/\/www.purepack.nl\/product\/verzendenvelop-kraftpapier-wit-48-12-x-37-cm\/#breadcrumb"},"inLanguage":"da-DK","potentialAction":[{"@type":"ReadAction","target":["https:\/\/www.purepack.nl\/product\/verzendenvelop-kraftpapier-wit-48-12-x-37-cm\/"]}]},{"@type":"ImageObject","inLanguage":"da-DK","@id":"https:\/\/www.purepack.nl\/product\/verzendenvelop-kraftpapier-wit-48-12-x-37-cm\/#primaryimage","url":"https:\/\/www.purepack.nl\/wp-content\/uploads\/2024\/08\/verzendzak-bruin-1.webp","contentUrl":"https:\/\/www.purepack.nl\/wp-content\/uploads\/2024\/08\/verzendzak-bruin-1.webp","width":1920,"height":1920,"caption":"verzendenveloppen met plakstrip."},{"@type":"BreadcrumbList","@id":"https:\/\/www.purepack.nl\/product\/verzendenvelop-kraftpapier-wit-48-12-x-37-cm\/#breadcrumb","itemListElement":[{"@type":"ListItem","position":1,"name":"Home","item":"https:\/\/www.purepack.nl\/"},{"@type":"ListItem","position":2,"name":"Winkel","item":"https:\/\/www.purepack.nl\/webshop\/"},{"@type":"ListItem","position":3,"name":"Verzendenveloppen"}]},{"@type":"WebSite","@id":"https:\/\/www.purepack.nl\/nl_nl\/#website","url":"https:\/\/www.purepack.nl\/nl_nl\/","name":"PurePack,","description":"De toekomstbestendige samenwerkingspartner voor verpakkingen","publisher":{"@id":"https:\/\/www.purepack.nl\/nl_nl\/#organization"},"potentialAction":[{"@type":"SearchAction","target":{"@type":"EntryPoint","urlTemplate":"https:\/\/www.purepack.nl\/nl_nl\/?s={search_term_string}"},"query-input":{"@type":"PropertyValueSpecification","valueRequired":true,"valueName":"search_term_string"}}],"inLanguage":"da-DK"},{"@type":"Organization","@id":"https:\/\/www.purepack.nl\/nl_nl\/#organization","name":"PurePack,","url":"https:\/\/www.purepack.nl\/nl_nl\/","logo":{"@type":"ImageObject","inLanguage":"da-DK","@id":"https:\/\/www.purepack.nl\/nl_nl\/#\/schema\/logo\/image\/","url":"https:\/\/www.purepack.nl\/wp-content\/uploads\/2023\/12\/LOGO.webp","contentUrl":"https:\/\/www.purepack.nl\/wp-content\/uploads\/2023\/12\/LOGO.webp","width":394,"height":96,"caption":"PurePack"},"image":{"@id":"https:\/\/www.purepack.nl\/nl_nl\/#\/schema\/logo\/image\/"},"sameAs":["https:\/\/www.facebook.com\/p\/purepacknl-100054220551291\/?_rdr","https:\/\/nl.linkedin.com\/company\/purepack","https:\/\/www.instagram.com\/purepack.nl\/"]}]}},"_links":{"self":[{"href":"https:\/\/www.purepack.nl\/da\/wp-json\/wp\/v2\/product\/2523","targetHints":{"allow":["GET"]}}],"collection":[{"href":"https:\/\/www.purepack.nl\/da\/wp-json\/wp\/v2\/product"}],"about":[{"href":"https:\/\/www.purepack.nl\/da\/wp-json\/wp\/v2\/types\/product"}],"replies":[{"embeddable":true,"href":"https:\/\/www.purepack.nl\/da\/wp-json\/wp\/v2\/comments?post=2523"}],"wp:featuredmedia":[{"embeddable":true,"href":"https:\/\/www.purepack.nl\/da\/wp-json\/wp\/v2\/media\/2668"}],"wp:attachment":[{"href":"https:\/\/www.purepack.nl\/da\/wp-json\/wp\/v2\/media?parent=2523"}],"wp:term":[{"taxonomy":"product_brand","embeddable":true,"href":"https:\/\/www.purepack.nl\/da\/wp-json\/wp\/v2\/product_brand?post=2523"},{"taxonomy":"product_cat","embeddable":true,"href":"https:\/\/www.purepack.nl\/da\/wp-json\/wp\/v2\/product_cat?post=2523"},{"taxonomy":"product_tag","embeddable":true,"href":"https:\/\/www.purepack.nl\/da\/wp-json\/wp\/v2\/product_tag?post=2523"}],"curies":[{"name":"wp","href":"https:\/\/api.w.org\/{rel}","templated":true}]}}