{"id":2483,"date":"2024-07-08T09:14:20","date_gmt":"2024-07-08T09:14:20","guid":{"rendered":"https:\/\/www.purepack.nl\/product\/recyclebare-side-gusset-pouch-250-gram-mat-zwart-met-ventiel\/"},"modified":"2026-01-28T13:38:11","modified_gmt":"2026-01-28T12:38:11","slug":"sidekilepose-250g-ldpe-evoh","status":"publish","type":"product","link":"https:\/\/www.purepack.nl\/da\/product\/sidekilepose-250g-ldpe-evoh\/","title":{"rendered":"Lomme med sidekile\/ Lomme med sidekile"},"content":{"rendered":"<p>Produkt: Sidekilepose\/ Sidekilepose.<br \/>\nTil at bestille i m\u00e6ngder af 500 stk.<\/p>","protected":false},"excerpt":{"rendered":"<p>Materiale: LDPE \/ EVOH LDPE.<br \/>\nTykkelse: 110 mikrometer.<br \/>\nMindste ordrem\u00e6ngde: 500 stk.<br \/>\nBeskrivelse: Denne emballage er lavet af LDPE med et EVOH-barrierelag. LDPE giver fleksibilitet og styrke, mens EVOH anvendes til at give yderligere beskyttelse mod ilt og fugt. Det hj\u00e6lper med at bevare indholdets kvalitet og friskhed.<\/p>\n<p>Om kundetilpasning: PurePack leverer b\u00e5de standardemballage og kundetilpassede l\u00f8sninger. Kan du ikke finde en passende l\u00f8sning i vores webshop? S\u00e5 er du velkommen til at kontakte os for et skr\u00e6ddersyet tilbud ved hj\u00e6lp af formularen p\u00e5 hjemmesiden eller sende en e-mail til <strong data-start=\"387\" data-end=\"407\"><a class=\"decorated-link cursor-pointer\" rel=\"noopener\" data-start=\"389\" data-end=\"405\">info@purepack.nl<\/a><\/strong>. Vi t\u00e6nker gerne sammen med dig om en l\u00f8sning, der passer til dine behov.<\/p>\n<p>Eget design er muligt: fra 1.000 enheder digitalt og fra 10.000 enheder med dybtryk.<\/p>\n<p>&nbsp;<\/p>","protected":false},"featured_media":2773,"comment_status":"closed","ping_status":"closed","template":"","meta":{"_acf_changed":false},"product_brand":[],"product_cat":[103],"product_tag":[],"class_list":{"0":"post-2483","1":"product","2":"type-product","3":"status-publish","4":"has-post-thumbnail","6":"product_cat-mono-materiaal-zakken","7":"product_shipping_class-500pcs","9":"first","10":"instock","11":"taxable","12":"shipping-taxable","13":"purchasable","14":"product-type-variable"},"acf":[],"yoast_head":"<!-- This site is optimized with the Yoast SEO plugin v26.5 - https:\/\/yoast.com\/wordpress\/plugins\/seo\/ -->\n<title>Zijvouwzak\/ Side gusset pouch - PurePack<\/title>\n<meta name=\"description\" content=\"LDPE\/EVOH verpakking met sterke zuurstof- en vochtbarri\u00e8re. Ideaal voor food en non-food toepassingen. Standaard en maatwerk beschikbaar.\" \/>\n<meta name=\"robots\" content=\"index, follow, max-snippet:-1, max-image-preview:large, max-video-preview:-1\" \/>\n<link rel=\"canonical\" href=\"https:\/\/www.purepack.nl\/da\/product\/sidekilepose-250g-ldpe-evoh\/\" \/>\n<meta property=\"og:locale\" content=\"da_DK\" \/>\n<meta property=\"og:type\" content=\"article\" \/>\n<meta property=\"og:title\" content=\"Zijvouwzak\/ Side gusset pouch - PurePack\" \/>\n<meta property=\"og:description\" content=\"LDPE\/EVOH verpakking met sterke zuurstof- en vochtbarri\u00e8re. Ideaal voor food en non-food toepassingen. Standaard en maatwerk beschikbaar.\" \/>\n<meta property=\"og:url\" content=\"https:\/\/www.purepack.nl\/da\/product\/sidekilepose-250g-ldpe-evoh\/\" \/>\n<meta property=\"og:site_name\" content=\"PurePack\" \/>\n<meta property=\"article:publisher\" content=\"https:\/\/www.facebook.com\/p\/purepacknl-100054220551291\/?_rdr\" \/>\n<meta property=\"article:modified_time\" content=\"2026-01-28T12:38:11+00:00\" \/>\n<meta property=\"og:image\" content=\"https:\/\/www.purepack.nl\/wp-content\/uploads\/2024\/07\/1kg.SG_.w.v.matt_.rec_.webp\" \/>\n\t<meta property=\"og:image:width\" content=\"500\" \/>\n\t<meta property=\"og:image:height\" content=\"500\" \/>\n\t<meta property=\"og:image:type\" content=\"image\/webp\" \/>\n<meta name=\"twitter:card\" content=\"summary_large_image\" \/>\n<meta name=\"twitter:label1\" content=\"Estimeret l\u00e6setid\" \/>\n\t<meta name=\"twitter:data1\" content=\"1 minut\" \/>\n<script type=\"application\/ld+json\" class=\"yoast-schema-graph\">{\"@context\":\"https:\/\/schema.org\",\"@graph\":[{\"@type\":\"WebPage\",\"@id\":\"https:\/\/www.purepack.nl\/product\/side-gusset-pouch-250g-ldpe-evoh\/\",\"url\":\"https:\/\/www.purepack.nl\/product\/side-gusset-pouch-250g-ldpe-evoh\/\",\"name\":\"Zijvouwzak\/ Side gusset pouch - PurePack\",\"isPartOf\":{\"@id\":\"https:\/\/www.purepack.nl\/nl_nl\/#website\"},\"primaryImageOfPage\":{\"@id\":\"https:\/\/www.purepack.nl\/product\/side-gusset-pouch-250g-ldpe-evoh\/#primaryimage\"},\"image\":{\"@id\":\"https:\/\/www.purepack.nl\/product\/side-gusset-pouch-250g-ldpe-evoh\/#primaryimage\"},\"thumbnailUrl\":\"https:\/\/www.purepack.nl\/wp-content\/uploads\/2024\/07\/1kg.SG_.w.v.matt_.rec_.webp\",\"datePublished\":\"2024-07-08T09:14:20+00:00\",\"dateModified\":\"2026-01-28T12:38:11+00:00\",\"description\":\"LDPE\/EVOH verpakking met sterke zuurstof- en vochtbarri\u00e8re. Ideaal voor food en non-food toepassingen. Standaard en maatwerk beschikbaar.\",\"breadcrumb\":{\"@id\":\"https:\/\/www.purepack.nl\/product\/side-gusset-pouch-250g-ldpe-evoh\/#breadcrumb\"},\"inLanguage\":\"da-DK\",\"potentialAction\":[{\"@type\":\"ReadAction\",\"target\":[\"https:\/\/www.purepack.nl\/product\/side-gusset-pouch-250g-ldpe-evoh\/\"]}]},{\"@type\":\"ImageObject\",\"inLanguage\":\"da-DK\",\"@id\":\"https:\/\/www.purepack.nl\/product\/side-gusset-pouch-250g-ldpe-evoh\/#primaryimage\",\"url\":\"https:\/\/www.purepack.nl\/wp-content\/uploads\/2024\/07\/1kg.SG_.w.v.matt_.rec_.webp\",\"contentUrl\":\"https:\/\/www.purepack.nl\/wp-content\/uploads\/2024\/07\/1kg.SG_.w.v.matt_.rec_.webp\",\"width\":500,\"height\":500,\"caption\":\"Recyclebare Zijvouwzak\/ Side gusset pouch met ventiel\"},{\"@type\":\"BreadcrumbList\",\"@id\":\"https:\/\/www.purepack.nl\/product\/side-gusset-pouch-250g-ldpe-evoh\/#breadcrumb\",\"itemListElement\":[{\"@type\":\"ListItem\",\"position\":1,\"name\":\"Home\",\"item\":\"https:\/\/www.purepack.nl\/\"},{\"@type\":\"ListItem\",\"position\":2,\"name\":\"Winkel\",\"item\":\"https:\/\/www.purepack.nl\/webshop\/\"},{\"@type\":\"ListItem\",\"position\":3,\"name\":\"Zijvouwzak\/ Side gusset pouch\"}]},{\"@type\":\"WebSite\",\"@id\":\"https:\/\/www.purepack.nl\/nl_nl\/#website\",\"url\":\"https:\/\/www.purepack.nl\/nl_nl\/\",\"name\":\"PurePack\",\"description\":\"De toekomstbestendige samenwerkingspartner voor verpakkingen\",\"publisher\":{\"@id\":\"https:\/\/www.purepack.nl\/nl_nl\/#organization\"},\"potentialAction\":[{\"@type\":\"SearchAction\",\"target\":{\"@type\":\"EntryPoint\",\"urlTemplate\":\"https:\/\/www.purepack.nl\/nl_nl\/?s={search_term_string}\"},\"query-input\":{\"@type\":\"PropertyValueSpecification\",\"valueRequired\":true,\"valueName\":\"search_term_string\"}}],\"inLanguage\":\"da-DK\"},{\"@type\":\"Organization\",\"@id\":\"https:\/\/www.purepack.nl\/nl_nl\/#organization\",\"name\":\"PurePack\",\"url\":\"https:\/\/www.purepack.nl\/nl_nl\/\",\"logo\":{\"@type\":\"ImageObject\",\"inLanguage\":\"da-DK\",\"@id\":\"https:\/\/www.purepack.nl\/nl_nl\/#\/schema\/logo\/image\/\",\"url\":\"https:\/\/www.purepack.nl\/wp-content\/uploads\/2023\/12\/LOGO.webp\",\"contentUrl\":\"https:\/\/www.purepack.nl\/wp-content\/uploads\/2023\/12\/LOGO.webp\",\"width\":394,\"height\":96,\"caption\":\"PurePack\"},\"image\":{\"@id\":\"https:\/\/www.purepack.nl\/nl_nl\/#\/schema\/logo\/image\/\"},\"sameAs\":[\"https:\/\/www.facebook.com\/p\/purepacknl-100054220551291\/?_rdr\",\"https:\/\/nl.linkedin.com\/company\/purepack\",\"https:\/\/www.instagram.com\/purepack.nl\/\"]}]}<\/script>\n<!-- \/ Yoast SEO plugin. -->","yoast_head_json":{"title":"Pose med sidekile\/ Pose med sidekile - PurePack","description":"LDPE\/EVOH-emballage med st\u00e6rk ilt- og fugtbarriere. Ideel til f\u00f8devarer og nonfood. Standard- og skr\u00e6ddersyet emballage tilg\u00e6ngelig.","robots":{"index":"index","follow":"follow","max-snippet":"max-snippet:-1","max-image-preview":"max-image-preview:large","max-video-preview":"max-video-preview:-1"},"canonical":"https:\/\/www.purepack.nl\/da\/product\/sidekilepose-250g-ldpe-evoh\/","og_locale":"da_DK","og_type":"article","og_title":"Zijvouwzak\/ Side gusset pouch - PurePack","og_description":"LDPE\/EVOH verpakking met sterke zuurstof- en vochtbarri\u00e8re. Ideaal voor food en non-food toepassingen. Standaard en maatwerk beschikbaar.","og_url":"https:\/\/www.purepack.nl\/da\/product\/sidekilepose-250g-ldpe-evoh\/","og_site_name":"PurePack","article_publisher":"https:\/\/www.facebook.com\/p\/purepacknl-100054220551291\/?_rdr","article_modified_time":"2026-01-28T12:38:11+00:00","og_image":[{"width":500,"height":500,"url":"https:\/\/www.purepack.nl\/wp-content\/uploads\/2024\/07\/1kg.SG_.w.v.matt_.rec_.webp","type":"image\/webp"}],"twitter_card":"summary_large_image","twitter_misc":{"Estimeret l\u00e6setid":"1 minut"},"schema":{"@context":"https:\/\/schema.org","@graph":[{"@type":"WebPage","@id":"https:\/\/www.purepack.nl\/product\/side-gusset-pouch-250g-ldpe-evoh\/","url":"https:\/\/www.purepack.nl\/product\/side-gusset-pouch-250g-ldpe-evoh\/","name":"Pose med sidekile\/ Pose med sidekile - PurePack","isPartOf":{"@id":"https:\/\/www.purepack.nl\/nl_nl\/#website"},"primaryImageOfPage":{"@id":"https:\/\/www.purepack.nl\/product\/side-gusset-pouch-250g-ldpe-evoh\/#primaryimage"},"image":{"@id":"https:\/\/www.purepack.nl\/product\/side-gusset-pouch-250g-ldpe-evoh\/#primaryimage"},"thumbnailUrl":"https:\/\/www.purepack.nl\/wp-content\/uploads\/2024\/07\/1kg.SG_.w.v.matt_.rec_.webp","datePublished":"2024-07-08T09:14:20+00:00","dateModified":"2026-01-28T12:38:11+00:00","description":"LDPE\/EVOH-emballage med st\u00e6rk ilt- og fugtbarriere. Ideel til f\u00f8devarer og nonfood. Standard- og skr\u00e6ddersyet emballage tilg\u00e6ngelig.","breadcrumb":{"@id":"https:\/\/www.purepack.nl\/product\/side-gusset-pouch-250g-ldpe-evoh\/#breadcrumb"},"inLanguage":"da-DK","potentialAction":[{"@type":"ReadAction","target":["https:\/\/www.purepack.nl\/product\/side-gusset-pouch-250g-ldpe-evoh\/"]}]},{"@type":"ImageObject","inLanguage":"da-DK","@id":"https:\/\/www.purepack.nl\/product\/side-gusset-pouch-250g-ldpe-evoh\/#primaryimage","url":"https:\/\/www.purepack.nl\/wp-content\/uploads\/2024\/07\/1kg.SG_.w.v.matt_.rec_.webp","contentUrl":"https:\/\/www.purepack.nl\/wp-content\/uploads\/2024\/07\/1kg.SG_.w.v.matt_.rec_.webp","width":500,"height":500,"caption":"Recyclebare Zijvouwzak\/ Side gusset pouch met ventiel"},{"@type":"BreadcrumbList","@id":"https:\/\/www.purepack.nl\/product\/side-gusset-pouch-250g-ldpe-evoh\/#breadcrumb","itemListElement":[{"@type":"ListItem","position":1,"name":"Home","item":"https:\/\/www.purepack.nl\/"},{"@type":"ListItem","position":2,"name":"Winkel","item":"https:\/\/www.purepack.nl\/webshop\/"},{"@type":"ListItem","position":3,"name":"Zijvouwzak\/ Side gusset pouch"}]},{"@type":"WebSite","@id":"https:\/\/www.purepack.nl\/nl_nl\/#website","url":"https:\/\/www.purepack.nl\/nl_nl\/","name":"PurePack,","description":"De toekomstbestendige samenwerkingspartner voor verpakkingen","publisher":{"@id":"https:\/\/www.purepack.nl\/nl_nl\/#organization"},"potentialAction":[{"@type":"SearchAction","target":{"@type":"EntryPoint","urlTemplate":"https:\/\/www.purepack.nl\/nl_nl\/?s={search_term_string}"},"query-input":{"@type":"PropertyValueSpecification","valueRequired":true,"valueName":"search_term_string"}}],"inLanguage":"da-DK"},{"@type":"Organization","@id":"https:\/\/www.purepack.nl\/nl_nl\/#organization","name":"PurePack,","url":"https:\/\/www.purepack.nl\/nl_nl\/","logo":{"@type":"ImageObject","inLanguage":"da-DK","@id":"https:\/\/www.purepack.nl\/nl_nl\/#\/schema\/logo\/image\/","url":"https:\/\/www.purepack.nl\/wp-content\/uploads\/2023\/12\/LOGO.webp","contentUrl":"https:\/\/www.purepack.nl\/wp-content\/uploads\/2023\/12\/LOGO.webp","width":394,"height":96,"caption":"PurePack"},"image":{"@id":"https:\/\/www.purepack.nl\/nl_nl\/#\/schema\/logo\/image\/"},"sameAs":["https:\/\/www.facebook.com\/p\/purepacknl-100054220551291\/?_rdr","https:\/\/nl.linkedin.com\/company\/purepack","https:\/\/www.instagram.com\/purepack.nl\/"]}]}},"_links":{"self":[{"href":"https:\/\/www.purepack.nl\/da\/wp-json\/wp\/v2\/product\/2483","targetHints":{"allow":["GET"]}}],"collection":[{"href":"https:\/\/www.purepack.nl\/da\/wp-json\/wp\/v2\/product"}],"about":[{"href":"https:\/\/www.purepack.nl\/da\/wp-json\/wp\/v2\/types\/product"}],"replies":[{"embeddable":true,"href":"https:\/\/www.purepack.nl\/da\/wp-json\/wp\/v2\/comments?post=2483"}],"wp:featuredmedia":[{"embeddable":true,"href":"https:\/\/www.purepack.nl\/da\/wp-json\/wp\/v2\/media\/2773"}],"wp:attachment":[{"href":"https:\/\/www.purepack.nl\/da\/wp-json\/wp\/v2\/media?parent=2483"}],"wp:term":[{"taxonomy":"product_brand","embeddable":true,"href":"https:\/\/www.purepack.nl\/da\/wp-json\/wp\/v2\/product_brand?post=2483"},{"taxonomy":"product_cat","embeddable":true,"href":"https:\/\/www.purepack.nl\/da\/wp-json\/wp\/v2\/product_cat?post=2483"},{"taxonomy":"product_tag","embeddable":true,"href":"https:\/\/www.purepack.nl\/da\/wp-json\/wp\/v2\/product_tag?post=2483"}],"curies":[{"name":"wp","href":"https:\/\/api.w.org\/{rel}","templated":true}]}}