{"id":2439,"date":"2024-07-08T09:14:16","date_gmt":"2024-07-08T09:14:16","guid":{"rendered":"https:\/\/www.purepack.nl\/product\/groeipapier-visitekaartje-120-gram-2-kanten-bedrukt\/"},"modified":"2025-04-07T08:56:33","modified_gmt":"2025-04-07T08:56:33","slug":"voksende-papir","status":"publish","type":"product","link":"https:\/\/www.purepack.nl\/da\/product\/voksende-papir\/","title":{"rendered":"Fr\u00f8papir visitkort"},"content":{"rendered":"<p>Visitkort af fr\u00f8papir.<br \/>\n80 x 50 mm.<\/p>\n<p>K\u00f8b mere og spar mere:<\/p>\n<table class=\"details-product-price-wholesale__table\">\n<thead>\n<tr class=\"details-product-wholesale__header\">\n<td class=\"details-product-wholesale__column details-product-wholesale__column--qty\">M\u00e6ngde<\/td>\n<td class=\"details-product-wholesale__column details-product-wholesale__column--discount\">Rabat<\/td>\n<\/tr>\n<\/thead>\n<tbody>\n<tr class=\"details-product-wholesale__row\">\n<td class=\"details-product-wholesale__column details-product-wholesale__column--qty\">500 stk.<\/td>\n<td class=\"details-product-wholesale__column details-product-wholesale__column--discount\"><span class=\"details-product__wholesale-off ec-text-muted\">15% rabat<\/span><\/td>\n<\/tr>\n<tr class=\"details-product-wholesale__row\">\n<td class=\"details-product-wholesale__column details-product-wholesale__column--qty\">1000 stk.<\/td>\n<td class=\"details-product-wholesale__column details-product-wholesale__column--discount\"><span class=\"details-product__wholesale-off ec-text-muted\">28% rabat<\/span><\/td>\n<\/tr>\n<tr class=\"details-product-wholesale__row\">\n<td class=\"details-product-wholesale__column details-product-wholesale__column--qty\">2.500 stk.<\/td>\n<td class=\"details-product-wholesale__column details-product-wholesale__column--discount\"><span class=\"details-product__wholesale-off ec-text-muted\">34% rabat<\/span><\/td>\n<\/tr>\n<tr class=\"details-product-wholesale__row\">\n<td class=\"details-product-wholesale__column details-product-wholesale__column--qty\">5000 stk.<\/td>\n<td class=\"details-product-wholesale__column details-product-wholesale__column--discount\"><span class=\"details-product__wholesale-off ec-text-muted\">38% rabat<\/span><\/td>\n<\/tr>\n<\/tbody>\n<\/table>\n<p>&nbsp;<\/p>","protected":false},"excerpt":{"rendered":"<p>Minimumsordre: 250 stk.<br \/>\nFormat: visitkort.<br \/>\nTrykomr\u00e5de: 70 x 40 mm (5 mm fra siden hele vejen rundt). Vil du hellere have kontinuerligt? S\u00e5 send os en e-mail om dette. Den ekstra pris vedr\u00f8rer 15%.<\/p>\n<p>Leveringstid: 7-10 arbejdsdage<\/p>\n<p>Levering af trykfilen: N\u00e5r du har afgivet din bestilling, Kan du sende din trykfil til <span class=\"Hyperlink0\" style=\"background-color: initial;\"><a href=\"mailto:info@purepack.nl\">info@purepack.nl<\/a><\/span> med dit ordrenummer. Hvis din fil er for stor, kan du sende den via WeTransfer med dit ordrenummer. Vi kontrollerer altid filen og sender dig et digitalt pr\u00f8vetryk til godkendelse, f\u00f8r vi trykker din bestilling.<\/p>\n<p><em>Hvis du ikke finder en passende l\u00f8sning i vores webshop, bedes du derfor kontakte os for at f\u00e5 et skr\u00e6ddersyet tilbud via\u00a0<a class=\"flex\" href=\"#\">dette formular<\/a>\u00a0eller send en e-mail til\u00a0<a href=\"mailto:info@purepack.nl\">info@purepack.nl<\/a> s\u00e5 finder vi en passende l\u00f8sning sammen. Kontakt os ogs\u00e5 for pris ved bestilling af mere end 5.000 stk.<\/em><\/p>","protected":false},"featured_media":2845,"comment_status":"open","ping_status":"closed","template":"","meta":{"_acf_changed":false},"product_brand":[],"product_cat":[39],"product_tag":[],"class_list":{"0":"post-2439","1":"product","2":"type-product","3":"status-publish","4":"has-post-thumbnail","6":"product_cat-groeipapier-bestellen","7":"product_shipping_class-250pcs","9":"first","10":"instock","11":"taxable","12":"shipping-taxable","13":"purchasable","14":"product-type-variable"},"acf":[],"yoast_head":"<!-- This site is optimized with the Yoast SEO plugin v26.5 - https:\/\/yoast.com\/wordpress\/plugins\/seo\/ -->\n<title>Groeipapier visitekaartje - PurePack<\/title>\n<meta name=\"description\" content=\"Visitekaartje met zaadjes en eventuele bedrukking. Het onderstreept het zero waste principe en is een mooi geschenk voor uw relatie en de natuur.\" \/>\n<meta name=\"robots\" content=\"index, follow, max-snippet:-1, max-image-preview:large, max-video-preview:-1\" \/>\n<link rel=\"canonical\" href=\"https:\/\/www.purepack.nl\/da\/product\/voksende-papir\/\" \/>\n<meta property=\"og:locale\" content=\"da_DK\" \/>\n<meta property=\"og:type\" content=\"article\" \/>\n<meta property=\"og:title\" content=\"Groeipapier visitekaartje - PurePack\" \/>\n<meta property=\"og:description\" content=\"Visitekaartje met zaadjes en eventuele bedrukking. Het onderstreept het zero waste principe en is een mooi geschenk voor uw relatie en de natuur.\" \/>\n<meta property=\"og:url\" content=\"https:\/\/www.purepack.nl\/da\/product\/voksende-papir\/\" \/>\n<meta property=\"og:site_name\" content=\"PurePack\" \/>\n<meta property=\"article:publisher\" content=\"https:\/\/www.facebook.com\/p\/purepacknl-100054220551291\/?_rdr\" \/>\n<meta property=\"article:modified_time\" content=\"2025-04-07T08:56:33+00:00\" \/>\n<meta property=\"og:image\" content=\"https:\/\/www.purepack.nl\/wp-content\/uploads\/2024\/08\/3608582006.webp\" \/>\n\t<meta property=\"og:image:width\" content=\"1500\" \/>\n\t<meta property=\"og:image:height\" content=\"1500\" \/>\n\t<meta property=\"og:image:type\" content=\"image\/webp\" \/>\n<meta name=\"twitter:card\" content=\"summary_large_image\" \/>\n<meta name=\"twitter:label1\" content=\"Estimeret l\u00e6setid\" \/>\n\t<meta name=\"twitter:data1\" content=\"1 minut\" \/>\n<script type=\"application\/ld+json\" class=\"yoast-schema-graph\">{\"@context\":\"https:\/\/schema.org\",\"@graph\":[{\"@type\":\"WebPage\",\"@id\":\"https:\/\/www.purepack.nl\/product\/groeipapier\/\",\"url\":\"https:\/\/www.purepack.nl\/product\/groeipapier\/\",\"name\":\"Groeipapier visitekaartje - PurePack\",\"isPartOf\":{\"@id\":\"https:\/\/www.purepack.nl\/nl_nl\/#website\"},\"primaryImageOfPage\":{\"@id\":\"https:\/\/www.purepack.nl\/product\/groeipapier\/#primaryimage\"},\"image\":{\"@id\":\"https:\/\/www.purepack.nl\/product\/groeipapier\/#primaryimage\"},\"thumbnailUrl\":\"https:\/\/www.purepack.nl\/wp-content\/uploads\/2024\/08\/3608582006.webp\",\"datePublished\":\"2024-07-08T09:14:16+00:00\",\"dateModified\":\"2025-04-07T08:56:33+00:00\",\"description\":\"Visitekaartje met zaadjes en eventuele bedrukking. Het onderstreept het zero waste principe en is een mooi geschenk voor uw relatie en de natuur.\",\"breadcrumb\":{\"@id\":\"https:\/\/www.purepack.nl\/product\/groeipapier\/#breadcrumb\"},\"inLanguage\":\"da-DK\",\"potentialAction\":[{\"@type\":\"ReadAction\",\"target\":[\"https:\/\/www.purepack.nl\/product\/groeipapier\/\"]}]},{\"@type\":\"ImageObject\",\"inLanguage\":\"da-DK\",\"@id\":\"https:\/\/www.purepack.nl\/product\/groeipapier\/#primaryimage\",\"url\":\"https:\/\/www.purepack.nl\/wp-content\/uploads\/2024\/08\/3608582006.webp\",\"contentUrl\":\"https:\/\/www.purepack.nl\/wp-content\/uploads\/2024\/08\/3608582006.webp\",\"width\":1500,\"height\":1500,\"caption\":\"visitekaartej groeipapier. bedrukt of onbedrukt.\"},{\"@type\":\"BreadcrumbList\",\"@id\":\"https:\/\/www.purepack.nl\/product\/groeipapier\/#breadcrumb\",\"itemListElement\":[{\"@type\":\"ListItem\",\"position\":1,\"name\":\"Home\",\"item\":\"https:\/\/www.purepack.nl\/\"},{\"@type\":\"ListItem\",\"position\":2,\"name\":\"Winkel\",\"item\":\"https:\/\/www.purepack.nl\/webshop\/\"},{\"@type\":\"ListItem\",\"position\":3,\"name\":\"Groeipapier visitekaartje\"}]},{\"@type\":\"WebSite\",\"@id\":\"https:\/\/www.purepack.nl\/nl_nl\/#website\",\"url\":\"https:\/\/www.purepack.nl\/nl_nl\/\",\"name\":\"PurePack\",\"description\":\"De toekomstbestendige samenwerkingspartner voor verpakkingen\",\"publisher\":{\"@id\":\"https:\/\/www.purepack.nl\/nl_nl\/#organization\"},\"potentialAction\":[{\"@type\":\"SearchAction\",\"target\":{\"@type\":\"EntryPoint\",\"urlTemplate\":\"https:\/\/www.purepack.nl\/nl_nl\/?s={search_term_string}\"},\"query-input\":{\"@type\":\"PropertyValueSpecification\",\"valueRequired\":true,\"valueName\":\"search_term_string\"}}],\"inLanguage\":\"da-DK\"},{\"@type\":\"Organization\",\"@id\":\"https:\/\/www.purepack.nl\/nl_nl\/#organization\",\"name\":\"PurePack\",\"url\":\"https:\/\/www.purepack.nl\/nl_nl\/\",\"logo\":{\"@type\":\"ImageObject\",\"inLanguage\":\"da-DK\",\"@id\":\"https:\/\/www.purepack.nl\/nl_nl\/#\/schema\/logo\/image\/\",\"url\":\"https:\/\/www.purepack.nl\/wp-content\/uploads\/2023\/12\/LOGO.webp\",\"contentUrl\":\"https:\/\/www.purepack.nl\/wp-content\/uploads\/2023\/12\/LOGO.webp\",\"width\":394,\"height\":96,\"caption\":\"PurePack\"},\"image\":{\"@id\":\"https:\/\/www.purepack.nl\/nl_nl\/#\/schema\/logo\/image\/\"},\"sameAs\":[\"https:\/\/www.facebook.com\/p\/purepacknl-100054220551291\/?_rdr\",\"https:\/\/nl.linkedin.com\/company\/purepack\",\"https:\/\/www.instagram.com\/purepack.nl\/\"]}]}<\/script>\n<!-- \/ Yoast SEO plugin. -->","yoast_head_json":{"title":"Visitkort af v\u00e6kstpapir - PurePack","description":"Visitkort med fr\u00f8 og muligt tryk. Det understreger princippet om nul spild og er en god gave til dine forretningsforbindelser og naturen.","robots":{"index":"index","follow":"follow","max-snippet":"max-snippet:-1","max-image-preview":"max-image-preview:large","max-video-preview":"max-video-preview:-1"},"canonical":"https:\/\/www.purepack.nl\/da\/product\/voksende-papir\/","og_locale":"da_DK","og_type":"article","og_title":"Groeipapier visitekaartje - PurePack","og_description":"Visitekaartje met zaadjes en eventuele bedrukking. Het onderstreept het zero waste principe en is een mooi geschenk voor uw relatie en de natuur.","og_url":"https:\/\/www.purepack.nl\/da\/product\/voksende-papir\/","og_site_name":"PurePack","article_publisher":"https:\/\/www.facebook.com\/p\/purepacknl-100054220551291\/?_rdr","article_modified_time":"2025-04-07T08:56:33+00:00","og_image":[{"width":1500,"height":1500,"url":"https:\/\/www.purepack.nl\/wp-content\/uploads\/2024\/08\/3608582006.webp","type":"image\/webp"}],"twitter_card":"summary_large_image","twitter_misc":{"Estimeret l\u00e6setid":"1 minut"},"schema":{"@context":"https:\/\/schema.org","@graph":[{"@type":"WebPage","@id":"https:\/\/www.purepack.nl\/product\/groeipapier\/","url":"https:\/\/www.purepack.nl\/product\/groeipapier\/","name":"Visitkort af v\u00e6kstpapir - PurePack","isPartOf":{"@id":"https:\/\/www.purepack.nl\/nl_nl\/#website"},"primaryImageOfPage":{"@id":"https:\/\/www.purepack.nl\/product\/groeipapier\/#primaryimage"},"image":{"@id":"https:\/\/www.purepack.nl\/product\/groeipapier\/#primaryimage"},"thumbnailUrl":"https:\/\/www.purepack.nl\/wp-content\/uploads\/2024\/08\/3608582006.webp","datePublished":"2024-07-08T09:14:16+00:00","dateModified":"2025-04-07T08:56:33+00:00","description":"Visitkort med fr\u00f8 og muligt tryk. Det understreger princippet om nul spild og er en god gave til dine forretningsforbindelser og naturen.","breadcrumb":{"@id":"https:\/\/www.purepack.nl\/product\/groeipapier\/#breadcrumb"},"inLanguage":"da-DK","potentialAction":[{"@type":"ReadAction","target":["https:\/\/www.purepack.nl\/product\/groeipapier\/"]}]},{"@type":"ImageObject","inLanguage":"da-DK","@id":"https:\/\/www.purepack.nl\/product\/groeipapier\/#primaryimage","url":"https:\/\/www.purepack.nl\/wp-content\/uploads\/2024\/08\/3608582006.webp","contentUrl":"https:\/\/www.purepack.nl\/wp-content\/uploads\/2024\/08\/3608582006.webp","width":1500,"height":1500,"caption":"visitekaartej groeipapier. bedrukt of onbedrukt."},{"@type":"BreadcrumbList","@id":"https:\/\/www.purepack.nl\/product\/groeipapier\/#breadcrumb","itemListElement":[{"@type":"ListItem","position":1,"name":"Home","item":"https:\/\/www.purepack.nl\/"},{"@type":"ListItem","position":2,"name":"Winkel","item":"https:\/\/www.purepack.nl\/webshop\/"},{"@type":"ListItem","position":3,"name":"Groeipapier visitekaartje"}]},{"@type":"WebSite","@id":"https:\/\/www.purepack.nl\/nl_nl\/#website","url":"https:\/\/www.purepack.nl\/nl_nl\/","name":"PurePack,","description":"De toekomstbestendige samenwerkingspartner voor verpakkingen","publisher":{"@id":"https:\/\/www.purepack.nl\/nl_nl\/#organization"},"potentialAction":[{"@type":"SearchAction","target":{"@type":"EntryPoint","urlTemplate":"https:\/\/www.purepack.nl\/nl_nl\/?s={search_term_string}"},"query-input":{"@type":"PropertyValueSpecification","valueRequired":true,"valueName":"search_term_string"}}],"inLanguage":"da-DK"},{"@type":"Organization","@id":"https:\/\/www.purepack.nl\/nl_nl\/#organization","name":"PurePack,","url":"https:\/\/www.purepack.nl\/nl_nl\/","logo":{"@type":"ImageObject","inLanguage":"da-DK","@id":"https:\/\/www.purepack.nl\/nl_nl\/#\/schema\/logo\/image\/","url":"https:\/\/www.purepack.nl\/wp-content\/uploads\/2023\/12\/LOGO.webp","contentUrl":"https:\/\/www.purepack.nl\/wp-content\/uploads\/2023\/12\/LOGO.webp","width":394,"height":96,"caption":"PurePack"},"image":{"@id":"https:\/\/www.purepack.nl\/nl_nl\/#\/schema\/logo\/image\/"},"sameAs":["https:\/\/www.facebook.com\/p\/purepacknl-100054220551291\/?_rdr","https:\/\/nl.linkedin.com\/company\/purepack","https:\/\/www.instagram.com\/purepack.nl\/"]}]}},"_links":{"self":[{"href":"https:\/\/www.purepack.nl\/da\/wp-json\/wp\/v2\/product\/2439","targetHints":{"allow":["GET"]}}],"collection":[{"href":"https:\/\/www.purepack.nl\/da\/wp-json\/wp\/v2\/product"}],"about":[{"href":"https:\/\/www.purepack.nl\/da\/wp-json\/wp\/v2\/types\/product"}],"replies":[{"embeddable":true,"href":"https:\/\/www.purepack.nl\/da\/wp-json\/wp\/v2\/comments?post=2439"}],"wp:featuredmedia":[{"embeddable":true,"href":"https:\/\/www.purepack.nl\/da\/wp-json\/wp\/v2\/media\/2845"}],"wp:attachment":[{"href":"https:\/\/www.purepack.nl\/da\/wp-json\/wp\/v2\/media?parent=2439"}],"wp:term":[{"taxonomy":"product_brand","embeddable":true,"href":"https:\/\/www.purepack.nl\/da\/wp-json\/wp\/v2\/product_brand?post=2439"},{"taxonomy":"product_cat","embeddable":true,"href":"https:\/\/www.purepack.nl\/da\/wp-json\/wp\/v2\/product_cat?post=2439"},{"taxonomy":"product_tag","embeddable":true,"href":"https:\/\/www.purepack.nl\/da\/wp-json\/wp\/v2\/product_tag?post=2439"}],"curies":[{"name":"wp","href":"https:\/\/api.w.org\/{rel}","templated":true}]}}