{"id":2401,"date":"2024-07-08T09:14:10","date_gmt":"2024-07-08T09:14:10","guid":{"rendered":"https:\/\/www.purepack.nl\/product\/fairtrade-katoenen-draagtas-38-x-41-cm\/"},"modified":"2025-03-25T09:35:40","modified_gmt":"2025-03-25T09:35:40","slug":"baerepose-i-fairtrade-bomuld","status":"publish","type":"product","link":"https:\/\/www.purepack.nl\/da\/product\/baerepose-i-fairtrade-bomuld\/","title":{"rendered":"FAIRTRADE\u00ae-bomuldsb\u00e6repose"},"content":{"rendered":"<p>Produkt: B\u00e6retaske - FAIRTRADE.<br \/>\nFarve: Ecru.<br \/>\nPr. \u00e6ske med 100 eller 250 stk.<\/p>","protected":false},"excerpt":{"rendered":"<p>Bredde: 38 cm<br \/>\nH\u00f8jde: 41 cm<br \/>\nMateriale: 100% bomuld - fairtrade<br \/>\nKvalitet: 150 gsm<br \/>\nSpecifikationer: lange sl\u00f8jfer p\u00e5 ca. 70 cm x 2,5 cm brede i Ecru<br \/>\nMinimale afname: Een doos<br \/>\nB\u00e6redygtighed: Fairtrade-poser med en fair pris til bonden<\/p>\n<p>Disse bomuldsb\u00e6reposer b\u00e6rer Fairtrade-m\u00e6rket. Fairtrade betyder bogstaveligt talt \"retf\u00e6rdig handel\". Det sikrer, at producenter i udviklingslande f\u00e5r en l\u00f8n, de kan leve af, for deres produkter. Med Fairtrade-produkter st\u00f8tter du ogs\u00e5 verdensm\u00e5lene for b\u00e6redygtig udvikling p\u00e5 mere end 10 fronter. For blot at n\u00e6vne nogle f\u00e5:<\/p>\n<p>Verdensm\u00e5l 1 - Afskaffelse af fattigdom<br \/>\nVerdensm\u00e5l 2 - Afskaf sult, s\u00f8rg for f\u00f8devaresikkerhed og b\u00e6redygtigt landbrug<br \/>\nVerdensm\u00e5l 12 - B\u00e6redygtige forbrugs- og produktionsm\u00f8nstre<br \/>\nVerdensm\u00e5l 13 - Bek\u00e6mpelse af klimaforandringer<\/p>\n<p>PurePack leverer b\u00e5de specialfremstillede og standardl\u00f8sninger. S\u00e5 hvis du ikke finder en passende l\u00f8sning i vores webshop, bedes du kontakte os for et skr\u00e6ddersyet tilbud via <a href=\"https:\/\/www.purepack.nl\/wp-admin\/edit-tags.php?taxonomy=product_cat&amp;post_type=product#link-popup\">dette formular<\/a> eller send en e-mail til <a href=\"mailto:info@purepack.nl\">info@purepack.nl<\/a> og vi vil sammen finde en passende l\u00f8sning.<\/p>","protected":false},"featured_media":3370,"comment_status":"open","ping_status":"closed","template":"","meta":{"_acf_changed":false},"product_brand":[],"product_cat":[124],"product_tag":[],"class_list":{"0":"post-2401","1":"product","2":"type-product","3":"status-publish","4":"has-post-thumbnail","6":"product_cat-katoenen-draagtassen","7":"product_shipping_class-100pcs","9":"first","10":"instock","11":"taxable","12":"shipping-taxable","13":"purchasable","14":"product-type-variable"},"acf":[],"yoast_head":"<!-- This site is optimized with the Yoast SEO plugin v26.5 - https:\/\/yoast.com\/wordpress\/plugins\/seo\/ -->\n<title>FAIRTRADE\u00ae katoenen draagtas - PurePack<\/title>\n<meta name=\"description\" content=\"FAIRTRADE\u00ae katoenen draagtas. Fairtrade betekent letterlijk: \u2018eerlijke handel\u2019. De tassen zijn custom te bedrukken, reclame op een eerlijke manier.\" \/>\n<meta name=\"robots\" content=\"index, follow, max-snippet:-1, max-image-preview:large, max-video-preview:-1\" \/>\n<link rel=\"canonical\" href=\"https:\/\/www.purepack.nl\/da\/product\/baerepose-i-fairtrade-bomuld\/\" \/>\n<meta property=\"og:locale\" content=\"da_DK\" \/>\n<meta property=\"og:type\" content=\"article\" \/>\n<meta property=\"og:title\" content=\"FAIRTRADE\u00ae katoenen draagtas - PurePack\" \/>\n<meta property=\"og:description\" content=\"FAIRTRADE\u00ae katoenen draagtas. Fairtrade betekent letterlijk: \u2018eerlijke handel\u2019. De tassen zijn custom te bedrukken, reclame op een eerlijke manier.\" \/>\n<meta property=\"og:url\" content=\"https:\/\/www.purepack.nl\/da\/product\/baerepose-i-fairtrade-bomuld\/\" \/>\n<meta property=\"og:site_name\" content=\"PurePack\" \/>\n<meta property=\"article:publisher\" content=\"https:\/\/www.facebook.com\/p\/purepacknl-100054220551291\/?_rdr\" \/>\n<meta property=\"article:modified_time\" content=\"2025-03-25T09:35:40+00:00\" \/>\n<meta property=\"og:image\" content=\"https:\/\/www.purepack.nl\/wp-content\/uploads\/2024\/09\/DKE002.webp\" \/>\n\t<meta property=\"og:image:width\" content=\"1919\" \/>\n\t<meta property=\"og:image:height\" content=\"1920\" \/>\n\t<meta property=\"og:image:type\" content=\"image\/webp\" \/>\n<meta name=\"twitter:card\" content=\"summary_large_image\" \/>\n<meta name=\"twitter:label1\" content=\"Estimeret l\u00e6setid\" \/>\n\t<meta name=\"twitter:data1\" content=\"1 minut\" \/>\n<script type=\"application\/ld+json\" class=\"yoast-schema-graph\">{\"@context\":\"https:\/\/schema.org\",\"@graph\":[{\"@type\":\"WebPage\",\"@id\":\"https:\/\/www.purepack.nl\/product\/fairtrade-katoenen-draagtas\/\",\"url\":\"https:\/\/www.purepack.nl\/product\/fairtrade-katoenen-draagtas\/\",\"name\":\"FAIRTRADE\u00ae katoenen draagtas - PurePack\",\"isPartOf\":{\"@id\":\"https:\/\/www.purepack.nl\/nl_nl\/#website\"},\"primaryImageOfPage\":{\"@id\":\"https:\/\/www.purepack.nl\/product\/fairtrade-katoenen-draagtas\/#primaryimage\"},\"image\":{\"@id\":\"https:\/\/www.purepack.nl\/product\/fairtrade-katoenen-draagtas\/#primaryimage\"},\"thumbnailUrl\":\"https:\/\/www.purepack.nl\/wp-content\/uploads\/2024\/09\/DKE002.webp\",\"datePublished\":\"2024-07-08T09:14:10+00:00\",\"dateModified\":\"2025-03-25T09:35:40+00:00\",\"description\":\"FAIRTRADE\u00ae katoenen draagtas. Fairtrade betekent letterlijk: \u2018eerlijke handel\u2019. De tassen zijn custom te bedrukken, reclame op een eerlijke manier.\",\"breadcrumb\":{\"@id\":\"https:\/\/www.purepack.nl\/product\/fairtrade-katoenen-draagtas\/#breadcrumb\"},\"inLanguage\":\"da-DK\",\"potentialAction\":[{\"@type\":\"ReadAction\",\"target\":[\"https:\/\/www.purepack.nl\/product\/fairtrade-katoenen-draagtas\/\"]}]},{\"@type\":\"ImageObject\",\"inLanguage\":\"da-DK\",\"@id\":\"https:\/\/www.purepack.nl\/product\/fairtrade-katoenen-draagtas\/#primaryimage\",\"url\":\"https:\/\/www.purepack.nl\/wp-content\/uploads\/2024\/09\/DKE002.webp\",\"contentUrl\":\"https:\/\/www.purepack.nl\/wp-content\/uploads\/2024\/09\/DKE002.webp\",\"width\":1919,\"height\":1920,\"caption\":\"FAIRTRADE ecru katoenen draagtassen\"},{\"@type\":\"BreadcrumbList\",\"@id\":\"https:\/\/www.purepack.nl\/product\/fairtrade-katoenen-draagtas\/#breadcrumb\",\"itemListElement\":[{\"@type\":\"ListItem\",\"position\":1,\"name\":\"Home\",\"item\":\"https:\/\/www.purepack.nl\/\"},{\"@type\":\"ListItem\",\"position\":2,\"name\":\"Winkel\",\"item\":\"https:\/\/www.purepack.nl\/webshop\/\"},{\"@type\":\"ListItem\",\"position\":3,\"name\":\"FAIRTRADE\u00ae katoenen draagtas\"}]},{\"@type\":\"WebSite\",\"@id\":\"https:\/\/www.purepack.nl\/nl_nl\/#website\",\"url\":\"https:\/\/www.purepack.nl\/nl_nl\/\",\"name\":\"PurePack\",\"description\":\"De toekomstbestendige samenwerkingspartner voor verpakkingen\",\"publisher\":{\"@id\":\"https:\/\/www.purepack.nl\/nl_nl\/#organization\"},\"potentialAction\":[{\"@type\":\"SearchAction\",\"target\":{\"@type\":\"EntryPoint\",\"urlTemplate\":\"https:\/\/www.purepack.nl\/nl_nl\/?s={search_term_string}\"},\"query-input\":{\"@type\":\"PropertyValueSpecification\",\"valueRequired\":true,\"valueName\":\"search_term_string\"}}],\"inLanguage\":\"da-DK\"},{\"@type\":\"Organization\",\"@id\":\"https:\/\/www.purepack.nl\/nl_nl\/#organization\",\"name\":\"PurePack\",\"url\":\"https:\/\/www.purepack.nl\/nl_nl\/\",\"logo\":{\"@type\":\"ImageObject\",\"inLanguage\":\"da-DK\",\"@id\":\"https:\/\/www.purepack.nl\/nl_nl\/#\/schema\/logo\/image\/\",\"url\":\"https:\/\/www.purepack.nl\/wp-content\/uploads\/2023\/12\/LOGO.webp\",\"contentUrl\":\"https:\/\/www.purepack.nl\/wp-content\/uploads\/2023\/12\/LOGO.webp\",\"width\":394,\"height\":96,\"caption\":\"PurePack\"},\"image\":{\"@id\":\"https:\/\/www.purepack.nl\/nl_nl\/#\/schema\/logo\/image\/\"},\"sameAs\":[\"https:\/\/www.facebook.com\/p\/purepacknl-100054220551291\/?_rdr\",\"https:\/\/nl.linkedin.com\/company\/purepack\",\"https:\/\/www.instagram.com\/purepack.nl\/\"]}]}<\/script>\n<!-- \/ Yoast SEO plugin. -->","yoast_head_json":{"title":"FAIRTRADE\u00ae b\u00e6repose i bomuld - PurePack","description":"FAIRTRADE\u00ae-bomuldsb\u00e6repose. Fairtrade betyder bogstaveligt talt 'retf\u00e6rdig handel'. Poserne kan trykkes med eget tryk, fairtrade-reklame.","robots":{"index":"index","follow":"follow","max-snippet":"max-snippet:-1","max-image-preview":"max-image-preview:large","max-video-preview":"max-video-preview:-1"},"canonical":"https:\/\/www.purepack.nl\/da\/product\/baerepose-i-fairtrade-bomuld\/","og_locale":"da_DK","og_type":"article","og_title":"FAIRTRADE\u00ae katoenen draagtas - PurePack","og_description":"FAIRTRADE\u00ae katoenen draagtas. Fairtrade betekent letterlijk: \u2018eerlijke handel\u2019. De tassen zijn custom te bedrukken, reclame op een eerlijke manier.","og_url":"https:\/\/www.purepack.nl\/da\/product\/baerepose-i-fairtrade-bomuld\/","og_site_name":"PurePack","article_publisher":"https:\/\/www.facebook.com\/p\/purepacknl-100054220551291\/?_rdr","article_modified_time":"2025-03-25T09:35:40+00:00","og_image":[{"width":1919,"height":1920,"url":"https:\/\/www.purepack.nl\/wp-content\/uploads\/2024\/09\/DKE002.webp","type":"image\/webp"}],"twitter_card":"summary_large_image","twitter_misc":{"Estimeret l\u00e6setid":"1 minut"},"schema":{"@context":"https:\/\/schema.org","@graph":[{"@type":"WebPage","@id":"https:\/\/www.purepack.nl\/product\/fairtrade-katoenen-draagtas\/","url":"https:\/\/www.purepack.nl\/product\/fairtrade-katoenen-draagtas\/","name":"FAIRTRADE\u00ae b\u00e6repose i bomuld - PurePack","isPartOf":{"@id":"https:\/\/www.purepack.nl\/nl_nl\/#website"},"primaryImageOfPage":{"@id":"https:\/\/www.purepack.nl\/product\/fairtrade-katoenen-draagtas\/#primaryimage"},"image":{"@id":"https:\/\/www.purepack.nl\/product\/fairtrade-katoenen-draagtas\/#primaryimage"},"thumbnailUrl":"https:\/\/www.purepack.nl\/wp-content\/uploads\/2024\/09\/DKE002.webp","datePublished":"2024-07-08T09:14:10+00:00","dateModified":"2025-03-25T09:35:40+00:00","description":"FAIRTRADE\u00ae-bomuldsb\u00e6repose. Fairtrade betyder bogstaveligt talt 'retf\u00e6rdig handel'. Poserne kan trykkes med eget tryk, fairtrade-reklame.","breadcrumb":{"@id":"https:\/\/www.purepack.nl\/product\/fairtrade-katoenen-draagtas\/#breadcrumb"},"inLanguage":"da-DK","potentialAction":[{"@type":"ReadAction","target":["https:\/\/www.purepack.nl\/product\/fairtrade-katoenen-draagtas\/"]}]},{"@type":"ImageObject","inLanguage":"da-DK","@id":"https:\/\/www.purepack.nl\/product\/fairtrade-katoenen-draagtas\/#primaryimage","url":"https:\/\/www.purepack.nl\/wp-content\/uploads\/2024\/09\/DKE002.webp","contentUrl":"https:\/\/www.purepack.nl\/wp-content\/uploads\/2024\/09\/DKE002.webp","width":1919,"height":1920,"caption":"FAIRTRADE ecru katoenen draagtassen"},{"@type":"BreadcrumbList","@id":"https:\/\/www.purepack.nl\/product\/fairtrade-katoenen-draagtas\/#breadcrumb","itemListElement":[{"@type":"ListItem","position":1,"name":"Home","item":"https:\/\/www.purepack.nl\/"},{"@type":"ListItem","position":2,"name":"Winkel","item":"https:\/\/www.purepack.nl\/webshop\/"},{"@type":"ListItem","position":3,"name":"FAIRTRADE\u00ae katoenen draagtas"}]},{"@type":"WebSite","@id":"https:\/\/www.purepack.nl\/nl_nl\/#website","url":"https:\/\/www.purepack.nl\/nl_nl\/","name":"PurePack,","description":"De toekomstbestendige samenwerkingspartner voor verpakkingen","publisher":{"@id":"https:\/\/www.purepack.nl\/nl_nl\/#organization"},"potentialAction":[{"@type":"SearchAction","target":{"@type":"EntryPoint","urlTemplate":"https:\/\/www.purepack.nl\/nl_nl\/?s={search_term_string}"},"query-input":{"@type":"PropertyValueSpecification","valueRequired":true,"valueName":"search_term_string"}}],"inLanguage":"da-DK"},{"@type":"Organization","@id":"https:\/\/www.purepack.nl\/nl_nl\/#organization","name":"PurePack,","url":"https:\/\/www.purepack.nl\/nl_nl\/","logo":{"@type":"ImageObject","inLanguage":"da-DK","@id":"https:\/\/www.purepack.nl\/nl_nl\/#\/schema\/logo\/image\/","url":"https:\/\/www.purepack.nl\/wp-content\/uploads\/2023\/12\/LOGO.webp","contentUrl":"https:\/\/www.purepack.nl\/wp-content\/uploads\/2023\/12\/LOGO.webp","width":394,"height":96,"caption":"PurePack"},"image":{"@id":"https:\/\/www.purepack.nl\/nl_nl\/#\/schema\/logo\/image\/"},"sameAs":["https:\/\/www.facebook.com\/p\/purepacknl-100054220551291\/?_rdr","https:\/\/nl.linkedin.com\/company\/purepack","https:\/\/www.instagram.com\/purepack.nl\/"]}]}},"_links":{"self":[{"href":"https:\/\/www.purepack.nl\/da\/wp-json\/wp\/v2\/product\/2401","targetHints":{"allow":["GET"]}}],"collection":[{"href":"https:\/\/www.purepack.nl\/da\/wp-json\/wp\/v2\/product"}],"about":[{"href":"https:\/\/www.purepack.nl\/da\/wp-json\/wp\/v2\/types\/product"}],"replies":[{"embeddable":true,"href":"https:\/\/www.purepack.nl\/da\/wp-json\/wp\/v2\/comments?post=2401"}],"wp:featuredmedia":[{"embeddable":true,"href":"https:\/\/www.purepack.nl\/da\/wp-json\/wp\/v2\/media\/3370"}],"wp:attachment":[{"href":"https:\/\/www.purepack.nl\/da\/wp-json\/wp\/v2\/media?parent=2401"}],"wp:term":[{"taxonomy":"product_brand","embeddable":true,"href":"https:\/\/www.purepack.nl\/da\/wp-json\/wp\/v2\/product_brand?post=2401"},{"taxonomy":"product_cat","embeddable":true,"href":"https:\/\/www.purepack.nl\/da\/wp-json\/wp\/v2\/product_cat?post=2401"},{"taxonomy":"product_tag","embeddable":true,"href":"https:\/\/www.purepack.nl\/da\/wp-json\/wp\/v2\/product_tag?post=2401"}],"curies":[{"name":"wp","href":"https:\/\/api.w.org\/{rel}","templated":true}]}}