{"id":2398,"date":"2024-07-08T09:14:09","date_gmt":"2024-07-08T09:14:09","guid":{"rendered":"https:\/\/www.purepack.nl\/product\/e-commerce-verzenddoos-stippels-43-x-36-x-15-cm\/"},"modified":"2025-04-02T09:01:47","modified_gmt":"2025-04-02T09:01:47","slug":"e-handelsforsendelsesboks-med-prikker","status":"publish","type":"product","link":"https:\/\/www.purepack.nl\/da\/product\/e-handelsforsendelsesboks-med-prikker\/","title":{"rendered":"Forsendelsesboks til e-handel med prikker"},"content":{"rendered":"<p>Produkt: Forsendelses\u00e6ske.<br \/>\nFarve: brun med prikker.<\/p>\n<p>2 st\u00f8rrelser<br \/>\n- 33 x 25 x 8 cm: 50 pr. \u00e6ske x \u20ac1,58<br \/>\n- 43 x 36 x 15 cm: 25 pr. \u00e6ske x \u20ac3,42<\/p>","protected":false},"excerpt":{"rendered":"<p>Materiale: b\u00f8lgepap.<br \/>\nSpecifikation: enkelt b\u00f8lgepap med en tykkelse p\u00e5 1,5 mm, udstyret med dobbelt kl\u00e6bestrimmel og en perforeringsstrimmel.<br \/>\nMinimumsbestilling: En kasse.<br \/>\nB\u00e6redygtighed: Fuldt genanvendelig<\/p>\n<p>Eget design: &gt; 500 stk.<\/p>\n<p>PurePack leverer b\u00e5de specialfremstillede og standardl\u00f8sninger. S\u00e5 hvis du ikke finder en passende l\u00f8sning i vores webshop, bedes du kontakte os for et skr\u00e6ddersyet tilbud via\u00a0<a href=\"https:\/\/www.purepack.nl\/wp-admin\/edit-tags.php?taxonomy=product_cat&amp;post_type=product\">dette formular<\/a>\u00a0eller send en e-mail til\u00a0<a href=\"mailto:info@purepack.nl\">info@purepack.nl<\/a>\u00a0og vi vil sammen finde en passende l\u00f8sning.<\/p>","protected":false},"featured_media":3296,"comment_status":"open","ping_status":"closed","template":"","meta":{"_acf_changed":false},"product_brand":[],"product_cat":[121],"product_tag":[],"class_list":{"0":"post-2398","1":"product","2":"type-product","3":"status-publish","4":"has-post-thumbnail","6":"product_cat-verzenddozen-met-patroon-of-tekst","7":"product_shipping_class-25pcs","9":"first","10":"instock","11":"taxable","12":"shipping-taxable","13":"purchasable","14":"product-type-variable"},"acf":[],"yoast_head":"<!-- This site is optimized with the Yoast SEO plugin v26.5 - https:\/\/yoast.com\/wordpress\/plugins\/seo\/ -->\n<title>E-commerce verzenddoos stippels - PurePack<\/title>\n<meta name=\"description\" content=\"Mooie duurzame E-commerce verzenddozen met klep. Om op een duurzame manier uw producten te versturen.\" \/>\n<meta name=\"robots\" content=\"index, follow, max-snippet:-1, max-image-preview:large, max-video-preview:-1\" \/>\n<link rel=\"canonical\" href=\"https:\/\/www.purepack.nl\/da\/product\/e-handelsforsendelsesboks-med-prikker\/\" \/>\n<meta property=\"og:locale\" content=\"da_DK\" \/>\n<meta property=\"og:type\" content=\"article\" \/>\n<meta property=\"og:title\" content=\"E-commerce verzenddoos stippels - PurePack\" \/>\n<meta property=\"og:description\" content=\"Mooie duurzame E-commerce verzenddozen met klep. Om op een duurzame manier uw producten te versturen.\" \/>\n<meta property=\"og:url\" content=\"https:\/\/www.purepack.nl\/da\/product\/e-handelsforsendelsesboks-med-prikker\/\" \/>\n<meta property=\"og:site_name\" content=\"PurePack\" \/>\n<meta property=\"article:publisher\" content=\"https:\/\/www.facebook.com\/p\/purepacknl-100054220551291\/?_rdr\" \/>\n<meta property=\"article:modified_time\" content=\"2025-04-02T09:01:47+00:00\" \/>\n<meta property=\"og:image\" content=\"https:\/\/www.purepack.nl\/wp-content\/uploads\/2024\/07\/VPD063.webp\" \/>\n\t<meta property=\"og:image:width\" content=\"911\" \/>\n\t<meta property=\"og:image:height\" content=\"911\" \/>\n\t<meta property=\"og:image:type\" content=\"image\/webp\" \/>\n<meta name=\"twitter:card\" content=\"summary_large_image\" \/>\n<meta name=\"twitter:label1\" content=\"Estimeret l\u00e6setid\" \/>\n\t<meta name=\"twitter:data1\" content=\"1 minut\" \/>\n<script type=\"application\/ld+json\" class=\"yoast-schema-graph\">{\"@context\":\"https:\/\/schema.org\",\"@graph\":[{\"@type\":\"WebPage\",\"@id\":\"https:\/\/www.purepack.nl\/product\/e-commerce-verzenddoos-stippels\/\",\"url\":\"https:\/\/www.purepack.nl\/product\/e-commerce-verzenddoos-stippels\/\",\"name\":\"E-commerce verzenddoos stippels - PurePack\",\"isPartOf\":{\"@id\":\"https:\/\/www.purepack.nl\/nl_nl\/#website\"},\"primaryImageOfPage\":{\"@id\":\"https:\/\/www.purepack.nl\/product\/e-commerce-verzenddoos-stippels\/#primaryimage\"},\"image\":{\"@id\":\"https:\/\/www.purepack.nl\/product\/e-commerce-verzenddoos-stippels\/#primaryimage\"},\"thumbnailUrl\":\"https:\/\/www.purepack.nl\/wp-content\/uploads\/2024\/07\/VPD063.webp\",\"datePublished\":\"2024-07-08T09:14:09+00:00\",\"dateModified\":\"2025-04-02T09:01:47+00:00\",\"description\":\"Mooie duurzame E-commerce verzenddozen met klep. Om op een duurzame manier uw producten te versturen.\",\"breadcrumb\":{\"@id\":\"https:\/\/www.purepack.nl\/product\/e-commerce-verzenddoos-stippels\/#breadcrumb\"},\"inLanguage\":\"da-DK\",\"potentialAction\":[{\"@type\":\"ReadAction\",\"target\":[\"https:\/\/www.purepack.nl\/product\/e-commerce-verzenddoos-stippels\/\"]}]},{\"@type\":\"ImageObject\",\"inLanguage\":\"da-DK\",\"@id\":\"https:\/\/www.purepack.nl\/product\/e-commerce-verzenddoos-stippels\/#primaryimage\",\"url\":\"https:\/\/www.purepack.nl\/wp-content\/uploads\/2024\/07\/VPD063.webp\",\"contentUrl\":\"https:\/\/www.purepack.nl\/wp-content\/uploads\/2024\/07\/VPD063.webp\",\"width\":911,\"height\":911,\"caption\":\"Verzenddoos met stippel patroon.\"},{\"@type\":\"BreadcrumbList\",\"@id\":\"https:\/\/www.purepack.nl\/product\/e-commerce-verzenddoos-stippels\/#breadcrumb\",\"itemListElement\":[{\"@type\":\"ListItem\",\"position\":1,\"name\":\"Home\",\"item\":\"https:\/\/www.purepack.nl\/\"},{\"@type\":\"ListItem\",\"position\":2,\"name\":\"Winkel\",\"item\":\"https:\/\/www.purepack.nl\/webshop\/\"},{\"@type\":\"ListItem\",\"position\":3,\"name\":\"E-commerce verzenddoos stippels\"}]},{\"@type\":\"WebSite\",\"@id\":\"https:\/\/www.purepack.nl\/nl_nl\/#website\",\"url\":\"https:\/\/www.purepack.nl\/nl_nl\/\",\"name\":\"PurePack\",\"description\":\"De toekomstbestendige samenwerkingspartner voor verpakkingen\",\"publisher\":{\"@id\":\"https:\/\/www.purepack.nl\/nl_nl\/#organization\"},\"potentialAction\":[{\"@type\":\"SearchAction\",\"target\":{\"@type\":\"EntryPoint\",\"urlTemplate\":\"https:\/\/www.purepack.nl\/nl_nl\/?s={search_term_string}\"},\"query-input\":{\"@type\":\"PropertyValueSpecification\",\"valueRequired\":true,\"valueName\":\"search_term_string\"}}],\"inLanguage\":\"da-DK\"},{\"@type\":\"Organization\",\"@id\":\"https:\/\/www.purepack.nl\/nl_nl\/#organization\",\"name\":\"PurePack\",\"url\":\"https:\/\/www.purepack.nl\/nl_nl\/\",\"logo\":{\"@type\":\"ImageObject\",\"inLanguage\":\"da-DK\",\"@id\":\"https:\/\/www.purepack.nl\/nl_nl\/#\/schema\/logo\/image\/\",\"url\":\"https:\/\/www.purepack.nl\/wp-content\/uploads\/2023\/12\/LOGO.webp\",\"contentUrl\":\"https:\/\/www.purepack.nl\/wp-content\/uploads\/2023\/12\/LOGO.webp\",\"width\":394,\"height\":96,\"caption\":\"PurePack\"},\"image\":{\"@id\":\"https:\/\/www.purepack.nl\/nl_nl\/#\/schema\/logo\/image\/\"},\"sameAs\":[\"https:\/\/www.facebook.com\/p\/purepacknl-100054220551291\/?_rdr\",\"https:\/\/nl.linkedin.com\/company\/purepack\",\"https:\/\/www.instagram.com\/purepack.nl\/\"]}]}<\/script>\n<!-- \/ Yoast SEO plugin. -->","yoast_head_json":{"title":"Forsendelsesboks til e-handel med prikker - PurePack","description":"Smukke, b\u00e6redygtige forsendelseskasser til e-handel med klap. Til at sende dine produkter p\u00e5 en b\u00e6redygtig m\u00e5de.","robots":{"index":"index","follow":"follow","max-snippet":"max-snippet:-1","max-image-preview":"max-image-preview:large","max-video-preview":"max-video-preview:-1"},"canonical":"https:\/\/www.purepack.nl\/da\/product\/e-handelsforsendelsesboks-med-prikker\/","og_locale":"da_DK","og_type":"article","og_title":"E-commerce verzenddoos stippels - PurePack","og_description":"Mooie duurzame E-commerce verzenddozen met klep. Om op een duurzame manier uw producten te versturen.","og_url":"https:\/\/www.purepack.nl\/da\/product\/e-handelsforsendelsesboks-med-prikker\/","og_site_name":"PurePack","article_publisher":"https:\/\/www.facebook.com\/p\/purepacknl-100054220551291\/?_rdr","article_modified_time":"2025-04-02T09:01:47+00:00","og_image":[{"width":911,"height":911,"url":"https:\/\/www.purepack.nl\/wp-content\/uploads\/2024\/07\/VPD063.webp","type":"image\/webp"}],"twitter_card":"summary_large_image","twitter_misc":{"Estimeret l\u00e6setid":"1 minut"},"schema":{"@context":"https:\/\/schema.org","@graph":[{"@type":"WebPage","@id":"https:\/\/www.purepack.nl\/product\/e-commerce-verzenddoos-stippels\/","url":"https:\/\/www.purepack.nl\/product\/e-commerce-verzenddoos-stippels\/","name":"Forsendelsesboks til e-handel med prikker - PurePack","isPartOf":{"@id":"https:\/\/www.purepack.nl\/nl_nl\/#website"},"primaryImageOfPage":{"@id":"https:\/\/www.purepack.nl\/product\/e-commerce-verzenddoos-stippels\/#primaryimage"},"image":{"@id":"https:\/\/www.purepack.nl\/product\/e-commerce-verzenddoos-stippels\/#primaryimage"},"thumbnailUrl":"https:\/\/www.purepack.nl\/wp-content\/uploads\/2024\/07\/VPD063.webp","datePublished":"2024-07-08T09:14:09+00:00","dateModified":"2025-04-02T09:01:47+00:00","description":"Smukke, b\u00e6redygtige forsendelseskasser til e-handel med klap. Til at sende dine produkter p\u00e5 en b\u00e6redygtig m\u00e5de.","breadcrumb":{"@id":"https:\/\/www.purepack.nl\/product\/e-commerce-verzenddoos-stippels\/#breadcrumb"},"inLanguage":"da-DK","potentialAction":[{"@type":"ReadAction","target":["https:\/\/www.purepack.nl\/product\/e-commerce-verzenddoos-stippels\/"]}]},{"@type":"ImageObject","inLanguage":"da-DK","@id":"https:\/\/www.purepack.nl\/product\/e-commerce-verzenddoos-stippels\/#primaryimage","url":"https:\/\/www.purepack.nl\/wp-content\/uploads\/2024\/07\/VPD063.webp","contentUrl":"https:\/\/www.purepack.nl\/wp-content\/uploads\/2024\/07\/VPD063.webp","width":911,"height":911,"caption":"Verzenddoos met stippel patroon."},{"@type":"BreadcrumbList","@id":"https:\/\/www.purepack.nl\/product\/e-commerce-verzenddoos-stippels\/#breadcrumb","itemListElement":[{"@type":"ListItem","position":1,"name":"Home","item":"https:\/\/www.purepack.nl\/"},{"@type":"ListItem","position":2,"name":"Winkel","item":"https:\/\/www.purepack.nl\/webshop\/"},{"@type":"ListItem","position":3,"name":"E-commerce verzenddoos stippels"}]},{"@type":"WebSite","@id":"https:\/\/www.purepack.nl\/nl_nl\/#website","url":"https:\/\/www.purepack.nl\/nl_nl\/","name":"PurePack,","description":"De toekomstbestendige samenwerkingspartner voor verpakkingen","publisher":{"@id":"https:\/\/www.purepack.nl\/nl_nl\/#organization"},"potentialAction":[{"@type":"SearchAction","target":{"@type":"EntryPoint","urlTemplate":"https:\/\/www.purepack.nl\/nl_nl\/?s={search_term_string}"},"query-input":{"@type":"PropertyValueSpecification","valueRequired":true,"valueName":"search_term_string"}}],"inLanguage":"da-DK"},{"@type":"Organization","@id":"https:\/\/www.purepack.nl\/nl_nl\/#organization","name":"PurePack,","url":"https:\/\/www.purepack.nl\/nl_nl\/","logo":{"@type":"ImageObject","inLanguage":"da-DK","@id":"https:\/\/www.purepack.nl\/nl_nl\/#\/schema\/logo\/image\/","url":"https:\/\/www.purepack.nl\/wp-content\/uploads\/2023\/12\/LOGO.webp","contentUrl":"https:\/\/www.purepack.nl\/wp-content\/uploads\/2023\/12\/LOGO.webp","width":394,"height":96,"caption":"PurePack"},"image":{"@id":"https:\/\/www.purepack.nl\/nl_nl\/#\/schema\/logo\/image\/"},"sameAs":["https:\/\/www.facebook.com\/p\/purepacknl-100054220551291\/?_rdr","https:\/\/nl.linkedin.com\/company\/purepack","https:\/\/www.instagram.com\/purepack.nl\/"]}]}},"_links":{"self":[{"href":"https:\/\/www.purepack.nl\/da\/wp-json\/wp\/v2\/product\/2398","targetHints":{"allow":["GET"]}}],"collection":[{"href":"https:\/\/www.purepack.nl\/da\/wp-json\/wp\/v2\/product"}],"about":[{"href":"https:\/\/www.purepack.nl\/da\/wp-json\/wp\/v2\/types\/product"}],"replies":[{"embeddable":true,"href":"https:\/\/www.purepack.nl\/da\/wp-json\/wp\/v2\/comments?post=2398"}],"wp:featuredmedia":[{"embeddable":true,"href":"https:\/\/www.purepack.nl\/da\/wp-json\/wp\/v2\/media\/3296"}],"wp:attachment":[{"href":"https:\/\/www.purepack.nl\/da\/wp-json\/wp\/v2\/media?parent=2398"}],"wp:term":[{"taxonomy":"product_brand","embeddable":true,"href":"https:\/\/www.purepack.nl\/da\/wp-json\/wp\/v2\/product_brand?post=2398"},{"taxonomy":"product_cat","embeddable":true,"href":"https:\/\/www.purepack.nl\/da\/wp-json\/wp\/v2\/product_cat?post=2398"},{"taxonomy":"product_tag","embeddable":true,"href":"https:\/\/www.purepack.nl\/da\/wp-json\/wp\/v2\/product_tag?post=2398"}],"curies":[{"name":"wp","href":"https:\/\/api.w.org\/{rel}","templated":true}]}}