{"id":2356,"date":"2024-07-08T09:14:04","date_gmt":"2024-07-08T09:14:04","guid":{"rendered":"https:\/\/www.purepack.nl\/product\/blokbodem-zak-cellulose-paperwise-130-2-x-35-x-340-mm-large\/"},"modified":"2025-03-25T15:33:23","modified_gmt":"2025-03-25T15:33:23","slug":"blok-bundpose-cellulose-papirvis","status":"publish","type":"product","link":"https:\/\/www.purepack.nl\/da\/product\/blok-bundpose-cellulose-papirvis\/","title":{"rendered":"PaperWise blok bundposer"},"content":{"rendered":"<p>Produkt: Pose med blokbund.<br \/>\nFarve: PaperWise, lyst papir.<\/p>\n<p>Pr. kasse med 500 eller 1000 stk.<\/p>","protected":false},"excerpt":{"rendered":"<p>Materiale: PaperWise\/Cellulose.<br \/>\nTykkelse: 100 micron<br \/>\nMinimumsordre: 1000 stk. (store: 500 stykker).<br \/>\nB\u00e6redygtighed: Baseret p\u00e5 vedvarende r\u00e5materialer, fremstillet af certificerede komposterbare materialer DIN EN 13432 af DIN CERTCO.<br \/>\nEget design: op til 8 farver trykt &gt; 25.000 stk.<\/p>\n<p><span class=\"TextRun Highlight SCXW208176743 BCX4\" lang=\"NL-NL\" xml:lang=\"NL-NL\" data-contrast=\"none\"><span class=\"NormalTextRun SCXW208176743 BCX4\" data-ccp-parastyle=\"No Spacing\">PurePack,<\/span><span class=\"NormalTextRun SCXW208176743 BCX4\" data-ccp-parastyle=\"No Spacing\"> leverer b\u00e5de specialfremstillede og <\/span><span class=\"NormalTextRun SCXW208176743 BCX4\" data-ccp-parastyle=\"No Spacing\">standardl\u00f8sninger<\/span><span class=\"NormalTextRun SCXW208176743 BCX4\" data-ccp-parastyle=\"No Spacing\">. S\u00e5 hvis du ikke finder en passende l\u00f8sning i vores webshop, bedes du kontakte os for et skr\u00e6ddersyet tilbud via<\/span><\/span><a class=\"Hyperlink SCXW208176743 BCX4\" href=\"https:\/\/www.purepack.nl\/wp-admin\/edit-tags.php?taxonomy=product_cat&amp;post_type=product\" target=\"_blank\" rel=\"noreferrer noopener\"><span class=\"TextRun Highlight SCXW208176743 BCX4\" lang=\"NL-NL\" xml:lang=\"NL-NL\" data-contrast=\"none\"><span class=\"NormalTextRun SCXW208176743 BCX4\" data-ccp-parastyle=\"No Spacing\">dette formular<\/span><\/span><\/a><span class=\"TextRun Highlight SCXW208176743 BCX4\" lang=\"NL-NL\" xml:lang=\"NL-NL\" data-contrast=\"none\"><span class=\"NormalTextRun SCXW208176743 BCX4\" data-ccp-parastyle=\"No Spacing\">eller send en e-mail til<\/span><\/span><a class=\"Hyperlink SCXW208176743 BCX4\" href=\"mailto:info@purepack.nl\" target=\"_blank\" rel=\"noreferrer noopener\"><span class=\"TextRun Highlight SCXW208176743 BCX4\" lang=\"NL-NL\" xml:lang=\"NL-NL\" data-contrast=\"none\"><span class=\"NormalTextRun SCXW208176743 BCX4\" data-ccp-parastyle=\"No Spacing\">info@purepack.nl<\/span><\/span><\/a><span class=\"TextRun Highlight SCXW208176743 BCX4\" lang=\"NL-NL\" xml:lang=\"NL-NL\" data-contrast=\"none\"><span class=\"NormalTextRun SCXW208176743 BCX4\" data-ccp-parastyle=\"No Spacing\">og vi vil sammen finde en passende l\u00f8sning.<\/span><\/span><span class=\"EOP SCXW208176743 BCX4\" data-ccp-props=\"{&quot;201341983&quot;:0,&quot;335559739&quot;:0,&quot;335559740&quot;:240}\">\u00a0<\/span><\/p>","protected":false},"featured_media":2809,"comment_status":"open","ping_status":"closed","template":"","meta":{"_acf_changed":false},"product_brand":[],"product_cat":[102],"product_tag":[],"class_list":{"0":"post-2356","1":"product","2":"type-product","3":"status-publish","4":"has-post-thumbnail","6":"product_cat-composterbare-paperwise-zakken","7":"product_shipping_class-1000pcs","9":"first","10":"instock","11":"taxable","12":"shipping-taxable","13":"purchasable","14":"product-type-variable"},"acf":[],"yoast_head":"<!-- This site is optimized with the Yoast SEO plugin v26.5 - https:\/\/yoast.com\/wordpress\/plugins\/seo\/ -->\n<title>PaperWise Blokbodem zakken - PurePack<\/title>\n<meta name=\"description\" content=\"PaperWise blokbodem zakken zijn composteerbaar en biologisch afbreekbaar. PaperWise is gemaakt van landbouwafval en is volledig boomvrij.\" \/>\n<meta name=\"robots\" content=\"index, follow, max-snippet:-1, max-image-preview:large, max-video-preview:-1\" \/>\n<link rel=\"canonical\" href=\"https:\/\/www.purepack.nl\/da\/product\/blok-bundpose-cellulose-papirvis\/\" \/>\n<meta property=\"og:locale\" content=\"da_DK\" \/>\n<meta property=\"og:type\" content=\"article\" \/>\n<meta property=\"og:title\" content=\"PaperWise Blokbodem zakken - PurePack\" \/>\n<meta property=\"og:description\" content=\"PaperWise blokbodem zakken zijn composteerbaar en biologisch afbreekbaar. PaperWise is gemaakt van landbouwafval en is volledig boomvrij.\" \/>\n<meta property=\"og:url\" content=\"https:\/\/www.purepack.nl\/da\/product\/blok-bundpose-cellulose-papirvis\/\" \/>\n<meta property=\"og:site_name\" content=\"PurePack\" \/>\n<meta property=\"article:publisher\" content=\"https:\/\/www.facebook.com\/p\/purepacknl-100054220551291\/?_rdr\" \/>\n<meta property=\"article:modified_time\" content=\"2025-03-25T15:33:23+00:00\" \/>\n<meta property=\"og:image\" content=\"https:\/\/www.purepack.nl\/wp-content\/uploads\/2024\/07\/Vrijstaand-105-11b0ddcb.webp\" \/>\n\t<meta property=\"og:image:width\" content=\"1920\" \/>\n\t<meta property=\"og:image:height\" content=\"1280\" \/>\n\t<meta property=\"og:image:type\" content=\"image\/webp\" \/>\n<meta name=\"twitter:card\" content=\"summary_large_image\" \/>\n<meta name=\"twitter:label1\" content=\"Estimeret l\u00e6setid\" \/>\n\t<meta name=\"twitter:data1\" content=\"1 minut\" \/>\n<script type=\"application\/ld+json\" class=\"yoast-schema-graph\">{\"@context\":\"https:\/\/schema.org\",\"@graph\":[{\"@type\":\"WebPage\",\"@id\":\"https:\/\/www.purepack.nl\/product\/blokbodem-zak-cellulose-paperwise\/\",\"url\":\"https:\/\/www.purepack.nl\/product\/blokbodem-zak-cellulose-paperwise\/\",\"name\":\"PaperWise Blokbodem zakken - PurePack\",\"isPartOf\":{\"@id\":\"https:\/\/www.purepack.nl\/nl_nl\/#website\"},\"primaryImageOfPage\":{\"@id\":\"https:\/\/www.purepack.nl\/product\/blokbodem-zak-cellulose-paperwise\/#primaryimage\"},\"image\":{\"@id\":\"https:\/\/www.purepack.nl\/product\/blokbodem-zak-cellulose-paperwise\/#primaryimage\"},\"thumbnailUrl\":\"https:\/\/www.purepack.nl\/wp-content\/uploads\/2024\/07\/Vrijstaand-105-11b0ddcb.webp\",\"datePublished\":\"2024-07-08T09:14:04+00:00\",\"dateModified\":\"2025-03-25T15:33:23+00:00\",\"description\":\"PaperWise blokbodem zakken zijn composteerbaar en biologisch afbreekbaar. PaperWise is gemaakt van landbouwafval en is volledig boomvrij.\",\"breadcrumb\":{\"@id\":\"https:\/\/www.purepack.nl\/product\/blokbodem-zak-cellulose-paperwise\/#breadcrumb\"},\"inLanguage\":\"da-DK\",\"potentialAction\":[{\"@type\":\"ReadAction\",\"target\":[\"https:\/\/www.purepack.nl\/product\/blokbodem-zak-cellulose-paperwise\/\"]}]},{\"@type\":\"ImageObject\",\"inLanguage\":\"da-DK\",\"@id\":\"https:\/\/www.purepack.nl\/product\/blokbodem-zak-cellulose-paperwise\/#primaryimage\",\"url\":\"https:\/\/www.purepack.nl\/wp-content\/uploads\/2024\/07\/Vrijstaand-105-11b0ddcb.webp\",\"contentUrl\":\"https:\/\/www.purepack.nl\/wp-content\/uploads\/2024\/07\/Vrijstaand-105-11b0ddcb.webp\",\"width\":1920,\"height\":1280,\"caption\":\"zakjes met en zonder venster duurzaam\"},{\"@type\":\"BreadcrumbList\",\"@id\":\"https:\/\/www.purepack.nl\/product\/blokbodem-zak-cellulose-paperwise\/#breadcrumb\",\"itemListElement\":[{\"@type\":\"ListItem\",\"position\":1,\"name\":\"Home\",\"item\":\"https:\/\/www.purepack.nl\/\"},{\"@type\":\"ListItem\",\"position\":2,\"name\":\"Winkel\",\"item\":\"https:\/\/www.purepack.nl\/webshop\/\"},{\"@type\":\"ListItem\",\"position\":3,\"name\":\"PaperWise Blokbodem zakken\"}]},{\"@type\":\"WebSite\",\"@id\":\"https:\/\/www.purepack.nl\/nl_nl\/#website\",\"url\":\"https:\/\/www.purepack.nl\/nl_nl\/\",\"name\":\"PurePack\",\"description\":\"De toekomstbestendige samenwerkingspartner voor verpakkingen\",\"publisher\":{\"@id\":\"https:\/\/www.purepack.nl\/nl_nl\/#organization\"},\"potentialAction\":[{\"@type\":\"SearchAction\",\"target\":{\"@type\":\"EntryPoint\",\"urlTemplate\":\"https:\/\/www.purepack.nl\/nl_nl\/?s={search_term_string}\"},\"query-input\":{\"@type\":\"PropertyValueSpecification\",\"valueRequired\":true,\"valueName\":\"search_term_string\"}}],\"inLanguage\":\"da-DK\"},{\"@type\":\"Organization\",\"@id\":\"https:\/\/www.purepack.nl\/nl_nl\/#organization\",\"name\":\"PurePack\",\"url\":\"https:\/\/www.purepack.nl\/nl_nl\/\",\"logo\":{\"@type\":\"ImageObject\",\"inLanguage\":\"da-DK\",\"@id\":\"https:\/\/www.purepack.nl\/nl_nl\/#\/schema\/logo\/image\/\",\"url\":\"https:\/\/www.purepack.nl\/wp-content\/uploads\/2023\/12\/LOGO.webp\",\"contentUrl\":\"https:\/\/www.purepack.nl\/wp-content\/uploads\/2023\/12\/LOGO.webp\",\"width\":394,\"height\":96,\"caption\":\"PurePack\"},\"image\":{\"@id\":\"https:\/\/www.purepack.nl\/nl_nl\/#\/schema\/logo\/image\/\"},\"sameAs\":[\"https:\/\/www.facebook.com\/p\/purepacknl-100054220551291\/?_rdr\",\"https:\/\/nl.linkedin.com\/company\/purepack\",\"https:\/\/www.instagram.com\/purepack.nl\/\"]}]}<\/script>\n<!-- \/ Yoast SEO plugin. -->","yoast_head_json":{"title":"PaperWise Block bundposer - PurePack","description":"PaperWise blokbundsposer er komposterbare og biologisk nedbrydelige. PaperWise er fremstillet af landbrugsaffald og er helt uden tr\u00e6er.","robots":{"index":"index","follow":"follow","max-snippet":"max-snippet:-1","max-image-preview":"max-image-preview:large","max-video-preview":"max-video-preview:-1"},"canonical":"https:\/\/www.purepack.nl\/da\/product\/blok-bundpose-cellulose-papirvis\/","og_locale":"da_DK","og_type":"article","og_title":"PaperWise Blokbodem zakken - PurePack","og_description":"PaperWise blokbodem zakken zijn composteerbaar en biologisch afbreekbaar. PaperWise is gemaakt van landbouwafval en is volledig boomvrij.","og_url":"https:\/\/www.purepack.nl\/da\/product\/blok-bundpose-cellulose-papirvis\/","og_site_name":"PurePack","article_publisher":"https:\/\/www.facebook.com\/p\/purepacknl-100054220551291\/?_rdr","article_modified_time":"2025-03-25T15:33:23+00:00","og_image":[{"width":1920,"height":1280,"url":"https:\/\/www.purepack.nl\/wp-content\/uploads\/2024\/07\/Vrijstaand-105-11b0ddcb.webp","type":"image\/webp"}],"twitter_card":"summary_large_image","twitter_misc":{"Estimeret l\u00e6setid":"1 minut"},"schema":{"@context":"https:\/\/schema.org","@graph":[{"@type":"WebPage","@id":"https:\/\/www.purepack.nl\/product\/blokbodem-zak-cellulose-paperwise\/","url":"https:\/\/www.purepack.nl\/product\/blokbodem-zak-cellulose-paperwise\/","name":"PaperWise Block bundposer - PurePack","isPartOf":{"@id":"https:\/\/www.purepack.nl\/nl_nl\/#website"},"primaryImageOfPage":{"@id":"https:\/\/www.purepack.nl\/product\/blokbodem-zak-cellulose-paperwise\/#primaryimage"},"image":{"@id":"https:\/\/www.purepack.nl\/product\/blokbodem-zak-cellulose-paperwise\/#primaryimage"},"thumbnailUrl":"https:\/\/www.purepack.nl\/wp-content\/uploads\/2024\/07\/Vrijstaand-105-11b0ddcb.webp","datePublished":"2024-07-08T09:14:04+00:00","dateModified":"2025-03-25T15:33:23+00:00","description":"PaperWise blokbundsposer er komposterbare og biologisk nedbrydelige. PaperWise er fremstillet af landbrugsaffald og er helt uden tr\u00e6er.","breadcrumb":{"@id":"https:\/\/www.purepack.nl\/product\/blokbodem-zak-cellulose-paperwise\/#breadcrumb"},"inLanguage":"da-DK","potentialAction":[{"@type":"ReadAction","target":["https:\/\/www.purepack.nl\/product\/blokbodem-zak-cellulose-paperwise\/"]}]},{"@type":"ImageObject","inLanguage":"da-DK","@id":"https:\/\/www.purepack.nl\/product\/blokbodem-zak-cellulose-paperwise\/#primaryimage","url":"https:\/\/www.purepack.nl\/wp-content\/uploads\/2024\/07\/Vrijstaand-105-11b0ddcb.webp","contentUrl":"https:\/\/www.purepack.nl\/wp-content\/uploads\/2024\/07\/Vrijstaand-105-11b0ddcb.webp","width":1920,"height":1280,"caption":"zakjes met en zonder venster duurzaam"},{"@type":"BreadcrumbList","@id":"https:\/\/www.purepack.nl\/product\/blokbodem-zak-cellulose-paperwise\/#breadcrumb","itemListElement":[{"@type":"ListItem","position":1,"name":"Home","item":"https:\/\/www.purepack.nl\/"},{"@type":"ListItem","position":2,"name":"Winkel","item":"https:\/\/www.purepack.nl\/webshop\/"},{"@type":"ListItem","position":3,"name":"PaperWise Blokbodem zakken"}]},{"@type":"WebSite","@id":"https:\/\/www.purepack.nl\/nl_nl\/#website","url":"https:\/\/www.purepack.nl\/nl_nl\/","name":"PurePack,","description":"De toekomstbestendige samenwerkingspartner voor verpakkingen","publisher":{"@id":"https:\/\/www.purepack.nl\/nl_nl\/#organization"},"potentialAction":[{"@type":"SearchAction","target":{"@type":"EntryPoint","urlTemplate":"https:\/\/www.purepack.nl\/nl_nl\/?s={search_term_string}"},"query-input":{"@type":"PropertyValueSpecification","valueRequired":true,"valueName":"search_term_string"}}],"inLanguage":"da-DK"},{"@type":"Organization","@id":"https:\/\/www.purepack.nl\/nl_nl\/#organization","name":"PurePack,","url":"https:\/\/www.purepack.nl\/nl_nl\/","logo":{"@type":"ImageObject","inLanguage":"da-DK","@id":"https:\/\/www.purepack.nl\/nl_nl\/#\/schema\/logo\/image\/","url":"https:\/\/www.purepack.nl\/wp-content\/uploads\/2023\/12\/LOGO.webp","contentUrl":"https:\/\/www.purepack.nl\/wp-content\/uploads\/2023\/12\/LOGO.webp","width":394,"height":96,"caption":"PurePack"},"image":{"@id":"https:\/\/www.purepack.nl\/nl_nl\/#\/schema\/logo\/image\/"},"sameAs":["https:\/\/www.facebook.com\/p\/purepacknl-100054220551291\/?_rdr","https:\/\/nl.linkedin.com\/company\/purepack","https:\/\/www.instagram.com\/purepack.nl\/"]}]}},"_links":{"self":[{"href":"https:\/\/www.purepack.nl\/da\/wp-json\/wp\/v2\/product\/2356","targetHints":{"allow":["GET"]}}],"collection":[{"href":"https:\/\/www.purepack.nl\/da\/wp-json\/wp\/v2\/product"}],"about":[{"href":"https:\/\/www.purepack.nl\/da\/wp-json\/wp\/v2\/types\/product"}],"replies":[{"embeddable":true,"href":"https:\/\/www.purepack.nl\/da\/wp-json\/wp\/v2\/comments?post=2356"}],"wp:featuredmedia":[{"embeddable":true,"href":"https:\/\/www.purepack.nl\/da\/wp-json\/wp\/v2\/media\/2809"}],"wp:attachment":[{"href":"https:\/\/www.purepack.nl\/da\/wp-json\/wp\/v2\/media?parent=2356"}],"wp:term":[{"taxonomy":"product_brand","embeddable":true,"href":"https:\/\/www.purepack.nl\/da\/wp-json\/wp\/v2\/product_brand?post=2356"},{"taxonomy":"product_cat","embeddable":true,"href":"https:\/\/www.purepack.nl\/da\/wp-json\/wp\/v2\/product_cat?post=2356"},{"taxonomy":"product_tag","embeddable":true,"href":"https:\/\/www.purepack.nl\/da\/wp-json\/wp\/v2\/product_tag?post=2356"}],"curies":[{"name":"wp","href":"https:\/\/api.w.org\/{rel}","templated":true}]}}