{"id":2351,"date":"2024-07-08T09:14:03","date_gmt":"2024-07-08T09:14:03","guid":{"rendered":"https:\/\/www.purepack.nl\/product\/bio-zijvouwzak-1-kg\/"},"modified":"2025-03-13T10:19:25","modified_gmt":"2025-03-13T10:19:25","slug":"okologisk-kilepose-pa-siden","status":"publish","type":"product","link":"https:\/\/www.purepack.nl\/da\/product\/okologisk-kilepose-pa-siden\/","title":{"rendered":"Biobaseret sidefoldspose"},"content":{"rendered":"<p>Produkt: sidefoldspose<br \/>\nFarve: Brun<br \/>\nTil at bestille i m\u00e6ngder af 500 stk.<\/p>","protected":false},"excerpt":{"rendered":"<p>Materiale: Kraftpapir \/ NKME \/ PBS.<br \/>\nMicron: 130<br \/>\nMinimum bestilling: 500 stk.<br \/>\nB\u00e6redygtighed: Baseret p\u00e5 vedvarende r\u00e5materialer og udelukkende fremstillet af biologisk nedbrydelige materialer.<br \/>\nSkr\u00e6ddersyet l\u00f8sning: fra 20.000 stk.<\/p>\n<p><span class=\"TextRun Highlight SCXW208176743 BCX4\" lang=\"NL-NL\" xml:lang=\"NL-NL\" data-contrast=\"none\"><span class=\"NormalTextRun SCXW208176743 BCX4\" data-ccp-parastyle=\"No Spacing\">PurePack,<\/span><span class=\"NormalTextRun SCXW208176743 BCX4\" data-ccp-parastyle=\"No Spacing\"> leverer b\u00e5de specialfremstillede og <\/span><span class=\"NormalTextRun SCXW208176743 BCX4\" data-ccp-parastyle=\"No Spacing\">standardl\u00f8sninger<\/span><span class=\"NormalTextRun SCXW208176743 BCX4\" data-ccp-parastyle=\"No Spacing\">. S\u00e5 hvis du ikke finder en passende l\u00f8sning i vores webshop, bedes du kontakte os for et skr\u00e6ddersyet tilbud via<\/span><\/span><a class=\"Hyperlink SCXW208176743 BCX4\" href=\"https:\/\/www.purepack.nl\/wp-admin\/edit-tags.php?taxonomy=product_cat&amp;post_type=product\" target=\"_blank\" rel=\"noreferrer noopener\"><span class=\"TextRun Highlight SCXW208176743 BCX4\" lang=\"NL-NL\" xml:lang=\"NL-NL\" data-contrast=\"none\"><span class=\"NormalTextRun SCXW208176743 BCX4\" data-ccp-parastyle=\"No Spacing\">dette formular<\/span><\/span><\/a><span class=\"TextRun Highlight SCXW208176743 BCX4\" lang=\"NL-NL\" xml:lang=\"NL-NL\" data-contrast=\"none\"><span class=\"NormalTextRun SCXW208176743 BCX4\" data-ccp-parastyle=\"No Spacing\">eller send en e-mail til<\/span><\/span><a class=\"Hyperlink SCXW208176743 BCX4\" href=\"mailto:info@purepack.nl\" target=\"_blank\" rel=\"noreferrer noopener\"><span class=\"TextRun Highlight SCXW208176743 BCX4\" lang=\"NL-NL\" xml:lang=\"NL-NL\" data-contrast=\"none\"><span class=\"NormalTextRun SCXW208176743 BCX4\" data-ccp-parastyle=\"No Spacing\">info@purepack.nl<\/span><\/span><\/a><span class=\"TextRun Highlight SCXW208176743 BCX4\" lang=\"NL-NL\" xml:lang=\"NL-NL\" data-contrast=\"none\"><span class=\"NormalTextRun SCXW208176743 BCX4\" data-ccp-parastyle=\"No Spacing\">og vi vil sammen finde en passende l\u00f8sning.<\/span><\/span><span class=\"EOP SCXW208176743 BCX4\" data-ccp-props=\"{&quot;201341983&quot;:0,&quot;335559739&quot;:0,&quot;335559740&quot;:240}\">\u00a0<\/span><\/p>","protected":false},"featured_media":2785,"comment_status":"open","ping_status":"closed","template":"","meta":{"_acf_changed":false},"product_brand":[],"product_cat":[114],"product_tag":[],"class_list":{"0":"post-2351","1":"product","2":"type-product","3":"status-publish","4":"has-post-thumbnail","6":"product_cat-biologisch-afbreekbare-zakken","7":"product_shipping_class-500pcs","9":"first","10":"instock","11":"taxable","12":"shipping-taxable","13":"purchasable","14":"product-type-variable"},"acf":[],"yoast_head":"<!-- This site is optimized with the Yoast SEO plugin v26.5 - https:\/\/yoast.com\/wordpress\/plugins\/seo\/ -->\n<title>Bio zijvouwzak - PurePack<\/title>\n<meta name=\"description\" content=\"Op maat te bedrukken biologisch afbreekbare BIO zijvouwzak met mogelijk ventiel. Deze zijn gemaakt van kraftpapier en bagasse van suikerriet.\" \/>\n<meta name=\"robots\" content=\"index, follow, max-snippet:-1, max-image-preview:large, max-video-preview:-1\" \/>\n<link rel=\"canonical\" href=\"https:\/\/www.purepack.nl\/da\/product\/okologisk-kilepose-pa-siden\/\" \/>\n<meta property=\"og:locale\" content=\"da_DK\" \/>\n<meta property=\"og:type\" content=\"article\" \/>\n<meta property=\"og:title\" content=\"Bio zijvouwzak - PurePack\" \/>\n<meta property=\"og:description\" content=\"Op maat te bedrukken biologisch afbreekbare BIO zijvouwzak met mogelijk ventiel. Deze zijn gemaakt van kraftpapier en bagasse van suikerriet.\" \/>\n<meta property=\"og:url\" content=\"https:\/\/www.purepack.nl\/da\/product\/okologisk-kilepose-pa-siden\/\" \/>\n<meta property=\"og:site_name\" content=\"PurePack\" \/>\n<meta property=\"article:publisher\" content=\"https:\/\/www.facebook.com\/p\/purepacknl-100054220551291\/?_rdr\" \/>\n<meta property=\"article:modified_time\" content=\"2025-03-13T10:19:25+00:00\" \/>\n<meta property=\"og:image\" content=\"https:\/\/www.purepack.nl\/wp-content\/uploads\/2024\/07\/Bio.250.SG_.nk_.webp\" \/>\n\t<meta property=\"og:image:width\" content=\"500\" \/>\n\t<meta property=\"og:image:height\" content=\"500\" \/>\n\t<meta property=\"og:image:type\" content=\"image\/webp\" \/>\n<meta name=\"twitter:card\" content=\"summary_large_image\" \/>\n<meta name=\"twitter:label1\" content=\"Estimeret l\u00e6setid\" \/>\n\t<meta name=\"twitter:data1\" content=\"1 minut\" \/>\n<script type=\"application\/ld+json\" class=\"yoast-schema-graph\">{\"@context\":\"https:\/\/schema.org\",\"@graph\":[{\"@type\":\"WebPage\",\"@id\":\"https:\/\/www.purepack.nl\/product\/bio-zijvouwzak\/\",\"url\":\"https:\/\/www.purepack.nl\/product\/bio-zijvouwzak\/\",\"name\":\"Bio zijvouwzak - PurePack\",\"isPartOf\":{\"@id\":\"https:\/\/www.purepack.nl\/nl_nl\/#website\"},\"primaryImageOfPage\":{\"@id\":\"https:\/\/www.purepack.nl\/product\/bio-zijvouwzak\/#primaryimage\"},\"image\":{\"@id\":\"https:\/\/www.purepack.nl\/product\/bio-zijvouwzak\/#primaryimage\"},\"thumbnailUrl\":\"https:\/\/www.purepack.nl\/wp-content\/uploads\/2024\/07\/Bio.250.SG_.nk_.webp\",\"datePublished\":\"2024-07-08T09:14:03+00:00\",\"dateModified\":\"2025-03-13T10:19:25+00:00\",\"description\":\"Op maat te bedrukken biologisch afbreekbare BIO zijvouwzak met mogelijk ventiel. Deze zijn gemaakt van kraftpapier en bagasse van suikerriet.\",\"breadcrumb\":{\"@id\":\"https:\/\/www.purepack.nl\/product\/bio-zijvouwzak\/#breadcrumb\"},\"inLanguage\":\"da-DK\",\"potentialAction\":[{\"@type\":\"ReadAction\",\"target\":[\"https:\/\/www.purepack.nl\/product\/bio-zijvouwzak\/\"]}]},{\"@type\":\"ImageObject\",\"inLanguage\":\"da-DK\",\"@id\":\"https:\/\/www.purepack.nl\/product\/bio-zijvouwzak\/#primaryimage\",\"url\":\"https:\/\/www.purepack.nl\/wp-content\/uploads\/2024\/07\/Bio.250.SG_.nk_.webp\",\"contentUrl\":\"https:\/\/www.purepack.nl\/wp-content\/uploads\/2024\/07\/Bio.250.SG_.nk_.webp\",\"width\":500,\"height\":500,\"caption\":\"duurzamen zijvouwzakken kraft. verschillende maten.\"},{\"@type\":\"BreadcrumbList\",\"@id\":\"https:\/\/www.purepack.nl\/product\/bio-zijvouwzak\/#breadcrumb\",\"itemListElement\":[{\"@type\":\"ListItem\",\"position\":1,\"name\":\"Home\",\"item\":\"https:\/\/www.purepack.nl\/\"},{\"@type\":\"ListItem\",\"position\":2,\"name\":\"Winkel\",\"item\":\"https:\/\/www.purepack.nl\/webshop\/\"},{\"@type\":\"ListItem\",\"position\":3,\"name\":\"Bio zijvouwzak\"}]},{\"@type\":\"WebSite\",\"@id\":\"https:\/\/www.purepack.nl\/nl_nl\/#website\",\"url\":\"https:\/\/www.purepack.nl\/nl_nl\/\",\"name\":\"PurePack\",\"description\":\"De toekomstbestendige samenwerkingspartner voor verpakkingen\",\"publisher\":{\"@id\":\"https:\/\/www.purepack.nl\/nl_nl\/#organization\"},\"potentialAction\":[{\"@type\":\"SearchAction\",\"target\":{\"@type\":\"EntryPoint\",\"urlTemplate\":\"https:\/\/www.purepack.nl\/nl_nl\/?s={search_term_string}\"},\"query-input\":{\"@type\":\"PropertyValueSpecification\",\"valueRequired\":true,\"valueName\":\"search_term_string\"}}],\"inLanguage\":\"da-DK\"},{\"@type\":\"Organization\",\"@id\":\"https:\/\/www.purepack.nl\/nl_nl\/#organization\",\"name\":\"PurePack\",\"url\":\"https:\/\/www.purepack.nl\/nl_nl\/\",\"logo\":{\"@type\":\"ImageObject\",\"inLanguage\":\"da-DK\",\"@id\":\"https:\/\/www.purepack.nl\/nl_nl\/#\/schema\/logo\/image\/\",\"url\":\"https:\/\/www.purepack.nl\/wp-content\/uploads\/2023\/12\/LOGO.webp\",\"contentUrl\":\"https:\/\/www.purepack.nl\/wp-content\/uploads\/2023\/12\/LOGO.webp\",\"width\":394,\"height\":96,\"caption\":\"PurePack\"},\"image\":{\"@id\":\"https:\/\/www.purepack.nl\/nl_nl\/#\/schema\/logo\/image\/\"},\"sameAs\":[\"https:\/\/www.facebook.com\/p\/purepacknl-100054220551291\/?_rdr\",\"https:\/\/nl.linkedin.com\/company\/purepack\",\"https:\/\/www.instagram.com\/purepack.nl\/\"]}]}<\/script>\n<!-- \/ Yoast SEO plugin. -->","yoast_head_json":{"title":"\u00d8kologisk sidepose med kile - PurePack","description":"Bionedbrydelig BIO-sidekilepose med tryk og mulig ventil. Disse er lavet af kraftpapir og sukkerr\u00f8rsbagasse.","robots":{"index":"index","follow":"follow","max-snippet":"max-snippet:-1","max-image-preview":"max-image-preview:large","max-video-preview":"max-video-preview:-1"},"canonical":"https:\/\/www.purepack.nl\/da\/product\/okologisk-kilepose-pa-siden\/","og_locale":"da_DK","og_type":"article","og_title":"Bio zijvouwzak - PurePack","og_description":"Op maat te bedrukken biologisch afbreekbare BIO zijvouwzak met mogelijk ventiel. Deze zijn gemaakt van kraftpapier en bagasse van suikerriet.","og_url":"https:\/\/www.purepack.nl\/da\/product\/okologisk-kilepose-pa-siden\/","og_site_name":"PurePack","article_publisher":"https:\/\/www.facebook.com\/p\/purepacknl-100054220551291\/?_rdr","article_modified_time":"2025-03-13T10:19:25+00:00","og_image":[{"width":500,"height":500,"url":"https:\/\/www.purepack.nl\/wp-content\/uploads\/2024\/07\/Bio.250.SG_.nk_.webp","type":"image\/webp"}],"twitter_card":"summary_large_image","twitter_misc":{"Estimeret l\u00e6setid":"1 minut"},"schema":{"@context":"https:\/\/schema.org","@graph":[{"@type":"WebPage","@id":"https:\/\/www.purepack.nl\/product\/bio-zijvouwzak\/","url":"https:\/\/www.purepack.nl\/product\/bio-zijvouwzak\/","name":"\u00d8kologisk sidepose med kile - PurePack","isPartOf":{"@id":"https:\/\/www.purepack.nl\/nl_nl\/#website"},"primaryImageOfPage":{"@id":"https:\/\/www.purepack.nl\/product\/bio-zijvouwzak\/#primaryimage"},"image":{"@id":"https:\/\/www.purepack.nl\/product\/bio-zijvouwzak\/#primaryimage"},"thumbnailUrl":"https:\/\/www.purepack.nl\/wp-content\/uploads\/2024\/07\/Bio.250.SG_.nk_.webp","datePublished":"2024-07-08T09:14:03+00:00","dateModified":"2025-03-13T10:19:25+00:00","description":"Bionedbrydelig BIO-sidekilepose med tryk og mulig ventil. Disse er lavet af kraftpapir og sukkerr\u00f8rsbagasse.","breadcrumb":{"@id":"https:\/\/www.purepack.nl\/product\/bio-zijvouwzak\/#breadcrumb"},"inLanguage":"da-DK","potentialAction":[{"@type":"ReadAction","target":["https:\/\/www.purepack.nl\/product\/bio-zijvouwzak\/"]}]},{"@type":"ImageObject","inLanguage":"da-DK","@id":"https:\/\/www.purepack.nl\/product\/bio-zijvouwzak\/#primaryimage","url":"https:\/\/www.purepack.nl\/wp-content\/uploads\/2024\/07\/Bio.250.SG_.nk_.webp","contentUrl":"https:\/\/www.purepack.nl\/wp-content\/uploads\/2024\/07\/Bio.250.SG_.nk_.webp","width":500,"height":500,"caption":"duurzamen zijvouwzakken kraft. verschillende maten."},{"@type":"BreadcrumbList","@id":"https:\/\/www.purepack.nl\/product\/bio-zijvouwzak\/#breadcrumb","itemListElement":[{"@type":"ListItem","position":1,"name":"Home","item":"https:\/\/www.purepack.nl\/"},{"@type":"ListItem","position":2,"name":"Winkel","item":"https:\/\/www.purepack.nl\/webshop\/"},{"@type":"ListItem","position":3,"name":"Bio zijvouwzak"}]},{"@type":"WebSite","@id":"https:\/\/www.purepack.nl\/nl_nl\/#website","url":"https:\/\/www.purepack.nl\/nl_nl\/","name":"PurePack,","description":"De toekomstbestendige samenwerkingspartner voor verpakkingen","publisher":{"@id":"https:\/\/www.purepack.nl\/nl_nl\/#organization"},"potentialAction":[{"@type":"SearchAction","target":{"@type":"EntryPoint","urlTemplate":"https:\/\/www.purepack.nl\/nl_nl\/?s={search_term_string}"},"query-input":{"@type":"PropertyValueSpecification","valueRequired":true,"valueName":"search_term_string"}}],"inLanguage":"da-DK"},{"@type":"Organization","@id":"https:\/\/www.purepack.nl\/nl_nl\/#organization","name":"PurePack,","url":"https:\/\/www.purepack.nl\/nl_nl\/","logo":{"@type":"ImageObject","inLanguage":"da-DK","@id":"https:\/\/www.purepack.nl\/nl_nl\/#\/schema\/logo\/image\/","url":"https:\/\/www.purepack.nl\/wp-content\/uploads\/2023\/12\/LOGO.webp","contentUrl":"https:\/\/www.purepack.nl\/wp-content\/uploads\/2023\/12\/LOGO.webp","width":394,"height":96,"caption":"PurePack"},"image":{"@id":"https:\/\/www.purepack.nl\/nl_nl\/#\/schema\/logo\/image\/"},"sameAs":["https:\/\/www.facebook.com\/p\/purepacknl-100054220551291\/?_rdr","https:\/\/nl.linkedin.com\/company\/purepack","https:\/\/www.instagram.com\/purepack.nl\/"]}]}},"_links":{"self":[{"href":"https:\/\/www.purepack.nl\/da\/wp-json\/wp\/v2\/product\/2351","targetHints":{"allow":["GET"]}}],"collection":[{"href":"https:\/\/www.purepack.nl\/da\/wp-json\/wp\/v2\/product"}],"about":[{"href":"https:\/\/www.purepack.nl\/da\/wp-json\/wp\/v2\/types\/product"}],"replies":[{"embeddable":true,"href":"https:\/\/www.purepack.nl\/da\/wp-json\/wp\/v2\/comments?post=2351"}],"wp:featuredmedia":[{"embeddable":true,"href":"https:\/\/www.purepack.nl\/da\/wp-json\/wp\/v2\/media\/2785"}],"wp:attachment":[{"href":"https:\/\/www.purepack.nl\/da\/wp-json\/wp\/v2\/media?parent=2351"}],"wp:term":[{"taxonomy":"product_brand","embeddable":true,"href":"https:\/\/www.purepack.nl\/da\/wp-json\/wp\/v2\/product_brand?post=2351"},{"taxonomy":"product_cat","embeddable":true,"href":"https:\/\/www.purepack.nl\/da\/wp-json\/wp\/v2\/product_cat?post=2351"},{"taxonomy":"product_tag","embeddable":true,"href":"https:\/\/www.purepack.nl\/da\/wp-json\/wp\/v2\/product_tag?post=2351"}],"curies":[{"name":"wp","href":"https:\/\/api.w.org\/{rel}","templated":true}]}}