{"id":4321,"date":"2024-11-08T08:48:06","date_gmt":"2024-11-08T08:48:06","guid":{"rendered":"https:\/\/www.purepack.nl\/?page_id=4321"},"modified":"2025-11-14T11:20:01","modified_gmt":"2025-11-14T10:20:01","slug":"terninger-med-mal-for-baeredygtig-udvikling","status":"publish","type":"page","link":"https:\/\/www.purepack.nl\/da\/terninger-med-mal-for-baeredygtig-udvikling\/","title":{"rendered":"Sustainable Development Goals terninger"},"content":{"rendered":"<div class=\"wp-block-group alignfull content-width--wide @mt[calc(var(--theme-spacing-40)*-1)] is-layout-constrained wp-container-core-group-is-layout-014486f5 wp-block-group-is-layout-constrained\" style=\"border-style:none;border-width:0px;border-top-left-radius:0px;border-top-right-radius:0px;border-bottom-left-radius:30px;border-bottom-right-radius:30px;margin-bottom:var(--wp--preset--spacing--80);padding-top:var(--wp--preset--spacing--80);padding-right:var(--wp--preset--spacing--40);padding-bottom:var(--wp--preset--spacing--80);padding-left:var(--wp--preset--spacing--40)\">\n<h1 class=\"wp-block-heading\">Sustainable Development Goals terninger<\/h1>\n\n\n<div class=\"owp-teaser--visual-right owp-teaser\">\n    <div class=\"owp-teaser__inner\">\n<div class=\"owp-teaser__visual owp-content-area\">\n    <div class=\"owp-teaser__visual__inner\">\n\n<figure class=\"wp-block-image aligncenter size-full @w[75%]\"><img loading=\"lazy\" decoding=\"async\" width=\"630\" height=\"630\" src=\"https:\/\/www.purepack.nl\/wp-content\/uploads\/2024\/07\/terning-17verdensmaal_til-web_kvadratisk-586d4664.webp\" alt=\"Terninger med m\u00e5l for b\u00e6redygtig udvikling i farver.\" class=\"wp-image-2599\" style=\"object-fit:cover\" srcset=\"https:\/\/www.purepack.nl\/wp-content\/uploads\/2024\/07\/terning-17verdensmaal_til-web_kvadratisk-586d4664.webp 630w, https:\/\/www.purepack.nl\/wp-content\/uploads\/2024\/07\/terning-17verdensmaal_til-web_kvadratisk-586d4664-300x300.webp 300w, https:\/\/www.purepack.nl\/wp-content\/uploads\/2024\/07\/terning-17verdensmaal_til-web_kvadratisk-586d4664-100x100.webp 100w, https:\/\/www.purepack.nl\/wp-content\/uploads\/2024\/07\/terning-17verdensmaal_til-web_kvadratisk-586d4664-600x600.png 600w, https:\/\/www.purepack.nl\/wp-content\/uploads\/2024\/07\/terning-17verdensmaal_til-web_kvadratisk-586d4664-150x150.png 150w, https:\/\/www.purepack.nl\/wp-content\/uploads\/2024\/07\/terning-17verdensmaal_til-web_kvadratisk-586d4664-12x12.png 12w\" sizes=\"auto, (max-width: 630px) 100vw, 630px\" \/><\/figure>\n\n<\/div>\n<\/div>\n\n\n<div class=\"owp-teaser__body owp-content-area\">\n    <div class=\"owp-teaser__body__inner\">\n\n<p>Brug Sustainable Develment Goals-kuberne til at g\u00f8re arbejdet mere h\u00e5ndgribeligt og visuelt.  Placer dem i receptionen, i m\u00f8delokaler, i kantinen eller brug dem konkret i f.eks. en pr\u00e6sentation om verdensm\u00e5lene for b\u00e6redygtig udvikling.<\/p>\n\n\n\n<p>Kuberne f\u00e5s p\u00e5 engelsk i to standardst\u00f8rrelser: 7,5 cm og 15 cm.&nbsp;<\/p>\n\n\n\n<p>De kan bruges enkeltvis eller stables, flyttes og prioriteres som et s\u00e6t. Hver terning indeholder et ikon for m\u00e5let, en beskrivelse og en oversigt over m\u00e5let. Der er i alt 17 verdensm\u00e5l og 169 delm\u00e5l.<\/p>\n\n\n\n<p>Standardkuberne er naturligvis fuldt ud b\u00e6redygtigt trykt og Cradle to Cradle-certificeret og dermed fri for skadelige kemikalier og tungmetaller - helt i tr\u00e5d med verdensm\u00e5lene for b\u00e6redygtig udvikling. Ligesom vores andre produkter som f.eks. emballage, sleeves og brochurer.&nbsp;<\/p>\n\n<\/div>\n<\/div>\n\n<\/div>\n<\/div>\n<\/div>\n\n\n\n<div class=\"wp-block-group content-width--wide is-layout-constrained wp-block-group-is-layout-constrained\" style=\"margin-bottom:var(--wp--preset--spacing--80)\">\n<h2 class=\"wp-block-heading\">Papemballage bidrager til b\u00e6redygtige verdensm\u00e5l<\/h2>\n\n\n\n<p>Med vores naturlige emballage bidrager vi til de 17 verdensm\u00e5l. Ogs\u00e5 kendt som verdensm\u00e5lene for b\u00e6redygtig udvikling, der blev fastsat af FN i 2015 som den nye globale dagsorden for b\u00e6redygtig udvikling frem til 2030.<\/p>\n\n\n\n<div class=\"wp-block-group is-content-justification-space-between is-nowrap is-layout-flex wp-container-core-group-is-layout-0dfbf163 wp-block-group-is-layout-flex\">\n<figure class=\"wp-block-image size-full @w[30%]\"><img loading=\"lazy\" decoding=\"async\" width=\"225\" height=\"225\" src=\"https:\/\/www.purepack.nl\/wp-content\/uploads\/2024\/09\/SDG_3_PurePack.webp\" alt=\"\" class=\"wp-image-3438\" style=\"aspect-ratio:1;object-fit:cover\" srcset=\"https:\/\/www.purepack.nl\/wp-content\/uploads\/2024\/09\/SDG_3_PurePack.webp 225w, https:\/\/www.purepack.nl\/wp-content\/uploads\/2024\/09\/SDG_3_PurePack-150x150.webp 150w, https:\/\/www.purepack.nl\/wp-content\/uploads\/2024\/09\/SDG_3_PurePack-12x12.webp 12w, https:\/\/www.purepack.nl\/wp-content\/uploads\/2024\/09\/elementor\/thumbs\/SDG_3_PurePack-r036f0x3vwtp44udee1hew1nqo0q2hboxa02ftqktk.webp 100w, https:\/\/www.purepack.nl\/wp-content\/uploads\/2024\/09\/elementor\/thumbs\/SDG_3_PurePack-150x150.webp 300w\" sizes=\"auto, (max-width: 225px) 100vw, 225px\" \/><\/figure>\n\n\n\n<figure class=\"wp-block-image size-full @w[30%]\"><img loading=\"lazy\" decoding=\"async\" width=\"225\" height=\"225\" src=\"https:\/\/www.purepack.nl\/wp-content\/uploads\/2024\/09\/SDG_12_PurePack.webp\" alt=\"\" class=\"wp-image-3447\" style=\"aspect-ratio:1;object-fit:cover\" srcset=\"https:\/\/www.purepack.nl\/wp-content\/uploads\/2024\/09\/SDG_12_PurePack.webp 225w, https:\/\/www.purepack.nl\/wp-content\/uploads\/2024\/09\/SDG_12_PurePack-150x150.webp 150w, https:\/\/www.purepack.nl\/wp-content\/uploads\/2024\/09\/SDG_12_PurePack-12x12.webp 12w, https:\/\/www.purepack.nl\/wp-content\/uploads\/2024\/09\/SDG_12_PurePack-100x100.webp 100w\" sizes=\"auto, (max-width: 225px) 100vw, 225px\" \/><\/figure>\n\n\n\n<figure class=\"wp-block-image size-full @w[30%]\"><img loading=\"lazy\" decoding=\"async\" width=\"225\" height=\"225\" src=\"https:\/\/www.purepack.nl\/wp-content\/uploads\/2024\/09\/SDG_15_PurePack.webp\" alt=\"\" class=\"wp-image-3450\" style=\"aspect-ratio:1;object-fit:cover\" srcset=\"https:\/\/www.purepack.nl\/wp-content\/uploads\/2024\/09\/SDG_15_PurePack.webp 225w, https:\/\/www.purepack.nl\/wp-content\/uploads\/2024\/09\/SDG_15_PurePack-150x150.webp 150w, https:\/\/www.purepack.nl\/wp-content\/uploads\/2024\/09\/SDG_15_PurePack-12x12.webp 12w, https:\/\/www.purepack.nl\/wp-content\/uploads\/2024\/09\/SDG_15_PurePack-100x100.webp 100w, https:\/\/www.purepack.nl\/wp-content\/uploads\/2024\/09\/elementor\/thumbs\/SDG_15_PurePack-150x150.webp 300w\" sizes=\"auto, (max-width: 225px) 100vw, 225px\" \/><\/figure>\n<\/div>\n<\/div>\n\n\n\n<div class=\"wp-block-group content-width--wide is-layout-constrained wp-block-group-is-layout-constrained\">\n<h2 class=\"wp-block-heading\">Terninger med m\u00e5l for b\u00e6redygtig udvikling:<\/h2>\n\n\n\n<p>Hvis du arbejder med verdensm\u00e5lene, kan du bruge kuberne til at g\u00f8re arbejdet mere h\u00e5ndgribeligt og visuelt. Placer dem i receptionen, i m\u00f8delokaler, i kantinen eller brug dem konkret i f.eks. en pr\u00e6sentation om verdensm\u00e5lene.<\/p>\n\n\n\n<p>Kuberne f\u00e5s p\u00e5 engelsk i to standardst\u00f8rrelser: 7,5 cm og 15 cm.<\/p>\n\n\n\n<div class=\"wp-block-group is-content-justification-center is-nowrap is-layout-flex wp-container-core-group-is-layout-94bc23d7 wp-block-group-is-layout-flex\">\n<div class=\"wp-block-group content-width--wide has-light-background-color has-background is-layout-constrained wp-block-group-is-layout-constrained\" style=\"border-style:none;border-width:0px;border-radius:10px\">\n<figure class=\"wp-block-image size-full\"><img loading=\"lazy\" decoding=\"async\" width=\"630\" height=\"630\" src=\"https:\/\/www.purepack.nl\/wp-content\/uploads\/2024\/07\/terning-17verdensmaal_til-web_kvadratisk-586d4664.webp\" alt=\"Terninger med m\u00e5l for b\u00e6redygtig udvikling i farver.\" class=\"wp-image-2599\" style=\"aspect-ratio:1;object-fit:cover\" srcset=\"https:\/\/www.purepack.nl\/wp-content\/uploads\/2024\/07\/terning-17verdensmaal_til-web_kvadratisk-586d4664.webp 630w, https:\/\/www.purepack.nl\/wp-content\/uploads\/2024\/07\/terning-17verdensmaal_til-web_kvadratisk-586d4664-300x300.webp 300w, https:\/\/www.purepack.nl\/wp-content\/uploads\/2024\/07\/terning-17verdensmaal_til-web_kvadratisk-586d4664-100x100.webp 100w, https:\/\/www.purepack.nl\/wp-content\/uploads\/2024\/07\/terning-17verdensmaal_til-web_kvadratisk-586d4664-600x600.png 600w, https:\/\/www.purepack.nl\/wp-content\/uploads\/2024\/07\/terning-17verdensmaal_til-web_kvadratisk-586d4664-150x150.png 150w, https:\/\/www.purepack.nl\/wp-content\/uploads\/2024\/07\/terning-17verdensmaal_til-web_kvadratisk-586d4664-12x12.png 12w\" sizes=\"auto, (max-width: 630px) 100vw, 630px\" \/><\/figure>\n\n\n\n<p>Terninger med verdensm\u00e5l for b\u00e6redygtig udvikling engelsk 7,5 cm<\/p>\n<\/div>\n\n\n\n<div class=\"wp-block-group content-width--wide has-light-background-color has-background is-layout-constrained wp-block-group-is-layout-constrained\" style=\"border-style:none;border-width:0px;border-radius:10px\">\n<figure class=\"wp-block-image size-full\"><img loading=\"lazy\" decoding=\"async\" width=\"630\" height=\"630\" src=\"https:\/\/www.purepack.nl\/wp-content\/uploads\/2024\/07\/terning-17verdensmaal_til-web_kvadratisk-586d4664.webp\" alt=\"Terninger med m\u00e5l for b\u00e6redygtig udvikling i farver.\" class=\"wp-image-2599\" style=\"aspect-ratio:1;object-fit:cover\" srcset=\"https:\/\/www.purepack.nl\/wp-content\/uploads\/2024\/07\/terning-17verdensmaal_til-web_kvadratisk-586d4664.webp 630w, https:\/\/www.purepack.nl\/wp-content\/uploads\/2024\/07\/terning-17verdensmaal_til-web_kvadratisk-586d4664-300x300.webp 300w, https:\/\/www.purepack.nl\/wp-content\/uploads\/2024\/07\/terning-17verdensmaal_til-web_kvadratisk-586d4664-100x100.webp 100w, https:\/\/www.purepack.nl\/wp-content\/uploads\/2024\/07\/terning-17verdensmaal_til-web_kvadratisk-586d4664-600x600.png 600w, https:\/\/www.purepack.nl\/wp-content\/uploads\/2024\/07\/terning-17verdensmaal_til-web_kvadratisk-586d4664-150x150.png 150w, https:\/\/www.purepack.nl\/wp-content\/uploads\/2024\/07\/terning-17verdensmaal_til-web_kvadratisk-586d4664-12x12.png 12w\" sizes=\"auto, (max-width: 630px) 100vw, 630px\" \/><\/figure>\n\n\n\n<p>M\u00e5l for b\u00e6redygtig udvikling terninger engelsk 15 cm<\/p>\n<\/div>\n\n\n\n<p><\/p>\n<\/div>\n<\/div>\n\n\n\n<div class=\"wp-block-group content-width--wide has-light-background-color has-background is-layout-constrained wp-block-group-is-layout-constrained\" style=\"border-radius:30px;margin-top:var(--wp--preset--spacing--80);margin-bottom:var(--wp--preset--spacing--80);padding-top:var(--wp--preset--spacing--80);padding-bottom:var(--wp--preset--spacing--80)\">\n<div class=\"wp-block-group is-nowrap is-layout-flex wp-container-core-group-is-layout-ad2f72ca wp-block-group-is-layout-flex\">\n<div class=\"wp-block-group content-width--wide is-layout-constrained wp-block-group-is-layout-constrained\">\n<h2 class=\"wp-block-heading h3\">Vil du tale med os?<\/h2>\n\n\n\n<p>Syntes du det er udfordring at finde denne rette emballage, eller har du m\u00e5ske alt p\u00e5 plads og vil bare konsultere med en emballagespecialist?<\/p>\n\n\n\n<p>Du er velkommen til at sende en mail, hvordan vi kan hj\u00e6lpe dig, og vi vil kontakte dig s\u00e5 hurtigt som mulig!<\/p>\n\n\n\n<div class=\"wp-block-group content-width--wide is-layout-constrained wp-block-group-is-layout-constrained\"><button class=\"@btn @btn[secondary] owp-button\"><span>Kontaktformular<\/span><\/button><\/div>\n<\/div>\n\n\n\n<div class=\"wp-block-group content-width--wide is-layout-constrained wp-block-group-is-layout-constrained\"><div class=\"owp-grid\">\n    <div class=\"owp-grid__inner\" data-grid='1' data-columns='2' data-columns-md='3' data-gap='lg'>\n            \n<figure class=\"wp-block-image size-full is-resized\"><img loading=\"lazy\" decoding=\"async\" width=\"283\" height=\"283\" src=\"https:\/\/www.purepack.nl\/wp-content\/uploads\/2023\/12\/Sparringpartner.webp\" alt=\"Sparringpartner\" class=\"wp-image-1296\" style=\"width:130px\" srcset=\"https:\/\/www.purepack.nl\/wp-content\/uploads\/2023\/12\/Sparringpartner.webp 283w, https:\/\/www.purepack.nl\/wp-content\/uploads\/2023\/12\/Sparringpartner-100x100.webp 100w, https:\/\/www.purepack.nl\/wp-content\/uploads\/2023\/12\/Sparringpartner-150x150.webp 150w, https:\/\/www.purepack.nl\/wp-content\/uploads\/2023\/12\/Sparringpartner-12x12.webp 12w\" sizes=\"auto, (max-width: 283px) 100vw, 283px\" \/><figcaption class=\"wp-element-caption\">Sparringspartner<\/figcaption><\/figure>\n\n<figure class=\"wp-block-image size-full is-resized\"><img loading=\"lazy\" decoding=\"async\" width=\"283\" height=\"283\" src=\"https:\/\/www.purepack.nl\/wp-content\/uploads\/2023\/12\/Goede-communicatie.webp\" alt=\"PurePack God kommunikation\" class=\"wp-image-1298\" style=\"width:130px\" srcset=\"https:\/\/www.purepack.nl\/wp-content\/uploads\/2023\/12\/Goede-communicatie.webp 283w, https:\/\/www.purepack.nl\/wp-content\/uploads\/2023\/12\/Goede-communicatie-100x100.webp 100w, https:\/\/www.purepack.nl\/wp-content\/uploads\/2023\/12\/Goede-communicatie-150x150.webp 150w, https:\/\/www.purepack.nl\/wp-content\/uploads\/2023\/12\/Goede-communicatie-12x12.webp 12w\" sizes=\"auto, (max-width: 283px) 100vw, 283px\" \/><figcaption class=\"wp-element-caption\">Effektiv kommunikation<\/figcaption><\/figure>\n\n<figure class=\"wp-block-image size-full is-resized\"><img loading=\"lazy\" decoding=\"async\" width=\"283\" height=\"283\" src=\"https:\/\/www.purepack.nl\/wp-content\/uploads\/2023\/12\/Betrokken.webp\" alt=\"PurePack Betrokken\" class=\"wp-image-1297\" style=\"width:130px\" srcset=\"https:\/\/www.purepack.nl\/wp-content\/uploads\/2023\/12\/Betrokken.webp 283w, https:\/\/www.purepack.nl\/wp-content\/uploads\/2023\/12\/Betrokken-100x100.webp 100w, https:\/\/www.purepack.nl\/wp-content\/uploads\/2023\/12\/Betrokken-150x150.webp 150w, https:\/\/www.purepack.nl\/wp-content\/uploads\/2023\/12\/Betrokken-12x12.webp 12w\" sizes=\"auto, (max-width: 283px) 100vw, 283px\" \/><figcaption class=\"wp-element-caption\">Engageret<\/figcaption><\/figure>\n\n<figure class=\"wp-block-image size-full is-resized\"><img loading=\"lazy\" decoding=\"async\" width=\"283\" height=\"283\" src=\"https:\/\/www.purepack.nl\/wp-content\/uploads\/2023\/12\/Kennis-van-het-vak.webp\" alt=\"PurePack Kennis van het vak\" class=\"wp-image-1300\" style=\"width:130px\"\/><figcaption class=\"wp-element-caption\">Faglig viden<\/figcaption><\/figure>\n\n<figure class=\"wp-block-image size-full is-resized\"><img loading=\"lazy\" decoding=\"async\" width=\"283\" height=\"283\" src=\"https:\/\/www.purepack.nl\/wp-content\/uploads\/2023\/12\/Inzicht-in-het-proces.webp\" alt=\"PurePack Inzicht in het proces\" class=\"wp-image-1299\" style=\"width:130px\" srcset=\"https:\/\/www.purepack.nl\/wp-content\/uploads\/2023\/12\/Inzicht-in-het-proces.webp 283w, https:\/\/www.purepack.nl\/wp-content\/uploads\/2023\/12\/Inzicht-in-het-proces-100x100.webp 100w, https:\/\/www.purepack.nl\/wp-content\/uploads\/2023\/12\/Inzicht-in-het-proces-150x150.webp 150w, https:\/\/www.purepack.nl\/wp-content\/uploads\/2023\/12\/Inzicht-in-het-proces-12x12.webp 12w\" sizes=\"auto, (max-width: 283px) 100vw, 283px\" \/><figcaption class=\"wp-element-caption\">Indsigt i processen<\/figcaption><\/figure>\n\n<figure class=\"wp-block-image size-full is-resized\"><img loading=\"lazy\" decoding=\"async\" width=\"283\" height=\"283\" src=\"https:\/\/www.purepack.nl\/wp-content\/uploads\/2023\/12\/Milieu-bewust.webp\" alt=\"PurePack Milieu bewust\" class=\"wp-image-1295\" style=\"width:130px\" srcset=\"https:\/\/www.purepack.nl\/wp-content\/uploads\/2023\/12\/Milieu-bewust.webp 283w, https:\/\/www.purepack.nl\/wp-content\/uploads\/2023\/12\/Milieu-bewust-100x100.webp 100w, https:\/\/www.purepack.nl\/wp-content\/uploads\/2023\/12\/Milieu-bewust-150x150.webp 150w, https:\/\/www.purepack.nl\/wp-content\/uploads\/2023\/12\/Milieu-bewust-12x12.webp 12w\" sizes=\"auto, (max-width: 283px) 100vw, 283px\" \/><figcaption class=\"wp-element-caption\">Milj\u00f8bevidst<\/figcaption><\/figure>\n\n    <\/div>\n\n    <\/div>\n<\/div>\n<\/div>\n<\/div>\n\n\n\n<div class=\"wp-block-group content-width--wide is-layout-constrained wp-block-group-is-layout-constrained\" style=\"margin-top:var(--wp--preset--spacing--80);margin-bottom:var(--wp--preset--spacing--80)\">\n<p class=\"has-text-align-center\">TESTIMONIALS<\/p>\n\n\n\n<hr class=\"wp-block-separator has-alpha-channel-opacity\"\/>\n<\/div>\n\n\n\n<p><\/p>","protected":false},"excerpt":{"rendered":"<p>Terninger med m\u00e5l for b\u00e6redygtig udvikling | PurePack BV<\/p>\n<p>Sustainable Development Goals terninger<\/p>","protected":false},"author":1,"featured_media":2599,"parent":0,"menu_order":0,"comment_status":"closed","ping_status":"closed","template":"","meta":{"_acf_changed":false,"footnotes":""},"class_list":["post-4321","page","type-page","status-publish","has-post-thumbnail","hentry"],"acf":[],"yoast_head":"<!-- This site is optimized with the Yoast SEO plugin v26.5 - https:\/\/yoast.com\/wordpress\/plugins\/seo\/ -->\n<title>Sustainabel Development Goals Kubussen | PurePack BV<\/title>\n<meta name=\"description\" content=\"Sustainable Development Goals Kubussen\" \/>\n<meta name=\"robots\" content=\"index, follow, max-snippet:-1, max-image-preview:large, max-video-preview:-1\" \/>\n<link rel=\"canonical\" href=\"https:\/\/www.purepack.nl\/da\/terninger-med-mal-for-baeredygtig-udvikling\/\" \/>\n<meta property=\"og:locale\" content=\"da_DK\" \/>\n<meta property=\"og:type\" content=\"article\" \/>\n<meta property=\"og:title\" content=\"Sustainabel Development Goals Kubussen | PurePack BV\" \/>\n<meta property=\"og:description\" content=\"Sustainable Development Goals Kubussen\" \/>\n<meta property=\"og:url\" content=\"https:\/\/www.purepack.nl\/da\/terninger-med-mal-for-baeredygtig-udvikling\/\" \/>\n<meta property=\"og:site_name\" content=\"PurePack\" \/>\n<meta property=\"article:publisher\" content=\"https:\/\/www.facebook.com\/p\/purepacknl-100054220551291\/?_rdr\" \/>\n<meta property=\"article:modified_time\" content=\"2025-11-14T10:20:01+00:00\" \/>\n<meta property=\"og:image\" content=\"https:\/\/www.purepack.nl\/wp-content\/uploads\/2024\/07\/terning-17verdensmaal_til-web_kvadratisk-586d4664.webp\" \/>\n\t<meta property=\"og:image:width\" content=\"630\" \/>\n\t<meta property=\"og:image:height\" content=\"630\" \/>\n\t<meta property=\"og:image:type\" content=\"image\/webp\" \/>\n<meta name=\"twitter:card\" content=\"summary_large_image\" \/>\n<meta name=\"twitter:label1\" content=\"Estimeret l\u00e6setid\" \/>\n\t<meta name=\"twitter:data1\" content=\"5 minutter\" \/>\n<script type=\"application\/ld+json\" class=\"yoast-schema-graph\">{\"@context\":\"https:\/\/schema.org\",\"@graph\":[{\"@type\":\"WebPage\",\"@id\":\"https:\/\/www.purepack.nl\/sustainable-development-goals-kubussen\/\",\"url\":\"https:\/\/www.purepack.nl\/sustainable-development-goals-kubussen\/\",\"name\":\"Sustainabel Development Goals Kubussen | PurePack BV\",\"isPartOf\":{\"@id\":\"https:\/\/www.purepack.nl\/nl_nl\/#website\"},\"primaryImageOfPage\":{\"@id\":\"https:\/\/www.purepack.nl\/sustainable-development-goals-kubussen\/#primaryimage\"},\"image\":{\"@id\":\"https:\/\/www.purepack.nl\/sustainable-development-goals-kubussen\/#primaryimage\"},\"thumbnailUrl\":\"https:\/\/www.purepack.nl\/wp-content\/uploads\/2024\/07\/terning-17verdensmaal_til-web_kvadratisk-586d4664.webp\",\"datePublished\":\"2024-11-08T08:48:06+00:00\",\"dateModified\":\"2025-11-14T10:20:01+00:00\",\"description\":\"Sustainable Development Goals Kubussen\",\"breadcrumb\":{\"@id\":\"https:\/\/www.purepack.nl\/sustainable-development-goals-kubussen\/#breadcrumb\"},\"inLanguage\":\"da-DK\",\"potentialAction\":[{\"@type\":\"ReadAction\",\"target\":[\"https:\/\/www.purepack.nl\/sustainable-development-goals-kubussen\/\"]}]},{\"@type\":\"ImageObject\",\"inLanguage\":\"da-DK\",\"@id\":\"https:\/\/www.purepack.nl\/sustainable-development-goals-kubussen\/#primaryimage\",\"url\":\"https:\/\/www.purepack.nl\/wp-content\/uploads\/2024\/07\/terning-17verdensmaal_til-web_kvadratisk-586d4664.webp\",\"contentUrl\":\"https:\/\/www.purepack.nl\/wp-content\/uploads\/2024\/07\/terning-17verdensmaal_til-web_kvadratisk-586d4664.webp\",\"width\":630,\"height\":630,\"caption\":\"Sustainable Development Goals kubussen gekleurd.\"},{\"@type\":\"BreadcrumbList\",\"@id\":\"https:\/\/www.purepack.nl\/sustainable-development-goals-kubussen\/#breadcrumb\",\"itemListElement\":[{\"@type\":\"ListItem\",\"position\":1,\"name\":\"Home\",\"item\":\"https:\/\/www.purepack.nl\/\"},{\"@type\":\"ListItem\",\"position\":2,\"name\":\"Sustainable Development Goals Kubussen\"}]},{\"@type\":\"WebSite\",\"@id\":\"https:\/\/www.purepack.nl\/nl_nl\/#website\",\"url\":\"https:\/\/www.purepack.nl\/nl_nl\/\",\"name\":\"PurePack\",\"description\":\"De toekomstbestendige samenwerkingspartner voor verpakkingen\",\"publisher\":{\"@id\":\"https:\/\/www.purepack.nl\/nl_nl\/#organization\"},\"potentialAction\":[{\"@type\":\"SearchAction\",\"target\":{\"@type\":\"EntryPoint\",\"urlTemplate\":\"https:\/\/www.purepack.nl\/nl_nl\/?s={search_term_string}\"},\"query-input\":{\"@type\":\"PropertyValueSpecification\",\"valueRequired\":true,\"valueName\":\"search_term_string\"}}],\"inLanguage\":\"da-DK\"},{\"@type\":\"Organization\",\"@id\":\"https:\/\/www.purepack.nl\/nl_nl\/#organization\",\"name\":\"PurePack\",\"url\":\"https:\/\/www.purepack.nl\/nl_nl\/\",\"logo\":{\"@type\":\"ImageObject\",\"inLanguage\":\"da-DK\",\"@id\":\"https:\/\/www.purepack.nl\/nl_nl\/#\/schema\/logo\/image\/\",\"url\":\"https:\/\/www.purepack.nl\/wp-content\/uploads\/2023\/12\/LOGO.webp\",\"contentUrl\":\"https:\/\/www.purepack.nl\/wp-content\/uploads\/2023\/12\/LOGO.webp\",\"width\":394,\"height\":96,\"caption\":\"PurePack\"},\"image\":{\"@id\":\"https:\/\/www.purepack.nl\/nl_nl\/#\/schema\/logo\/image\/\"},\"sameAs\":[\"https:\/\/www.facebook.com\/p\/purepacknl-100054220551291\/?_rdr\",\"https:\/\/nl.linkedin.com\/company\/purepack\",\"https:\/\/www.instagram.com\/purepack.nl\/\"]}]}<\/script>\n<!-- \/ Yoast SEO plugin. -->","yoast_head_json":{"title":"Terninger med m\u00e5l for b\u00e6redygtig udvikling | PurePack BV","description":"Sustainable Development Goals terninger","robots":{"index":"index","follow":"follow","max-snippet":"max-snippet:-1","max-image-preview":"max-image-preview:large","max-video-preview":"max-video-preview:-1"},"canonical":"https:\/\/www.purepack.nl\/da\/terninger-med-mal-for-baeredygtig-udvikling\/","og_locale":"da_DK","og_type":"article","og_title":"Sustainabel Development Goals Kubussen | PurePack BV","og_description":"Sustainable Development Goals Kubussen","og_url":"https:\/\/www.purepack.nl\/da\/terninger-med-mal-for-baeredygtig-udvikling\/","og_site_name":"PurePack","article_publisher":"https:\/\/www.facebook.com\/p\/purepacknl-100054220551291\/?_rdr","article_modified_time":"2025-11-14T10:20:01+00:00","og_image":[{"width":630,"height":630,"url":"https:\/\/www.purepack.nl\/wp-content\/uploads\/2024\/07\/terning-17verdensmaal_til-web_kvadratisk-586d4664.webp","type":"image\/webp"}],"twitter_card":"summary_large_image","twitter_misc":{"Estimeret l\u00e6setid":"5 minutter"},"schema":{"@context":"https:\/\/schema.org","@graph":[{"@type":"WebPage","@id":"https:\/\/www.purepack.nl\/sustainable-development-goals-kubussen\/","url":"https:\/\/www.purepack.nl\/sustainable-development-goals-kubussen\/","name":"Terninger med m\u00e5l for b\u00e6redygtig udvikling | PurePack BV","isPartOf":{"@id":"https:\/\/www.purepack.nl\/nl_nl\/#website"},"primaryImageOfPage":{"@id":"https:\/\/www.purepack.nl\/sustainable-development-goals-kubussen\/#primaryimage"},"image":{"@id":"https:\/\/www.purepack.nl\/sustainable-development-goals-kubussen\/#primaryimage"},"thumbnailUrl":"https:\/\/www.purepack.nl\/wp-content\/uploads\/2024\/07\/terning-17verdensmaal_til-web_kvadratisk-586d4664.webp","datePublished":"2024-11-08T08:48:06+00:00","dateModified":"2025-11-14T10:20:01+00:00","description":"Sustainable Development Goals terninger","breadcrumb":{"@id":"https:\/\/www.purepack.nl\/sustainable-development-goals-kubussen\/#breadcrumb"},"inLanguage":"da-DK","potentialAction":[{"@type":"ReadAction","target":["https:\/\/www.purepack.nl\/sustainable-development-goals-kubussen\/"]}]},{"@type":"ImageObject","inLanguage":"da-DK","@id":"https:\/\/www.purepack.nl\/sustainable-development-goals-kubussen\/#primaryimage","url":"https:\/\/www.purepack.nl\/wp-content\/uploads\/2024\/07\/terning-17verdensmaal_til-web_kvadratisk-586d4664.webp","contentUrl":"https:\/\/www.purepack.nl\/wp-content\/uploads\/2024\/07\/terning-17verdensmaal_til-web_kvadratisk-586d4664.webp","width":630,"height":630,"caption":"Sustainable Development Goals kubussen gekleurd."},{"@type":"BreadcrumbList","@id":"https:\/\/www.purepack.nl\/sustainable-development-goals-kubussen\/#breadcrumb","itemListElement":[{"@type":"ListItem","position":1,"name":"Home","item":"https:\/\/www.purepack.nl\/"},{"@type":"ListItem","position":2,"name":"Sustainable Development Goals Kubussen"}]},{"@type":"WebSite","@id":"https:\/\/www.purepack.nl\/nl_nl\/#website","url":"https:\/\/www.purepack.nl\/nl_nl\/","name":"PurePack,","description":"De toekomstbestendige samenwerkingspartner voor verpakkingen","publisher":{"@id":"https:\/\/www.purepack.nl\/nl_nl\/#organization"},"potentialAction":[{"@type":"SearchAction","target":{"@type":"EntryPoint","urlTemplate":"https:\/\/www.purepack.nl\/nl_nl\/?s={search_term_string}"},"query-input":{"@type":"PropertyValueSpecification","valueRequired":true,"valueName":"search_term_string"}}],"inLanguage":"da-DK"},{"@type":"Organization","@id":"https:\/\/www.purepack.nl\/nl_nl\/#organization","name":"PurePack,","url":"https:\/\/www.purepack.nl\/nl_nl\/","logo":{"@type":"ImageObject","inLanguage":"da-DK","@id":"https:\/\/www.purepack.nl\/nl_nl\/#\/schema\/logo\/image\/","url":"https:\/\/www.purepack.nl\/wp-content\/uploads\/2023\/12\/LOGO.webp","contentUrl":"https:\/\/www.purepack.nl\/wp-content\/uploads\/2023\/12\/LOGO.webp","width":394,"height":96,"caption":"PurePack"},"image":{"@id":"https:\/\/www.purepack.nl\/nl_nl\/#\/schema\/logo\/image\/"},"sameAs":["https:\/\/www.facebook.com\/p\/purepacknl-100054220551291\/?_rdr","https:\/\/nl.linkedin.com\/company\/purepack","https:\/\/www.instagram.com\/purepack.nl\/"]}]}},"_links":{"self":[{"href":"https:\/\/www.purepack.nl\/da\/wp-json\/wp\/v2\/pages\/4321","targetHints":{"allow":["GET"]}}],"collection":[{"href":"https:\/\/www.purepack.nl\/da\/wp-json\/wp\/v2\/pages"}],"about":[{"href":"https:\/\/www.purepack.nl\/da\/wp-json\/wp\/v2\/types\/page"}],"author":[{"embeddable":true,"href":"https:\/\/www.purepack.nl\/da\/wp-json\/wp\/v2\/users\/1"}],"replies":[{"embeddable":true,"href":"https:\/\/www.purepack.nl\/da\/wp-json\/wp\/v2\/comments?post=4321"}],"version-history":[{"count":13,"href":"https:\/\/www.purepack.nl\/da\/wp-json\/wp\/v2\/pages\/4321\/revisions"}],"predecessor-version":[{"id":7844,"href":"https:\/\/www.purepack.nl\/da\/wp-json\/wp\/v2\/pages\/4321\/revisions\/7844"}],"wp:featuredmedia":[{"embeddable":true,"href":"https:\/\/www.purepack.nl\/da\/wp-json\/wp\/v2\/media\/2599"}],"wp:attachment":[{"href":"https:\/\/www.purepack.nl\/da\/wp-json\/wp\/v2\/media?parent=4321"}],"curies":[{"name":"wp","href":"https:\/\/api.w.org\/{rel}","templated":true}]}}