{"id":4237,"date":"2024-11-07T08:34:24","date_gmt":"2024-11-07T08:34:24","guid":{"rendered":"https:\/\/www.purepack.nl\/?page_id=4237"},"modified":"2025-05-15T08:32:41","modified_gmt":"2025-05-15T08:32:41","slug":"emballage-til-produkter-til-personlig-pleje","status":"publish","type":"page","link":"https:\/\/www.purepack.nl\/da\/emballage-til-produkter-til-personlig-pleje\/","title":{"rendered":"Emballage til produkter til personlig pleje"},"content":{"rendered":"<h1>Emballage til personlig pleje<\/h1>\n<h2>Naturlige, b\u00e6redygtige og veganske emballage\u00e6sker til kosmetik og produkter til personlig pleje i forskellige b\u00e6redygtige kvaliteter:<\/h2>\n<ul>\n<li>Vegansk og grusomhedsfri<\/li>\n<li>Cirkul\u00e6rt produkt: komposterbart og genanvendeligt<\/li>\n<li>Trykfarve uden mineralsk olie<\/li>\n<li>CO2 neutral produktion<\/li>\n<li>Bidrager til de 17 verdensm\u00e5l<\/li>\n<li>FSC certificeret fra b\u00e6redygtigt skovbrug<\/li>\n<li>PaperWise, materiale fra landbrugsaffald<\/li>\n<\/ul>\n<h2>B\u00e6redygtige luksus\u00e6sker af karton til kosmetik og produkter til personlig pleje<br \/>\n<\/h2>\n<h2>\u00d8kologisk papemballage til produkter til personlig pleje<\/h2>\n<h2>Leder du efter en stilfuld, b\u00e6redygtig, vegansk og biologisk nedbrydelig eller genanvendelig luksus\u00e6ske eller sleeve til din kosmetik eller dine personlige plejeprodukter?\u00a0<\/h2>\n<p>Detail- og luksus\u00e6sker skal kunne forlede kunden til at k\u00f8be netop dit produkt! Det betyder, at designet og kvaliteten af de trykte kosmetik\u00e6sker eller \u00e6sker til personlig pleje produkter, er en meget vigtig del af beslutningsprocessen. Look and feel skal h\u00e6nge sammen. Et st\u00e6rkt design sammen met en b\u00e6redygtig luksus\u00e6ske forst\u00e6rker den positive f\u00f8lelse omkring produktet, m\u00e6rket og genkendeligheden. Dette fremmer mere salg og forst\u00e6rker loyaliteten hos k\u00f8beren.<\/p>\n<p>Derudover er det vigtigt at sikre, at produkterne f\u00e5r den n\u00f8dvendige beskyttelse for at undg\u00e5 utilfredse kunder og returnerede varer.<\/p>\n<p>Vi har erfaring med kosmetikemballage og \u00e6sker til personlig plejeprodukter, inklusiv forskellige typer indl\u00e6g, der giver pr\u00e6cis den ekstra beskyttelse, dit produkt har brug for.<\/p>\n<p>Vi deler gerne vores viden og erfaring med emballering af personlig plejeprodukter med jer, s\u00e5 I ogs\u00e5 gennem emballagen kan bidrage til en lavere CO2-udledning og en no waste-samfund.<\/p>\n<h2>B\u00e6redygtig karton emballage<\/h2>\n<p>Med vores smukt designede CO2-neutrale pap\u00e6rmer og \u00e6sker f\u00e5r jeres plejeprodukter den beskyttelse, de har brug for. Det er ogs\u00e5 vigtigt at vide, at i hele emballageprocessen for personlig plejeprodukter og for hver eneste r\u00e5vare, vi bruger, prioriteres ansvarlig oprindelse samt hensyn til mennesker, dyr og allergier h\u00f8jt.<\/p>\n<p>Vores cirkul\u00e6re og skr\u00e6ddersyede trykte emballage til personlige plejeprodukter f\u00e5s som \u00e6sker, st\u00e5ende emballage, h\u00e6nge\u00e6sker, sleeves og indl\u00e6g. Derudover er det muligt at tilpasse dimensionerne efter jeres \u00f8nsker. P\u00e5 den m\u00e5de arbejder vi sammen om at pakke og beskytte jeres produkter p\u00e5 en flot m\u00e5de. Vi t\u00e6nker selvf\u00f8lgelig ogs\u00e5 med p\u00e5 det rette udtryk for jeres emballage. Smukt for naturen og smukt at se p\u00e5.\u00a0<\/p>\n<p>\t\t\t\t\t\t\t\t\t\t\t\t\t<img loading=\"lazy\" decoding=\"async\" width=\"640\" height=\"480\" src=\"https:\/\/www.purepack.nl\/wp-content\/uploads\/2025\/05\/Food_for_skin_Verpakking.png\" alt=\"\" srcset=\"https:\/\/i0.wp.com\/purepack.nl\/wp-content\/uploads\/2025\/05\/Food_for_skin_Verpakking.png?w=640&amp;ssl=1 640w, https:\/\/i0.wp.com\/purepack.nl\/wp-content\/uploads\/2025\/05\/Food_for_skin_Verpakking.png?resize=300%2C225&amp;ssl=1 300w, https:\/\/i0.wp.com\/purepack.nl\/wp-content\/uploads\/2025\/05\/Food_for_skin_Verpakking.png?resize=16%2C12&amp;ssl=1 16w, https:\/\/i0.wp.com\/purepack.nl\/wp-content\/uploads\/2025\/05\/Food_for_skin_Verpakking.png?resize=600%2C450&amp;ssl=1 600w\" sizes=\"auto, (max-width: 640px) 100vw, 640px\" \/>\t\t\t\t\t\t\t\t\t\t\t\t\t\t\t\t\t\t\t\t\t<a role=\"button\"><br \/>\n\t\t\t\t\t\t\t\t\tAnmod om tilbud<br \/>\n\t\t\t\t\t<\/a><\/p>","protected":false},"excerpt":{"rendered":"<p>Emballage til produkter til personlig pleje | PurePack BV<\/p>\n<p>Leder du efter b\u00e6redygtig, vegansk og dyrefri papemballage til dine produkter til personlig pleje? Med vores smukt designede CO2-neutrale paphylstre og -\u00e6sker f\u00e5r dine personlige plejeprodukter den beskyttelse, de har brug for: Den naturlige emballage beskytter og er allergifri.<\/p>","protected":false},"author":1,"featured_media":2154,"parent":0,"menu_order":0,"comment_status":"closed","ping_status":"closed","template":"","meta":{"_acf_changed":false,"footnotes":""},"class_list":["post-4237","page","type-page","status-publish","has-post-thumbnail","hentry"],"acf":[],"yoast_head":"<!-- This site is optimized with the Yoast SEO plugin v26.5 - https:\/\/yoast.com\/wordpress\/plugins\/seo\/ -->\n<title>Verpakkingen voor persoonlijke verzorgingsproducten | PurePack BV<\/title>\n<meta name=\"description\" content=\"Op zoek naar duurzame, vegan en dierproefvrije kartonnen verpakkingen voor jullie persoonlijke verzorgingsproducten? Met onze mooi vormgegeven CO2 neutrale kartonnen sleeves en dozen krijgen jullie verzorgingsproducten de bescherming die ze nodig hebben: de natuurlijke verpakkingen beschermen en zijn allergie vrij.\" \/>\n<meta name=\"robots\" content=\"index, follow, max-snippet:-1, max-image-preview:large, max-video-preview:-1\" \/>\n<link rel=\"canonical\" href=\"https:\/\/www.purepack.nl\/da\/nl_nl\/emballage-til-produkter-til-personlig-pleje\/\" \/>\n<meta property=\"og:locale\" content=\"da_DK\" \/>\n<meta property=\"og:type\" content=\"article\" \/>\n<meta property=\"og:title\" content=\"Verpakkingen voor persoonlijke verzorgingsproducten | PurePack BV\" \/>\n<meta property=\"og:description\" content=\"Op zoek naar duurzame, vegan en dierproefvrije kartonnen verpakkingen voor jullie persoonlijke verzorgingsproducten? Met onze mooi vormgegeven CO2 neutrale kartonnen sleeves en dozen krijgen jullie verzorgingsproducten de bescherming die ze nodig hebben: de natuurlijke verpakkingen beschermen en zijn allergie vrij.\" \/>\n<meta property=\"og:url\" content=\"https:\/\/www.purepack.nl\/da\/nl_nl\/emballage-til-produkter-til-personlig-pleje\/\" \/>\n<meta property=\"og:site_name\" content=\"PurePack\" \/>\n<meta property=\"article:publisher\" content=\"https:\/\/www.facebook.com\/p\/purepacknl-100054220551291\/?_rdr\" \/>\n<meta property=\"article:modified_time\" content=\"2025-05-15T08:32:41+00:00\" \/>\n<meta property=\"og:image\" content=\"https:\/\/www.purepack.nl\/wp-content\/uploads\/2024\/07\/image00009-e1731942650613.webp\" \/>\n\t<meta property=\"og:image:width\" content=\"828\" \/>\n\t<meta property=\"og:image:height\" content=\"731\" \/>\n\t<meta property=\"og:image:type\" content=\"image\/webp\" \/>\n<meta name=\"twitter:card\" content=\"summary_large_image\" \/>\n<meta name=\"twitter:label1\" content=\"Estimeret l\u00e6setid\" \/>\n\t<meta name=\"twitter:data1\" content=\"13 minutter\" \/>\n<script type=\"application\/ld+json\" class=\"yoast-schema-graph\">{\"@context\":\"https:\/\/schema.org\",\"@graph\":[{\"@type\":\"WebPage\",\"@id\":\"https:\/\/www.purepack.nl\/nl_nl\/verpakkingen-voor-persoonlijke-verzorgingsproducten\/\",\"url\":\"https:\/\/www.purepack.nl\/nl_nl\/verpakkingen-voor-persoonlijke-verzorgingsproducten\/\",\"name\":\"Verpakkingen voor persoonlijke verzorgingsproducten | PurePack BV\",\"isPartOf\":{\"@id\":\"https:\/\/www.purepack.nl\/nl_nl\/#website\"},\"primaryImageOfPage\":{\"@id\":\"https:\/\/www.purepack.nl\/nl_nl\/verpakkingen-voor-persoonlijke-verzorgingsproducten\/#primaryimage\"},\"image\":{\"@id\":\"https:\/\/www.purepack.nl\/nl_nl\/verpakkingen-voor-persoonlijke-verzorgingsproducten\/#primaryimage\"},\"thumbnailUrl\":\"https:\/\/www.purepack.nl\/wp-content\/uploads\/2024\/07\/image00009-e1731942650613.webp\",\"datePublished\":\"2024-11-07T08:34:24+00:00\",\"dateModified\":\"2025-05-15T08:32:41+00:00\",\"description\":\"Op zoek naar duurzame, vegan en dierproefvrije kartonnen verpakkingen voor jullie persoonlijke verzorgingsproducten? Met onze mooi vormgegeven CO2 neutrale kartonnen sleeves en dozen krijgen jullie verzorgingsproducten de bescherming die ze nodig hebben: de natuurlijke verpakkingen beschermen en zijn allergie vrij.\",\"breadcrumb\":{\"@id\":\"https:\/\/www.purepack.nl\/nl_nl\/verpakkingen-voor-persoonlijke-verzorgingsproducten\/#breadcrumb\"},\"inLanguage\":\"da-DK\",\"potentialAction\":[{\"@type\":\"ReadAction\",\"target\":[\"https:\/\/www.purepack.nl\/nl_nl\/verpakkingen-voor-persoonlijke-verzorgingsproducten\/\"]}]},{\"@type\":\"ImageObject\",\"inLanguage\":\"da-DK\",\"@id\":\"https:\/\/www.purepack.nl\/nl_nl\/verpakkingen-voor-persoonlijke-verzorgingsproducten\/#primaryimage\",\"url\":\"https:\/\/www.purepack.nl\/wp-content\/uploads\/2024\/07\/image00009-e1731942650613.webp\",\"contentUrl\":\"https:\/\/www.purepack.nl\/wp-content\/uploads\/2024\/07\/image00009-e1731942650613.webp\",\"width\":828,\"height\":731,\"caption\":\"Cradle to Cradle doos met inlay\"},{\"@type\":\"BreadcrumbList\",\"@id\":\"https:\/\/www.purepack.nl\/nl_nl\/verpakkingen-voor-persoonlijke-verzorgingsproducten\/#breadcrumb\",\"itemListElement\":[{\"@type\":\"ListItem\",\"position\":1,\"name\":\"Home\",\"item\":\"https:\/\/www.purepack.nl\/\"},{\"@type\":\"ListItem\",\"position\":2,\"name\":\"Verpakkingen voor persoonlijke verzorgingsproducten\"}]},{\"@type\":\"WebSite\",\"@id\":\"https:\/\/www.purepack.nl\/nl_nl\/#website\",\"url\":\"https:\/\/www.purepack.nl\/nl_nl\/\",\"name\":\"PurePack\",\"description\":\"De toekomstbestendige samenwerkingspartner voor verpakkingen\",\"publisher\":{\"@id\":\"https:\/\/www.purepack.nl\/nl_nl\/#organization\"},\"potentialAction\":[{\"@type\":\"SearchAction\",\"target\":{\"@type\":\"EntryPoint\",\"urlTemplate\":\"https:\/\/www.purepack.nl\/nl_nl\/?s={search_term_string}\"},\"query-input\":{\"@type\":\"PropertyValueSpecification\",\"valueRequired\":true,\"valueName\":\"search_term_string\"}}],\"inLanguage\":\"da-DK\"},{\"@type\":\"Organization\",\"@id\":\"https:\/\/www.purepack.nl\/nl_nl\/#organization\",\"name\":\"PurePack\",\"url\":\"https:\/\/www.purepack.nl\/nl_nl\/\",\"logo\":{\"@type\":\"ImageObject\",\"inLanguage\":\"da-DK\",\"@id\":\"https:\/\/www.purepack.nl\/nl_nl\/#\/schema\/logo\/image\/\",\"url\":\"https:\/\/www.purepack.nl\/wp-content\/uploads\/2023\/12\/LOGO.webp\",\"contentUrl\":\"https:\/\/www.purepack.nl\/wp-content\/uploads\/2023\/12\/LOGO.webp\",\"width\":394,\"height\":96,\"caption\":\"PurePack\"},\"image\":{\"@id\":\"https:\/\/www.purepack.nl\/nl_nl\/#\/schema\/logo\/image\/\"},\"sameAs\":[\"https:\/\/www.facebook.com\/p\/purepacknl-100054220551291\/?_rdr\",\"https:\/\/nl.linkedin.com\/company\/purepack\",\"https:\/\/www.instagram.com\/purepack.nl\/\"]}]}<\/script>\n<!-- \/ Yoast SEO plugin. -->","yoast_head_json":{"title":"Emballage til produkter til personlig pleje | PurePack BV","description":"Leder du efter b\u00e6redygtig, vegansk og dyrefri papemballage til dine produkter til personlig pleje? Med vores smukt designede CO2-neutrale paphylstre og -\u00e6sker f\u00e5r dine personlige plejeprodukter den beskyttelse, de har brug for: Den naturlige emballage beskytter og er allergifri.","robots":{"index":"index","follow":"follow","max-snippet":"max-snippet:-1","max-image-preview":"max-image-preview:large","max-video-preview":"max-video-preview:-1"},"canonical":"https:\/\/www.purepack.nl\/da\/nl_nl\/emballage-til-produkter-til-personlig-pleje\/","og_locale":"da_DK","og_type":"article","og_title":"Verpakkingen voor persoonlijke verzorgingsproducten | PurePack BV","og_description":"Op zoek naar duurzame, vegan en dierproefvrije kartonnen verpakkingen voor jullie persoonlijke verzorgingsproducten? Met onze mooi vormgegeven CO2 neutrale kartonnen sleeves en dozen krijgen jullie verzorgingsproducten de bescherming die ze nodig hebben: de natuurlijke verpakkingen beschermen en zijn allergie vrij.","og_url":"https:\/\/www.purepack.nl\/da\/nl_nl\/emballage-til-produkter-til-personlig-pleje\/","og_site_name":"PurePack","article_publisher":"https:\/\/www.facebook.com\/p\/purepacknl-100054220551291\/?_rdr","article_modified_time":"2025-05-15T08:32:41+00:00","og_image":[{"width":828,"height":731,"url":"https:\/\/www.purepack.nl\/wp-content\/uploads\/2024\/07\/image00009-e1731942650613.webp","type":"image\/webp"}],"twitter_card":"summary_large_image","twitter_misc":{"Estimeret l\u00e6setid":"13 minutter"},"schema":{"@context":"https:\/\/schema.org","@graph":[{"@type":"WebPage","@id":"https:\/\/www.purepack.nl\/nl_nl\/verpakkingen-voor-persoonlijke-verzorgingsproducten\/","url":"https:\/\/www.purepack.nl\/nl_nl\/verpakkingen-voor-persoonlijke-verzorgingsproducten\/","name":"Emballage til produkter til personlig pleje | PurePack BV","isPartOf":{"@id":"https:\/\/www.purepack.nl\/nl_nl\/#website"},"primaryImageOfPage":{"@id":"https:\/\/www.purepack.nl\/nl_nl\/verpakkingen-voor-persoonlijke-verzorgingsproducten\/#primaryimage"},"image":{"@id":"https:\/\/www.purepack.nl\/nl_nl\/verpakkingen-voor-persoonlijke-verzorgingsproducten\/#primaryimage"},"thumbnailUrl":"https:\/\/www.purepack.nl\/wp-content\/uploads\/2024\/07\/image00009-e1731942650613.webp","datePublished":"2024-11-07T08:34:24+00:00","dateModified":"2025-05-15T08:32:41+00:00","description":"Leder du efter b\u00e6redygtig, vegansk og dyrefri papemballage til dine produkter til personlig pleje? Med vores smukt designede CO2-neutrale paphylstre og -\u00e6sker f\u00e5r dine personlige plejeprodukter den beskyttelse, de har brug for: Den naturlige emballage beskytter og er allergifri.","breadcrumb":{"@id":"https:\/\/www.purepack.nl\/nl_nl\/verpakkingen-voor-persoonlijke-verzorgingsproducten\/#breadcrumb"},"inLanguage":"da-DK","potentialAction":[{"@type":"ReadAction","target":["https:\/\/www.purepack.nl\/nl_nl\/verpakkingen-voor-persoonlijke-verzorgingsproducten\/"]}]},{"@type":"ImageObject","inLanguage":"da-DK","@id":"https:\/\/www.purepack.nl\/nl_nl\/verpakkingen-voor-persoonlijke-verzorgingsproducten\/#primaryimage","url":"https:\/\/www.purepack.nl\/wp-content\/uploads\/2024\/07\/image00009-e1731942650613.webp","contentUrl":"https:\/\/www.purepack.nl\/wp-content\/uploads\/2024\/07\/image00009-e1731942650613.webp","width":828,"height":731,"caption":"Cradle to Cradle doos met inlay"},{"@type":"BreadcrumbList","@id":"https:\/\/www.purepack.nl\/nl_nl\/verpakkingen-voor-persoonlijke-verzorgingsproducten\/#breadcrumb","itemListElement":[{"@type":"ListItem","position":1,"name":"Home","item":"https:\/\/www.purepack.nl\/"},{"@type":"ListItem","position":2,"name":"Verpakkingen voor persoonlijke verzorgingsproducten"}]},{"@type":"WebSite","@id":"https:\/\/www.purepack.nl\/nl_nl\/#website","url":"https:\/\/www.purepack.nl\/nl_nl\/","name":"PurePack,","description":"De toekomstbestendige samenwerkingspartner voor verpakkingen","publisher":{"@id":"https:\/\/www.purepack.nl\/nl_nl\/#organization"},"potentialAction":[{"@type":"SearchAction","target":{"@type":"EntryPoint","urlTemplate":"https:\/\/www.purepack.nl\/nl_nl\/?s={search_term_string}"},"query-input":{"@type":"PropertyValueSpecification","valueRequired":true,"valueName":"search_term_string"}}],"inLanguage":"da-DK"},{"@type":"Organization","@id":"https:\/\/www.purepack.nl\/nl_nl\/#organization","name":"PurePack,","url":"https:\/\/www.purepack.nl\/nl_nl\/","logo":{"@type":"ImageObject","inLanguage":"da-DK","@id":"https:\/\/www.purepack.nl\/nl_nl\/#\/schema\/logo\/image\/","url":"https:\/\/www.purepack.nl\/wp-content\/uploads\/2023\/12\/LOGO.webp","contentUrl":"https:\/\/www.purepack.nl\/wp-content\/uploads\/2023\/12\/LOGO.webp","width":394,"height":96,"caption":"PurePack"},"image":{"@id":"https:\/\/www.purepack.nl\/nl_nl\/#\/schema\/logo\/image\/"},"sameAs":["https:\/\/www.facebook.com\/p\/purepacknl-100054220551291\/?_rdr","https:\/\/nl.linkedin.com\/company\/purepack","https:\/\/www.instagram.com\/purepack.nl\/"]}]}},"_links":{"self":[{"href":"https:\/\/www.purepack.nl\/da\/wp-json\/wp\/v2\/pages\/4237","targetHints":{"allow":["GET"]}}],"collection":[{"href":"https:\/\/www.purepack.nl\/da\/wp-json\/wp\/v2\/pages"}],"about":[{"href":"https:\/\/www.purepack.nl\/da\/wp-json\/wp\/v2\/types\/page"}],"author":[{"embeddable":true,"href":"https:\/\/www.purepack.nl\/da\/wp-json\/wp\/v2\/users\/1"}],"replies":[{"embeddable":true,"href":"https:\/\/www.purepack.nl\/da\/wp-json\/wp\/v2\/comments?post=4237"}],"version-history":[{"count":0,"href":"https:\/\/www.purepack.nl\/da\/wp-json\/wp\/v2\/pages\/4237\/revisions"}],"wp:featuredmedia":[{"embeddable":true,"href":"https:\/\/www.purepack.nl\/da\/wp-json\/wp\/v2\/media\/2154"}],"wp:attachment":[{"href":"https:\/\/www.purepack.nl\/da\/wp-json\/wp\/v2\/media?parent=4237"}],"curies":[{"name":"wp","href":"https:\/\/api.w.org\/{rel}","templated":true}]}}