{"id":1090,"date":"2024-04-08T13:41:11","date_gmt":"2024-04-08T13:41:11","guid":{"rendered":"https:\/\/www.purepack.nl\/?page_id=1090"},"modified":"2025-05-12T07:41:49","modified_gmt":"2025-05-12T07:41:49","slug":"leveringsspecifikationer","status":"publish","type":"page","link":"https:\/\/www.purepack.nl\/da\/leveringsspecifikationer\/","title":{"rendered":"Leveringsspecifikationer"},"content":{"rendered":"<h2>Leveringsspecifikationer trykklare filer<\/h2>\n<h2>Hvordan leverer du dine trykklare filer?<\/h2>\n<p>En trykklar fil er en l\u00e5st fil, der ikke beh\u00f8ver bearbejdning for at blive trykt. Det vil sige, at tekst, billeder og \u00f8vrige elementer bliver, som de ser ud i trykfilen. Hos PurePack g\u00f8r vi alt hvad vi kan for at levere det bedste resultat af jeres bestilte emballage. At sende os de rette trykklare filer spiller en store rolle i denne proces.  Vi har derfor opstillet en r\u00e6kke vigtige punkter som vi beder jer v\u00e6re ekstra opm\u00e6rksomme p\u00e5. Udover de generelle punkter har vi ogs\u00e5 beskrevet en r\u00e6kke specifikationer pr. produkt.\u00a0<\/p>\n<h2>\u00a0<\/h2>\n<h2>Generelt<\/h2>\n<p>PurePack arbejder med forskellige leverand\u00f8rer og arbejder derfor med forskellige trykteknikker. Det kan derfore forekomme at vi beder dig levere forskellige trykklare filer.<\/p>\n<p>V\u00e6re venligst opm\u00e6rksom p\u00e5:<\/p>\n<p>\u2713 PurePack kontrollerer ikke, om grafikken i layoutet som tilsendes er korrekt. Kunden eller designeren er selv ansvarlig for at sende os de rette trykklare filer.<\/p>\n<p>\u2713 PurePack kontrollerer ikke for stavefejl og foretager ingen \u00e6ndringer i tilsendte filer. Erfaringen har l\u00e6rt os, at dette kan f\u00f8re til un\u00f8dvendige fejl, forsinkelser eller spild.<\/p>\n<p>\u2713 Et par tips: Inden du sender os dine trykklare filer, kontroll\u00e9r for stavefejl, tryk p\u00e5 ikke-synlige dele, farve\u00e6ndringer og overl\u00f8b.<\/p>\n<p>\u00a0<\/p>\n<h2>Stanstegningen<\/h2>\n<p>Til de fleste produkter leverer vi en stanstegning:<\/p>\n<p>\u2713 Lev\u00e9r designet i denne; fjern eller juster ikke noget fra den originale tilsendte stanstegning.<\/p>\n<p>\u2713 Gennemsigtigt vindue, et lak- eller primerlag og lign. bedes du gemme i en anden farve og som et ekstra lag, hvis du ikke vil have dette tryk p\u00e5 din emballage .\u00a0\u00a0\u00a0\u00a0<\/p>\n<p>\u00a0<\/p>\n<h2>Levering af trykklare filer<\/h2>\n<p>For at sikre, at tryksagen er af den bedste kvalitet og lever op til dine forventninger, er der nedenfor en oversigt over, hvordan trykfilerne skal leveres. P\u00e5 den m\u00e5de forhindrer vi un\u00f8digt tab af tid, fejl og spild.<\/p>\n<p>Trykprocessen er og forbliver en f\u00f8lsom proces. Det er derfor muligt, at vi beder dig om at justere noget i designet, p\u00e5 trods af nedenst\u00e5ende specifikationer. Det g\u00f8r vi for at skabe det bedste resultat for dig!<\/p>\n<p>\u00a0<\/p>\n<h2>Tilsend trykklare filer<\/h2>\n<p>Send de trykklare filer med WeTransfer til info@purepack.nl<\/p>\n<p>\u00a0<\/p>\n<h2>Leveringsspecifikationer trykklare filer<\/h2>\n<h3>Folde\u00e6sker, sleeve og indl\u00e6gskort:<\/h3>\n<p>\u2713    Indsend design som PDF-fil i tilsendte stanstegning<\/p>\n<p>\u2713    Formateret I CMYK \/ full colour. V\u00e6r opm\u00e6rksom p\u00e5 den bestr\u00f8gede og ubestr\u00f8gede side af kartonnen.<\/p>\n<p>\u2713    3 mm ekstra overl\u00f8b til besk\u00e6ringskanten (bleed)<\/p>\n<p>\u2713    Ingen farve p\u00e5 limklappen<\/p>\n<p>\u2713    Ved flere designs eller tryk p\u00e5 begge sider: send hver side og hvert desigsn individuelt som PDF-fil<\/p>\n<p>\u2713\u00a0 \u00a0 Indsend for- og bagside individuelt<\/p>\n<p>\u2713    Placer markeringsstreger eller prikker p\u00e5 hj\u00f8rnerne<\/p>\n<p>\u2713\u00a0 \u00a0 Download farveprofilen nederst p\u00e5 denne side<\/p>\n<p>\u00a0\u00a0<\/p>\n<h3>B\u00f8lgepap kasser, \u00e6sker og indl\u00e6g:<\/h3>\n<p>\u2713    Indsend design i AI. Fil og PDF-fil i tilsendte stanstegning<\/p>\n<p>\u2713\u00a0\u00a0  AI. fil og HR PDF-filer<\/p>\n<p>\u2713    Trykkes I CMYK \/ full colour<\/p>\n<p>\u2713    5 mm overl\u00f8b<\/p>\n<p>\u2713    Indsend hvert design individuelt<\/p>\n<p>\u2713    Indsend for- og bagside individuelt ved laminering eller print p\u00e5 2 sider<\/p>\n<p>\u2713    Importer billeder og tekster<\/p>\n<p>\u2713    Gem tekster som konturer<\/p>\n<p>\u00a0<\/p>\n<h3>Digital tryk af b\u00f8lgepap kasser, \u00e6sker og indl\u00e6g:<\/h3>\n<p>\u2713    Indsend design i AI. Fil og PDF-fil i tilsendte stanstegning<\/p>\n<p>\u2713\u00a0\u00a0  AI. fil og HR PDF-filer<\/p>\n<p>\u2713    Formateret i PMS UNCOATED, n\u00e5r der trykkes med 1 farve<\/p>\n<p>\u2713    Hold 5 mm af den udstansede kant fri hele vejen rundt<\/p>\n<p>\u2713    Indsend hvert design individuelt<\/p>\n<p>\u2713    Indsend for- og bagside individuelt ved digital tryk af 2 sider<\/p>\n<p>\u2713    Importer billeder og tekster<\/p>\n<p>\u2713    Gem tekster som konturer<\/p>\n<p>\u00a0<\/p>\n<h3>Fr\u00f8papir<\/h3>\n<p>\u2713    Design formateret i vektor .AI (Adobe Illustrator) .EPS og printklare PDF-filer.<\/p>\n<p>\u2713    Hold 5 mm fra kanten hele vejen rundt<\/p>\n<p>\u2713    Ikke muligt med fuldt overfladetryk<\/p>\n<p>\u2713    Trykkes I CMYK \/ full colour<\/p>\n<p>\u00a0<\/p>\n<h3>Lamineret folie:<\/h3>\n<p>\u2713    Design lavet i AI. fil<\/p>\n<p>\u2713    Design lavet i AI. phil<\/p>\n<p>\u2713    Trykkes i CMYK \/ Full colour, eller PMS farver. Muligt op til 8 farver<\/p>\n<p>\u2713    Importer billeder og tekster<\/p>\n<p>\u2713    Gem tekster som konturer<\/p>\n<p>\u2713    3 mm ekstra overl\u00f8b til besk\u00e6ringskanten (bleed)<\/p>","protected":false},"excerpt":{"rendered":"<p>S\u00e5dan leverer du trykt materiale for at f\u00e5 de bedste resultater | PurePack<\/p>\n<p>I vores leveringsspecifikationer for tryksager kan du l\u00e6se, hvordan du leverer tryksager for at f\u00e5 det bedste resultat. B\u00e6redygtigt tryk p\u00e5 pap og papir. Hurtig levering.<\/p>","protected":false},"author":1,"featured_media":0,"parent":0,"menu_order":0,"comment_status":"closed","ping_status":"open","template":"","meta":{"_acf_changed":false,"footnotes":""},"class_list":["post-1090","page","type-page","status-publish","hentry"],"acf":[],"yoast_head":"<!-- This site is optimized with the Yoast SEO plugin v26.5 - https:\/\/yoast.com\/wordpress\/plugins\/seo\/ -->\n<title>Hoe lever je drukwerk aan voor het beste resultaat? | PurePack<\/title>\n<meta name=\"description\" content=\"In onze aanleverspecificaties voor drukwerk lees je hoe je drukwerk aanlevert voor het beste resultaat. Duurzaam drukwerk op oa karton &amp; papier. Snel geleverd.\" \/>\n<meta name=\"robots\" content=\"index, follow, max-snippet:-1, max-image-preview:large, max-video-preview:-1\" \/>\n<link rel=\"canonical\" href=\"https:\/\/www.purepack.nl\/da\/nl_nl\/leveringsspecifikationer\/\" \/>\n<meta property=\"og:locale\" content=\"da_DK\" \/>\n<meta property=\"og:type\" content=\"article\" \/>\n<meta property=\"og:title\" content=\"Hoe lever je drukwerk aan voor het beste resultaat? | PurePack\" \/>\n<meta property=\"og:description\" content=\"In onze aanleverspecificaties voor drukwerk lees je hoe je drukwerk aanlevert voor het beste resultaat. Duurzaam drukwerk op oa karton &amp; papier. Snel geleverd.\" \/>\n<meta property=\"og:url\" content=\"https:\/\/www.purepack.nl\/da\/nl_nl\/leveringsspecifikationer\/\" \/>\n<meta property=\"og:site_name\" content=\"PurePack\" \/>\n<meta property=\"article:publisher\" content=\"https:\/\/www.facebook.com\/p\/purepacknl-100054220551291\/?_rdr\" \/>\n<meta property=\"article:modified_time\" content=\"2025-05-12T07:41:49+00:00\" \/>\n<meta name=\"twitter:card\" content=\"summary_large_image\" \/>\n<meta name=\"twitter:label1\" content=\"Estimeret l\u00e6setid\" \/>\n\t<meta name=\"twitter:data1\" content=\"3 minutter\" \/>\n<script type=\"application\/ld+json\" class=\"yoast-schema-graph\">{\"@context\":\"https:\/\/schema.org\",\"@graph\":[{\"@type\":\"WebPage\",\"@id\":\"https:\/\/www.purepack.nl\/nl_nl\/aanleverspecificaties\/\",\"url\":\"https:\/\/www.purepack.nl\/nl_nl\/aanleverspecificaties\/\",\"name\":\"Hoe lever je drukwerk aan voor het beste resultaat? | PurePack\",\"isPartOf\":{\"@id\":\"https:\/\/www.purepack.nl\/nl_nl\/#website\"},\"datePublished\":\"2024-04-08T13:41:11+00:00\",\"dateModified\":\"2025-05-12T07:41:49+00:00\",\"description\":\"In onze aanleverspecificaties voor drukwerk lees je hoe je drukwerk aanlevert voor het beste resultaat. Duurzaam drukwerk op oa karton & papier. Snel geleverd.\",\"breadcrumb\":{\"@id\":\"https:\/\/www.purepack.nl\/nl_nl\/aanleverspecificaties\/#breadcrumb\"},\"inLanguage\":\"da-DK\",\"potentialAction\":[{\"@type\":\"ReadAction\",\"target\":[\"https:\/\/www.purepack.nl\/nl_nl\/aanleverspecificaties\/\"]}]},{\"@type\":\"BreadcrumbList\",\"@id\":\"https:\/\/www.purepack.nl\/nl_nl\/aanleverspecificaties\/#breadcrumb\",\"itemListElement\":[{\"@type\":\"ListItem\",\"position\":1,\"name\":\"Home\",\"item\":\"https:\/\/www.purepack.nl\/\"},{\"@type\":\"ListItem\",\"position\":2,\"name\":\"aanleverspecificaties\"}]},{\"@type\":\"WebSite\",\"@id\":\"https:\/\/www.purepack.nl\/nl_nl\/#website\",\"url\":\"https:\/\/www.purepack.nl\/nl_nl\/\",\"name\":\"PurePack\",\"description\":\"De toekomstbestendige samenwerkingspartner voor verpakkingen\",\"publisher\":{\"@id\":\"https:\/\/www.purepack.nl\/nl_nl\/#organization\"},\"potentialAction\":[{\"@type\":\"SearchAction\",\"target\":{\"@type\":\"EntryPoint\",\"urlTemplate\":\"https:\/\/www.purepack.nl\/nl_nl\/?s={search_term_string}\"},\"query-input\":{\"@type\":\"PropertyValueSpecification\",\"valueRequired\":true,\"valueName\":\"search_term_string\"}}],\"inLanguage\":\"da-DK\"},{\"@type\":\"Organization\",\"@id\":\"https:\/\/www.purepack.nl\/nl_nl\/#organization\",\"name\":\"PurePack\",\"url\":\"https:\/\/www.purepack.nl\/nl_nl\/\",\"logo\":{\"@type\":\"ImageObject\",\"inLanguage\":\"da-DK\",\"@id\":\"https:\/\/www.purepack.nl\/nl_nl\/#\/schema\/logo\/image\/\",\"url\":\"https:\/\/www.purepack.nl\/wp-content\/uploads\/2023\/12\/LOGO.webp\",\"contentUrl\":\"https:\/\/www.purepack.nl\/wp-content\/uploads\/2023\/12\/LOGO.webp\",\"width\":394,\"height\":96,\"caption\":\"PurePack\"},\"image\":{\"@id\":\"https:\/\/www.purepack.nl\/nl_nl\/#\/schema\/logo\/image\/\"},\"sameAs\":[\"https:\/\/www.facebook.com\/p\/purepacknl-100054220551291\/?_rdr\",\"https:\/\/nl.linkedin.com\/company\/purepack\",\"https:\/\/www.instagram.com\/purepack.nl\/\"]}]}<\/script>\n<!-- \/ Yoast SEO plugin. -->","yoast_head_json":{"title":"S\u00e5dan leverer du trykt materiale for at f\u00e5 de bedste resultater | PurePack","description":"I vores leveringsspecifikationer for tryksager kan du l\u00e6se, hvordan du leverer tryksager for at f\u00e5 det bedste resultat. B\u00e6redygtigt tryk p\u00e5 pap og papir. Hurtig levering.","robots":{"index":"index","follow":"follow","max-snippet":"max-snippet:-1","max-image-preview":"max-image-preview:large","max-video-preview":"max-video-preview:-1"},"canonical":"https:\/\/www.purepack.nl\/da\/nl_nl\/leveringsspecifikationer\/","og_locale":"da_DK","og_type":"article","og_title":"Hoe lever je drukwerk aan voor het beste resultaat? | PurePack","og_description":"In onze aanleverspecificaties voor drukwerk lees je hoe je drukwerk aanlevert voor het beste resultaat. Duurzaam drukwerk op oa karton & papier. Snel geleverd.","og_url":"https:\/\/www.purepack.nl\/da\/nl_nl\/leveringsspecifikationer\/","og_site_name":"PurePack","article_publisher":"https:\/\/www.facebook.com\/p\/purepacknl-100054220551291\/?_rdr","article_modified_time":"2025-05-12T07:41:49+00:00","twitter_card":"summary_large_image","twitter_misc":{"Estimeret l\u00e6setid":"3 minutter"},"schema":{"@context":"https:\/\/schema.org","@graph":[{"@type":"WebPage","@id":"https:\/\/www.purepack.nl\/nl_nl\/aanleverspecificaties\/","url":"https:\/\/www.purepack.nl\/nl_nl\/aanleverspecificaties\/","name":"S\u00e5dan leverer du trykt materiale for at f\u00e5 de bedste resultater | PurePack","isPartOf":{"@id":"https:\/\/www.purepack.nl\/nl_nl\/#website"},"datePublished":"2024-04-08T13:41:11+00:00","dateModified":"2025-05-12T07:41:49+00:00","description":"I vores leveringsspecifikationer for tryksager kan du l\u00e6se, hvordan du leverer tryksager for at f\u00e5 det bedste resultat. B\u00e6redygtigt tryk p\u00e5 pap og papir. Hurtig levering.","breadcrumb":{"@id":"https:\/\/www.purepack.nl\/nl_nl\/aanleverspecificaties\/#breadcrumb"},"inLanguage":"da-DK","potentialAction":[{"@type":"ReadAction","target":["https:\/\/www.purepack.nl\/nl_nl\/aanleverspecificaties\/"]}]},{"@type":"BreadcrumbList","@id":"https:\/\/www.purepack.nl\/nl_nl\/aanleverspecificaties\/#breadcrumb","itemListElement":[{"@type":"ListItem","position":1,"name":"Home","item":"https:\/\/www.purepack.nl\/"},{"@type":"ListItem","position":2,"name":"aanleverspecificaties"}]},{"@type":"WebSite","@id":"https:\/\/www.purepack.nl\/nl_nl\/#website","url":"https:\/\/www.purepack.nl\/nl_nl\/","name":"PurePack,","description":"De toekomstbestendige samenwerkingspartner voor verpakkingen","publisher":{"@id":"https:\/\/www.purepack.nl\/nl_nl\/#organization"},"potentialAction":[{"@type":"SearchAction","target":{"@type":"EntryPoint","urlTemplate":"https:\/\/www.purepack.nl\/nl_nl\/?s={search_term_string}"},"query-input":{"@type":"PropertyValueSpecification","valueRequired":true,"valueName":"search_term_string"}}],"inLanguage":"da-DK"},{"@type":"Organization","@id":"https:\/\/www.purepack.nl\/nl_nl\/#organization","name":"PurePack,","url":"https:\/\/www.purepack.nl\/nl_nl\/","logo":{"@type":"ImageObject","inLanguage":"da-DK","@id":"https:\/\/www.purepack.nl\/nl_nl\/#\/schema\/logo\/image\/","url":"https:\/\/www.purepack.nl\/wp-content\/uploads\/2023\/12\/LOGO.webp","contentUrl":"https:\/\/www.purepack.nl\/wp-content\/uploads\/2023\/12\/LOGO.webp","width":394,"height":96,"caption":"PurePack"},"image":{"@id":"https:\/\/www.purepack.nl\/nl_nl\/#\/schema\/logo\/image\/"},"sameAs":["https:\/\/www.facebook.com\/p\/purepacknl-100054220551291\/?_rdr","https:\/\/nl.linkedin.com\/company\/purepack","https:\/\/www.instagram.com\/purepack.nl\/"]}]}},"_links":{"self":[{"href":"https:\/\/www.purepack.nl\/da\/wp-json\/wp\/v2\/pages\/1090","targetHints":{"allow":["GET"]}}],"collection":[{"href":"https:\/\/www.purepack.nl\/da\/wp-json\/wp\/v2\/pages"}],"about":[{"href":"https:\/\/www.purepack.nl\/da\/wp-json\/wp\/v2\/types\/page"}],"author":[{"embeddable":true,"href":"https:\/\/www.purepack.nl\/da\/wp-json\/wp\/v2\/users\/1"}],"replies":[{"embeddable":true,"href":"https:\/\/www.purepack.nl\/da\/wp-json\/wp\/v2\/comments?post=1090"}],"version-history":[{"count":0,"href":"https:\/\/www.purepack.nl\/da\/wp-json\/wp\/v2\/pages\/1090\/revisions"}],"wp:attachment":[{"href":"https:\/\/www.purepack.nl\/da\/wp-json\/wp\/v2\/media?parent=1090"}],"curies":[{"name":"wp","href":"https:\/\/api.w.org\/{rel}","templated":true}]}}